{"id":128,"date":"2019-11-16T19:16:02","date_gmt":"2019-11-16T22:16:02","guid":{"rendered":"http:\/\/artglassrevest.com.br\/?page_id=128"},"modified":"2022-06-29T13:10:42","modified_gmt":"2022-06-29T16:10:42","slug":"argamassa-para-pastilhas","status":"publish","type":"page","link":"https:\/\/artglassrevest.com.br\/index.php\/argamassa-para-pastilhas\/","title":{"rendered":"Argamassa Para Pastilhas"},"content":{"rendered":"\t\t<div data-elementor-type=\"wp-page\" data-elementor-id=\"128\" class=\"elementor elementor-128\">\n\t\t\t\t\t\t<section class=\"elementor-section elementor-top-section elementor-element elementor-element-a59d420 elementor-section-boxed elementor-section-height-default elementor-section-height-default\" data-id=\"a59d420\" data-element_type=\"section\" data-e-type=\"section\">\n\t\t\t\t\t\t<div class=\"elementor-container elementor-column-gap-default\">\n\t\t\t\t\t<div class=\"elementor-column elementor-col-100 elementor-top-column elementor-element elementor-element-f917210\" data-id=\"f917210\" data-element_type=\"column\" data-e-type=\"column\">\n\t\t\t<div class=\"elementor-widget-wrap elementor-element-populated\">\n\t\t\t\t\t\t<div class=\"elementor-element elementor-element-e6432d0 elementor-widget elementor-widget-image-gallery\" data-id=\"e6432d0\" data-element_type=\"widget\" data-e-type=\"widget\" data-widget_type=\"image-gallery.default\">\n\t\t\t\t<div class=\"elementor-widget-container\">\n\t\t\t\t\t\t\t<div class=\"elementor-image-gallery\">\n\t\t\t\n\t\t<style type=\"text\/css\">\n\t\t\t#gallery-1 {\n\t\t\t\tmargin: auto;\n\t\t\t}\n\t\t\t#gallery-1 .gallery-item {\n\t\t\t\tfloat: left;\n\t\t\t\tmargin-top: 10px;\n\t\t\t\ttext-align: center;\n\t\t\t\twidth: 25%;\n\t\t\t}\n\t\t\t#gallery-1 img {\n\t\t\t\tborder: 2px solid #cfcfcf;\n\t\t\t}\n\t\t\t#gallery-1 .gallery-caption {\n\t\t\t\tmargin-left: 0;\n\t\t\t}\n\t\t\t\/* see gallery_shortcode() in wp-includes\/media.php *\/\n\t\t<\/style>\n\t\t<div id='gallery-1' class='gallery galleryid-128 gallery-columns-4 gallery-size-thumbnail'><dl class='gallery-item'>\n\t\t\t<dt class='gallery-icon portrait'>\n\t\t\t\t<a data-elementor-open-lightbox=\"yes\" data-elementor-lightbox-slideshow=\"e6432d0\" data-elementor-lightbox-title=\"Pastifix-Porcelana-e-Cer\u00e2mica\" data-e-action-hash=\"#elementor-action%3Aaction%3Dlightbox%26settings%3DeyJpZCI6MTI3LCJ1cmwiOiJodHRwczpcL1wvYXJ0Z2xhc3NyZXZlc3QuY29tLmJyXC93cC1jb250ZW50XC91cGxvYWRzXC8yMDE5XC8xMVwvUGFzdGlmaXgtUG9yY2VsYW5hLWUtQ2VyXHUwMGUybWljYS5qcGciLCJzbGlkZXNob3ciOiJlNjQzMmQwIn0%3D\" href='https:\/\/artglassrevest.com.br\/wp-content\/uploads\/2019\/11\/Pastifix-Porcelana-e-Cer\u00e2mica.jpg'><img decoding=\"async\" width=\"150\" height=\"150\" src=\"https:\/\/artglassrevest.com.br\/wp-content\/uploads\/2019\/11\/Pastifix-Porcelana-e-Cer\u00e2mica-150x150.jpg\" class=\"attachment-thumbnail size-thumbnail\" alt=\"\" \/><\/a>\n\t\t\t<\/dt><\/dl><dl class='gallery-item'>\n\t\t\t<dt class='gallery-icon portrait'>\n\t\t\t\t<a data-elementor-open-lightbox=\"yes\" data-elementor-lightbox-slideshow=\"e6432d0\" data-elementor-lightbox-title=\"pastifix-piscinas-flexivel-cor-branco-argamassa-D_NQ_NP_874920-MLB31056577958_062019-F\" data-e-action-hash=\"#elementor-action%3Aaction%3Dlightbox%26settings%3DeyJpZCI6MTI2LCJ1cmwiOiJodHRwczpcL1wvYXJ0Z2xhc3NyZXZlc3QuY29tLmJyXC93cC1jb250ZW50XC91cGxvYWRzXC8yMDE5XC8xMVwvcGFzdGlmaXgtcGlzY2luYXMtZmxleGl2ZWwtY29yLWJyYW5jby1hcmdhbWFzc2EtRF9OUV9OUF84NzQ5MjAtTUxCMzEwNTY1Nzc5NThfMDYyMDE5LUYuanBnIiwic2xpZGVzaG93IjoiZTY0MzJkMCJ9\" href='https:\/\/artglassrevest.com.br\/wp-content\/uploads\/2019\/11\/pastifix-piscinas-flexivel-cor-branco-argamassa-D_NQ_NP_874920-MLB31056577958_062019-F.jpg'><img decoding=\"async\" width=\"150\" height=\"150\" src=\"https:\/\/artglassrevest.com.br\/wp-content\/uploads\/2019\/11\/pastifix-piscinas-flexivel-cor-branco-argamassa-D_NQ_NP_874920-MLB31056577958_062019-F-150x150.jpg\" class=\"attachment-thumbnail size-thumbnail\" alt=\"\" \/><\/a>\n\t\t\t<\/dt><\/dl><dl class='gallery-item'>\n\t\t\t<dt class='gallery-icon portrait'>\n\t\t\t\t<a data-elementor-open-lightbox=\"yes\" data-elementor-lightbox-slideshow=\"e6432d0\" data-elementor-lightbox-title=\"argamassa-para-pastilha-de-vidro-branco-D_NQ_NP_945949-MLB31689604519_082019-F\" data-e-action-hash=\"#elementor-action%3Aaction%3Dlightbox%26settings%3DeyJpZCI6MTI0LCJ1cmwiOiJodHRwczpcL1wvYXJ0Z2xhc3NyZXZlc3QuY29tLmJyXC93cC1jb250ZW50XC91cGxvYWRzXC8yMDE5XC8xMVwvYXJnYW1hc3NhLXBhcmEtcGFzdGlsaGEtZGUtdmlkcm8tYnJhbmNvLURfTlFfTlBfOTQ1OTQ5LU1MQjMxNjg5NjA0NTE5XzA4MjAxOS1GLmpwZyIsInNsaWRlc2hvdyI6ImU2NDMyZDAifQ%3D%3D\" href='https:\/\/artglassrevest.com.br\/wp-content\/uploads\/2019\/11\/argamassa-para-pastilha-de-vidro-branco-D_NQ_NP_945949-MLB31689604519_082019-F.jpg'><img decoding=\"async\" width=\"150\" height=\"150\" src=\"https:\/\/artglassrevest.com.br\/wp-content\/uploads\/2019\/11\/argamassa-para-pastilha-de-vidro-branco-D_NQ_NP_945949-MLB31689604519_082019-F-150x150.jpg\" class=\"attachment-thumbnail size-thumbnail\" alt=\"\" \/><\/a>\n\t\t\t<\/dt><\/dl>\n\t\t\t<br style='clear: both' \/>\n\t\t<\/div>\n\t\t<\/div>\n\t\t\t\t\t\t<\/div>\n\t\t\t\t<\/div>\n\t\t\t\t\t<\/div>\n\t\t<\/div>\n\t\t\t\t\t<\/div>\n\t\t<\/section>\n\t\t\t\t<section class=\"elementor-section elementor-top-section elementor-element elementor-element-5c0edac elementor-section-boxed elementor-section-height-default elementor-section-height-default\" data-id=\"5c0edac\" data-element_type=\"section\" data-e-type=\"section\">\n\t\t\t\t\t\t<div class=\"elementor-container elementor-column-gap-default\">\n\t\t\t\t\t<div class=\"elementor-column elementor-col-100 elementor-top-column elementor-element elementor-element-28c4b9f\" data-id=\"28c4b9f\" data-element_type=\"column\" data-e-type=\"column\">\n\t\t\t<div class=\"elementor-widget-wrap elementor-element-populated\">\n\t\t\t\t\t\t<div class=\"elementor-element elementor-element-289017b elementor-widget elementor-widget-text-editor\" data-id=\"289017b\" data-element_type=\"widget\" data-e-type=\"widget\" data-widget_type=\"text-editor.default\">\n\t\t\t\t<div class=\"elementor-widget-container\">\n\t\t\t\t\t\t\t\t\t<h5>UM TIPO DE ARGAMASSA PARA CADA TIPO DE \u00a0PASTILHAS\u00a0<\/h5><h5><span style=\"color: #999999; font-size: 16px; font-weight: 400;\">A Escolha da argamassa errada pode interferir no resultado final do seu produto.<\/span><\/h5><p>Para a escolha da <strong>argamassa para pastilha<\/strong><b>s<\/b> mais adequada no assentamento de pe\u00e7as, tanto para uma obra externa como interna, \u00e9 necess\u00e1rio observar algumas caracter\u00edsticas da pe\u00e7a, como a absor\u00e7\u00e3o de \u00e1gua. A <strong>argamassa para pastilha<\/strong><b>s<\/b> \u00e9, geralmente, mais colante e tem uma melhor \u00a0ader\u00eancia, podendo assentar e rejuntar pastilhas de vidro e porcelana.<\/p><p>A argamassa \u00e9 um mistura de cimento, areia e \u00e1gua, e seu tipo ser\u00e1 definido pelo consumo de \u00e1gua de cada um desses elementos, o que ir\u00e1 alterar a ader\u00eancia ou a reten\u00e7\u00e3o.<\/p><p>Para um resultado satisfat\u00f3rio na instala\u00e7\u00e3o de placas de pastilhas em pisos, paredes, fachadas externas ou piscinas, existem alguns cuidados necess\u00e1rios. As pastilhas s\u00e3o feitas de materiais como vidro, cer\u00e2mica e porcelana. Essas s\u00e3o as tr\u00eas mais usadas, por\u00e9m, j\u00e1 conseguimos encontrar no mercado, placas de pastilha em madeira e at\u00e9 mesmo de metal.\u00a0<\/p><p>As pastilhas de revestimento s\u00e3o muito utilizadas na constru\u00e7\u00e3o civil e trazem\u00a0 vantagens como durabilidade \u2013 em ambientes externas ou internos-, facilidade de instala\u00e7\u00e3o, manuten\u00e7\u00e3o e limpeza. Permitindo um acabamento mais sofisticado e a possibilidade de montagem de mosaicos e da utiliza\u00e7\u00e3o de diversas cores. Alguns tipos de <strong>argamassa para pastilh<\/strong>as podem oferecer riscos aos trabalhadores e ao cliente, caso seu manuseio n\u00e3o seja feito com equipamentos e ferramentas adequadas para esse tipo de trabalho.<\/p><p>Por isso, \u00e9 fundamental que a empresa respons\u00e1vel pela m\u00e3o de obra ou comercializa\u00e7\u00e3o do material, garanta condi\u00e7\u00f5es de seguran\u00e7a e informa\u00e7\u00f5es claras sobre os procedimentos de uso. A recomenda\u00e7\u00e3o serve tanto para os trabalhadores, quanto para os clientes que optam por fazer a aplica\u00e7\u00e3o das pastilhas.<\/p><p>Algumas pastilhas s\u00e3o mais f\u00e1ceis de aplicar, outras necessitam de m\u00e3o de obra especializada para isso.\u00a0 Na aplica\u00e7\u00e3o de <strong>argamassa para pastilha<\/strong>s, os trabalhadores devem sempre utilizar Equipamentos de Prote\u00e7\u00e3o Individual (EPIs). Luvas, capacete e m\u00e1scara, s\u00e3o alguns dos itens que ir\u00e3o proteg\u00ea-los de qualquer exposi\u00e7\u00e3o aos materiais qu\u00edmicos da composi\u00e7\u00e3o desses produtos. As ferramentas para a fixa\u00e7\u00e3o dessas placas, com <strong>argamassa para pastilha<\/strong>, tamb\u00e9m s\u00e3o parte importante para a instala\u00e7\u00e3o, e podem interferir no resultado final da obra.<\/p><p>Algumas necessidades e exig\u00eancias na instala\u00e7\u00e3o de determinada pastilha, tais como, capacidade de absor\u00e7\u00e3o, resist\u00eancia, varia\u00e7\u00f5es de temperaturas, durabilidade e \u00a0textura, acabam por definir as caracter\u00edsticas da <strong>argamassa para pastilha<\/strong> que ser\u00e1 utilizada. \u00a0<\/p><h2><b>TIPOS DE ARGAMASSA\u00a0<\/b><\/h2><p>Os tipos de argamassa colante est\u00e3o definidos em norma da Associa\u00e7\u00e3o Brasileira de Normas T\u00e9cnicas (ABNT), de acordo com sua finalidade.<\/p><ul class=\"list\"><li>AC-1: Recomendada em ambientes interiores, exceto em saunas e estufas.<\/li><li>AC-2: Para projetos externos, locais que exijam ader\u00eancia e resist\u00eancia a mudan\u00e7as clim\u00e1ticas.<\/li><li>AC-3: Essa argamassa para pastilhas \u00e9 mais resistente que todas e com alta ader\u00eancia. Uso recomendando em fachadas e piscinas.<\/li><li>AC-3E: Argamassa indicada em todos os casos de insola\u00e7\u00e3o direta. Sua vantagem \u00e9 o tempo de cura.\u00a0<\/li><\/ul><div class=\"more\">\u00a0<\/div>\t\t\t\t\t\t\t\t<\/div>\n\t\t\t\t<\/div>\n\t\t\t\t\t<\/div>\n\t\t<\/div>\n\t\t\t\t\t<\/div>\n\t\t<\/section>\n\t\t\t\t<section class=\"elementor-section elementor-top-section elementor-element elementor-element-e57669c elementor-section-boxed elementor-section-height-default elementor-section-height-default\" data-id=\"e57669c\" data-element_type=\"section\" data-e-type=\"section\">\n\t\t\t\t\t\t<div class=\"elementor-container elementor-column-gap-default\">\n\t\t\t\t\t<div class=\"elementor-column elementor-col-33 elementor-top-column elementor-element elementor-element-9db3636\" data-id=\"9db3636\" data-element_type=\"column\" data-e-type=\"column\">\n\t\t\t<div class=\"elementor-widget-wrap elementor-element-populated\">\n\t\t\t\t\t\t<div class=\"elementor-element elementor-element-0c3ae87 elementor-widget elementor-widget-google_maps\" data-id=\"0c3ae87\" data-element_type=\"widget\" data-e-type=\"widget\" data-widget_type=\"google_maps.default\">\n\t\t\t\t<div class=\"elementor-widget-container\">\n\t\t\t\t\t\t\t<div class=\"elementor-custom-embed\">\n\t\t\t<iframe loading=\"lazy\"\n\t\t\t\t\tsrc=\"https:\/\/maps.google.com\/maps?q=Rua%20Oscar%20Freire%2C%202213%20&#038;t=m&#038;z=14&#038;output=embed&#038;iwloc=near\"\n\t\t\t\t\ttitle=\"Rua Oscar Freire, 2213 \"\n\t\t\t\t\taria-label=\"Rua Oscar Freire, 2213 \"\n\t\t\t><\/iframe>\n\t\t<\/div>\n\t\t\t\t\t\t<\/div>\n\t\t\t\t<\/div>\n\t\t\t\t\t<\/div>\n\t\t<\/div>\n\t\t\t\t<div class=\"elementor-column elementor-col-33 elementor-top-column elementor-element elementor-element-a214fa5\" data-id=\"a214fa5\" data-element_type=\"column\" data-e-type=\"column\">\n\t\t\t<div class=\"elementor-widget-wrap elementor-element-populated\">\n\t\t\t\t\t\t<div class=\"elementor-element elementor-element-cd37062 elementor-view-default elementor-widget elementor-widget-icon\" data-id=\"cd37062\" data-element_type=\"widget\" data-e-type=\"widget\" data-widget_type=\"icon.default\">\n\t\t\t\t<div class=\"elementor-widget-container\">\n\t\t\t\t\t\t\t<div class=\"elementor-icon-wrapper\">\n\t\t\t<div class=\"elementor-icon\">\n\t\t\t<i aria-hidden=\"true\" class=\"fas fa-phone-alt\"><\/i>\t\t\t<\/div>\n\t\t<\/div>\n\t\t\t\t\t\t<\/div>\n\t\t\t\t<\/div>\n\t\t\t\t<div class=\"elementor-element elementor-element-428fd4e elementor-view-default elementor-widget elementor-widget-icon\" data-id=\"428fd4e\" data-element_type=\"widget\" data-e-type=\"widget\" data-widget_type=\"icon.default\">\n\t\t\t\t<div class=\"elementor-widget-container\">\n\t\t\t\t\t\t\t<div class=\"elementor-icon-wrapper\">\n\t\t\t<a class=\"elementor-icon elementor-animation-grow\" href=\"https:\/\/api.whatsapp.com\/send?phone=5511988866970&#038;text=Ol\u00e1%21+estou+no+site+Art+Glass+Revest+e+gostaria+de+mais+informa\u00e7\u00f5es.\" target=\"_blank\">\n\t\t\t<i aria-hidden=\"true\" class=\"fab fa-whatsapp\"><\/i>\t\t\t<\/a>\n\t\t<\/div>\n\t\t\t\t\t\t<\/div>\n\t\t\t\t<\/div>\n\t\t\t\t<div class=\"elementor-element elementor-element-9451cf9 elementor-view-default elementor-widget elementor-widget-icon\" data-id=\"9451cf9\" data-element_type=\"widget\" data-e-type=\"widget\" data-widget_type=\"icon.default\">\n\t\t\t\t<div class=\"elementor-widget-container\">\n\t\t\t\t\t\t\t<div class=\"elementor-icon-wrapper\">\n\t\t\t<div class=\"elementor-icon\">\n\t\t\t<i aria-hidden=\"true\" class=\"fas fa-mail-bulk\"><\/i>\t\t\t<\/div>\n\t\t<\/div>\n\t\t\t\t\t\t<\/div>\n\t\t\t\t<\/div>\n\t\t\t\t<div class=\"elementor-element elementor-element-84d6419 elementor-view-default elementor-widget elementor-widget-icon\" data-id=\"84d6419\" data-element_type=\"widget\" data-e-type=\"widget\" data-widget_type=\"icon.default\">\n\t\t\t\t<div class=\"elementor-widget-container\">\n\t\t\t\t\t\t\t<div class=\"elementor-icon-wrapper\">\n\t\t\t<div class=\"elementor-icon\">\n\t\t\t<i aria-hidden=\"true\" class=\"fas fa-location-arrow\"><\/i>\t\t\t<\/div>\n\t\t<\/div>\n\t\t\t\t\t\t<\/div>\n\t\t\t\t<\/div>\n\t\t\t\t\t<\/div>\n\t\t<\/div>\n\t\t\t\t<div class=\"elementor-column elementor-col-33 elementor-top-column elementor-element elementor-element-2af79aa\" data-id=\"2af79aa\" data-element_type=\"column\" data-e-type=\"column\">\n\t\t\t<div class=\"elementor-widget-wrap elementor-element-populated\">\n\t\t\t\t\t\t<div class=\"elementor-element elementor-element-55c8598 elementor-widget elementor-widget-text-editor\" data-id=\"55c8598\" data-element_type=\"widget\" data-e-type=\"widget\" data-widget_type=\"text-editor.default\">\n\t\t\t\t<div class=\"elementor-widget-container\">\n\t\t\t\t\t\t\t\t\t<h4><strong> 11 -3085-1057<\/strong><\/h4>\t\t\t\t\t\t\t\t<\/div>\n\t\t\t\t<\/div>\n\t\t\t\t<div class=\"elementor-element elementor-element-020a18f elementor-widget elementor-widget-text-editor\" data-id=\"020a18f\" data-element_type=\"widget\" data-e-type=\"widget\" data-widget_type=\"text-editor.default\">\n\t\t\t\t<div class=\"elementor-widget-container\">\n\t\t\t\t\t\t\t\t\t<p><strong>\u00a0 \u00a0 \u00a0<\/strong><strong> 11 -9888-66970<\/strong><\/p>\t\t\t\t\t\t\t\t<\/div>\n\t\t\t\t<\/div>\n\t\t\t\t<div class=\"elementor-element elementor-element-f391273 elementor-widget elementor-widget-text-editor\" data-id=\"f391273\" data-element_type=\"widget\" data-e-type=\"widget\" data-widget_type=\"text-editor.default\">\n\t\t\t\t<div class=\"elementor-widget-container\">\n\t\t\t\t\t\t\t\t\t<p><strong>contato@artglassrevestimentos.com.br<\/strong><\/p>\t\t\t\t\t\t\t\t<\/div>\n\t\t\t\t<\/div>\n\t\t\t\t<div class=\"elementor-element elementor-element-6d79ceb elementor-widget elementor-widget-text-editor\" data-id=\"6d79ceb\" data-element_type=\"widget\" data-e-type=\"widget\" data-widget_type=\"text-editor.default\">\n\t\t\t\t<div class=\"elementor-widget-container\">\n\t\t\t\t\t\t\t\t\t<p><strong>Rua Oscar Freire, 2213<\/strong><\/p><p>Pinheiros, S\u00e3o Paulo -SP<\/p>\t\t\t\t\t\t\t\t<\/div>\n\t\t\t\t<\/div>\n\t\t\t\t\t<\/div>\n\t\t<\/div>\n\t\t\t\t\t<\/div>\n\t\t<\/section>\n\t\t\t\t<section class=\"elementor-section elementor-top-section elementor-element elementor-element-bedb905 elementor-section-boxed elementor-section-height-default elementor-section-height-default\" data-id=\"bedb905\" data-element_type=\"section\" data-e-type=\"section\">\n\t\t\t\t\t\t<div class=\"elementor-container elementor-column-gap-default\">\n\t\t\t\t\t<div class=\"elementor-column elementor-col-100 elementor-top-column elementor-element elementor-element-5724f8e\" data-id=\"5724f8e\" data-element_type=\"column\" data-e-type=\"column\">\n\t\t\t<div class=\"elementor-widget-wrap\">\n\t\t\t\t\t\t\t<\/div>\n\t\t<\/div>\n\t\t\t\t\t<\/div>\n\t\t<\/section>\n\t\t\t\t<section class=\"elementor-section elementor-top-section elementor-element elementor-element-9a3aa22 elementor-section-boxed elementor-section-height-default elementor-section-height-default\" data-id=\"9a3aa22\" data-element_type=\"section\" data-e-type=\"section\">\n\t\t\t\t\t\t<div class=\"elementor-container elementor-column-gap-default\">\n\t\t\t\t\t<div class=\"elementor-column elementor-col-16 elementor-top-column elementor-element elementor-element-ad631e8\" data-id=\"ad631e8\" data-element_type=\"column\" data-e-type=\"column\">\n\t\t\t<div class=\"elementor-widget-wrap elementor-element-populated\">\n\t\t\t\t\t\t<div class=\"elementor-element elementor-element-c3b7286 elementor-view-default elementor-widget elementor-widget-icon\" data-id=\"c3b7286\" data-element_type=\"widget\" data-e-type=\"widget\" data-widget_type=\"icon.default\">\n\t\t\t\t<div class=\"elementor-widget-container\">\n\t\t\t\t\t\t\t<div class=\"elementor-icon-wrapper\">\n\t\t\t<a class=\"elementor-icon elementor-animation-grow\" href=\"https:\/\/artglassrevestimentos.mercadoshops.com.br\/?preview=&#038;mshops-cookie-isguest=false&#038;mshops-redirection-timestamp=1656436868223&#038;mshops-cookie-cp=02471010\" target=\"_blank\">\n\t\t\t<i aria-hidden=\"true\" class=\"fas fa-shopping-cart\"><\/i>\t\t\t<\/a>\n\t\t<\/div>\n\t\t\t\t\t\t<\/div>\n\t\t\t\t<\/div>\n\t\t\t\t\t<\/div>\n\t\t<\/div>\n\t\t\t\t<div class=\"elementor-column elementor-col-16 elementor-top-column elementor-element elementor-element-db537b6\" data-id=\"db537b6\" data-element_type=\"column\" data-e-type=\"column\">\n\t\t\t<div class=\"elementor-widget-wrap elementor-element-populated\">\n\t\t\t\t\t\t<div class=\"elementor-element elementor-element-d657e86 elementor-view-default elementor-widget elementor-widget-icon\" data-id=\"d657e86\" data-element_type=\"widget\" data-e-type=\"widget\" data-widget_type=\"icon.default\">\n\t\t\t\t<div class=\"elementor-widget-container\">\n\t\t\t\t\t\t\t<div class=\"elementor-icon-wrapper\">\n\t\t\t<a class=\"elementor-icon elementor-animation-grow\" href=\"https:\/\/api.whatsapp.com\/send?phone=5511988866970&#038;text=Ol\u00e1%21+estou+no+site+Art+Glass+Revest+e+gostaria+de+mais+informa\u00e7\u00f5es.\" target=\"_blank\">\n\t\t\t<i aria-hidden=\"true\" class=\"fab fa-whatsapp\"><\/i>\t\t\t<\/a>\n\t\t<\/div>\n\t\t\t\t\t\t<\/div>\n\t\t\t\t<\/div>\n\t\t\t\t\t<\/div>\n\t\t<\/div>\n\t\t\t\t<div class=\"elementor-column elementor-col-16 elementor-top-column elementor-element elementor-element-3de52c6\" data-id=\"3de52c6\" data-element_type=\"column\" data-e-type=\"column\">\n\t\t\t<div class=\"elementor-widget-wrap elementor-element-populated\">\n\t\t\t\t\t\t<div class=\"elementor-element elementor-element-378d184 elementor-view-default elementor-widget elementor-widget-icon\" data-id=\"378d184\" data-element_type=\"widget\" data-e-type=\"widget\" data-widget_type=\"icon.default\">\n\t\t\t\t<div class=\"elementor-widget-container\">\n\t\t\t\t\t\t\t<div class=\"elementor-icon-wrapper\">\n\t\t\t<a class=\"elementor-icon elementor-animation-grow\" href=\"https:\/\/www.instagram.com\/art_glass_revestimentos\/\" target=\"_blank\">\n\t\t\t<i aria-hidden=\"true\" class=\"fab fa-instagram\"><\/i>\t\t\t<\/a>\n\t\t<\/div>\n\t\t\t\t\t\t<\/div>\n\t\t\t\t<\/div>\n\t\t\t\t\t<\/div>\n\t\t<\/div>\n\t\t\t\t<div class=\"elementor-column elementor-col-16 elementor-top-column elementor-element elementor-element-e75ba8d\" data-id=\"e75ba8d\" data-element_type=\"column\" data-e-type=\"column\">\n\t\t\t<div class=\"elementor-widget-wrap elementor-element-populated\">\n\t\t\t\t\t\t<div class=\"elementor-element elementor-element-65e30b8 elementor-view-default elementor-widget elementor-widget-icon\" data-id=\"65e30b8\" data-element_type=\"widget\" data-e-type=\"widget\" data-widget_type=\"icon.default\">\n\t\t\t\t<div class=\"elementor-widget-container\">\n\t\t\t\t\t\t\t<div class=\"elementor-icon-wrapper\">\n\t\t\t<a class=\"elementor-icon\" href=\"https:\/\/www.facebook.com\/artglassrevestimentos\/\" target=\"_blank\">\n\t\t\t<i aria-hidden=\"true\" class=\"fab fa-facebook\"><\/i>\t\t\t<\/a>\n\t\t<\/div>\n\t\t\t\t\t\t<\/div>\n\t\t\t\t<\/div>\n\t\t\t\t\t<\/div>\n\t\t<\/div>\n\t\t\t\t<div class=\"elementor-column elementor-col-16 elementor-top-column elementor-element elementor-element-f4ccca7\" data-id=\"f4ccca7\" data-element_type=\"column\" data-e-type=\"column\">\n\t\t\t<div class=\"elementor-widget-wrap elementor-element-populated\">\n\t\t\t\t\t\t<div class=\"elementor-element elementor-element-02c9646 elementor-view-default elementor-widget elementor-widget-icon\" data-id=\"02c9646\" data-element_type=\"widget\" data-e-type=\"widget\" data-widget_type=\"icon.default\">\n\t\t\t\t<div class=\"elementor-widget-container\">\n\t\t\t\t\t\t\t<div class=\"elementor-icon-wrapper\">\n\t\t\t<a class=\"elementor-icon\" href=\"https:\/\/www.youtube.com\/channel\/UC-YLFqGSF0ICV6WdBO8jQUw\">\n\t\t\t<i aria-hidden=\"true\" class=\"fab fa-youtube-square\"><\/i>\t\t\t<\/a>\n\t\t<\/div>\n\t\t\t\t\t\t<\/div>\n\t\t\t\t<\/div>\n\t\t\t\t\t<\/div>\n\t\t<\/div>\n\t\t\t\t<div class=\"elementor-column elementor-col-16 elementor-top-column elementor-element elementor-element-e486226\" data-id=\"e486226\" data-element_type=\"column\" data-e-type=\"column\">\n\t\t\t<div class=\"elementor-widget-wrap elementor-element-populated\">\n\t\t\t\t\t\t<div class=\"elementor-element elementor-element-2852639 elementor-view-default elementor-widget elementor-widget-icon\" data-id=\"2852639\" data-element_type=\"widget\" data-e-type=\"widget\" data-widget_type=\"icon.default\">\n\t\t\t\t<div class=\"elementor-widget-container\">\n\t\t\t\t\t\t\t<div class=\"elementor-icon-wrapper\">\n\t\t\t<div class=\"elementor-icon\">\n\t\t\t<i aria-hidden=\"true\" class=\"fas fa-mail-bulk\"><\/i>\t\t\t<\/div>\n\t\t<\/div>\n\t\t\t\t\t\t<\/div>\n\t\t\t\t<\/div>\n\t\t\t\t\t<\/div>\n\t\t<\/div>\n\t\t\t\t\t<\/div>\n\t\t<\/section>\n\t\t\t\t<\/div>\n\t\t","protected":false},"excerpt":{"rendered":"<p>UM TIPO DE ARGAMASSA PARA CADA TIPO DE \u00a0PASTILHAS\u00a0 A Escolha da argamassa errada pode interferir no resultado final do seu produto. Para a escolha da argamassa para pastilhas mais adequada no assentamento de pe\u00e7as, tanto para uma obra externa como interna, \u00e9 necess\u00e1rio observar algumas caracter\u00edsticas da pe\u00e7a, como a absor\u00e7\u00e3o de \u00e1gua. A [&hellip;]<\/p>\n","protected":false},"author":1,"featured_media":0,"parent":0,"menu_order":0,"comment_status":"closed","ping_status":"closed","template":"","meta":{"footnotes":""},"class_list":["post-128","page","type-page","status-publish","hentry"],"_links":{"self":[{"href":"https:\/\/artglassrevest.com.br\/index.php\/wp-json\/wp\/v2\/pages\/128","targetHints":{"allow":["GET"]}}],"collection":[{"href":"https:\/\/artglassrevest.com.br\/index.php\/wp-json\/wp\/v2\/pages"}],"about":[{"href":"https:\/\/artglassrevest.com.br\/index.php\/wp-json\/wp\/v2\/types\/page"}],"author":[{"embeddable":true,"href":"https:\/\/artglassrevest.com.br\/index.php\/wp-json\/wp\/v2\/users\/1"}],"replies":[{"embeddable":true,"href":"https:\/\/artglassrevest.com.br\/index.php\/wp-json\/wp\/v2\/comments?post=128"}],"version-history":[{"count":7,"href":"https:\/\/artglassrevest.com.br\/index.php\/wp-json\/wp\/v2\/pages\/128\/revisions"}],"predecessor-version":[{"id":1381,"href":"https:\/\/artglassrevest.com.br\/index.php\/wp-json\/wp\/v2\/pages\/128\/revisions\/1381"}],"wp:attachment":[{"href":"https:\/\/artglassrevest.com.br\/index.php\/wp-json\/wp\/v2\/media?parent=128"}],"curies":[{"name":"wp","href":"https:\/\/api.w.org\/{rel}","templated":true}]}}