{"id":136,"date":"2019-11-16T19:28:38","date_gmt":"2019-11-16T22:28:38","guid":{"rendered":"http:\/\/artglassrevest.com.br\/?page_id=136"},"modified":"2022-06-29T13:15:00","modified_gmt":"2022-06-29T16:15:00","slug":"argamassa-para-pastilhas-de-porcelana","status":"publish","type":"page","link":"https:\/\/artglassrevest.com.br\/index.php\/argamassa-para-pastilhas-de-porcelana\/","title":{"rendered":"Argamassa Para Pastilhas de Porcelana"},"content":{"rendered":"\t\t<div data-elementor-type=\"wp-page\" data-elementor-id=\"136\" class=\"elementor elementor-136\">\n\t\t\t\t\t\t<section class=\"elementor-section elementor-top-section elementor-element elementor-element-8f80297 elementor-section-boxed elementor-section-height-default elementor-section-height-default\" data-id=\"8f80297\" data-element_type=\"section\" data-e-type=\"section\">\n\t\t\t\t\t\t<div class=\"elementor-container elementor-column-gap-default\">\n\t\t\t\t\t<div class=\"elementor-column elementor-col-100 elementor-top-column elementor-element elementor-element-e5b7c94\" data-id=\"e5b7c94\" data-element_type=\"column\" data-e-type=\"column\">\n\t\t\t<div class=\"elementor-widget-wrap elementor-element-populated\">\n\t\t\t\t\t\t<div class=\"elementor-element elementor-element-7285a64 elementor-widget elementor-widget-image-gallery\" data-id=\"7285a64\" data-element_type=\"widget\" data-e-type=\"widget\" data-widget_type=\"image-gallery.default\">\n\t\t\t\t<div class=\"elementor-widget-container\">\n\t\t\t\t\t\t\t<div class=\"elementor-image-gallery\">\n\t\t\t\n\t\t<style type=\"text\/css\">\n\t\t\t#gallery-1 {\n\t\t\t\tmargin: auto;\n\t\t\t}\n\t\t\t#gallery-1 .gallery-item {\n\t\t\t\tfloat: left;\n\t\t\t\tmargin-top: 10px;\n\t\t\t\ttext-align: center;\n\t\t\t\twidth: 25%;\n\t\t\t}\n\t\t\t#gallery-1 img {\n\t\t\t\tborder: 2px solid #cfcfcf;\n\t\t\t}\n\t\t\t#gallery-1 .gallery-caption {\n\t\t\t\tmargin-left: 0;\n\t\t\t}\n\t\t\t\/* see gallery_shortcode() in wp-includes\/media.php *\/\n\t\t<\/style>\n\t\t<div id='gallery-1' class='gallery galleryid-136 gallery-columns-4 gallery-size-thumbnail'><dl class='gallery-item'>\n\t\t\t<dt class='gallery-icon portrait'>\n\t\t\t\t<a data-elementor-open-lightbox=\"yes\" data-elementor-lightbox-slideshow=\"7285a64\" data-elementor-lightbox-title=\"Pastifix-Porcelana-e-Cer\u00e2mica\" data-e-action-hash=\"#elementor-action%3Aaction%3Dlightbox%26settings%3DeyJpZCI6MTI3LCJ1cmwiOiJodHRwczpcL1wvYXJ0Z2xhc3NyZXZlc3QuY29tLmJyXC93cC1jb250ZW50XC91cGxvYWRzXC8yMDE5XC8xMVwvUGFzdGlmaXgtUG9yY2VsYW5hLWUtQ2VyXHUwMGUybWljYS5qcGciLCJzbGlkZXNob3ciOiI3Mjg1YTY0In0%3D\" href='https:\/\/artglassrevest.com.br\/wp-content\/uploads\/2019\/11\/Pastifix-Porcelana-e-Cer\u00e2mica.jpg'><img decoding=\"async\" width=\"150\" height=\"150\" src=\"https:\/\/artglassrevest.com.br\/wp-content\/uploads\/2019\/11\/Pastifix-Porcelana-e-Cer\u00e2mica-150x150.jpg\" class=\"attachment-thumbnail size-thumbnail\" alt=\"\" \/><\/a>\n\t\t\t<\/dt><\/dl><dl class='gallery-item'>\n\t\t\t<dt class='gallery-icon portrait'>\n\t\t\t\t<a data-elementor-open-lightbox=\"yes\" data-elementor-lightbox-slideshow=\"7285a64\" data-elementor-lightbox-title=\"pastifix-piscinas-flexivel-cor-branco-argamassa-D_NQ_NP_874920-MLB31056577958_062019-F\" data-e-action-hash=\"#elementor-action%3Aaction%3Dlightbox%26settings%3DeyJpZCI6MTI2LCJ1cmwiOiJodHRwczpcL1wvYXJ0Z2xhc3NyZXZlc3QuY29tLmJyXC93cC1jb250ZW50XC91cGxvYWRzXC8yMDE5XC8xMVwvcGFzdGlmaXgtcGlzY2luYXMtZmxleGl2ZWwtY29yLWJyYW5jby1hcmdhbWFzc2EtRF9OUV9OUF84NzQ5MjAtTUxCMzEwNTY1Nzc5NThfMDYyMDE5LUYuanBnIiwic2xpZGVzaG93IjoiNzI4NWE2NCJ9\" href='https:\/\/artglassrevest.com.br\/wp-content\/uploads\/2019\/11\/pastifix-piscinas-flexivel-cor-branco-argamassa-D_NQ_NP_874920-MLB31056577958_062019-F.jpg'><img decoding=\"async\" width=\"150\" height=\"150\" src=\"https:\/\/artglassrevest.com.br\/wp-content\/uploads\/2019\/11\/pastifix-piscinas-flexivel-cor-branco-argamassa-D_NQ_NP_874920-MLB31056577958_062019-F-150x150.jpg\" class=\"attachment-thumbnail size-thumbnail\" alt=\"\" \/><\/a>\n\t\t\t<\/dt><\/dl><dl class='gallery-item'>\n\t\t\t<dt class='gallery-icon portrait'>\n\t\t\t\t<a data-elementor-open-lightbox=\"yes\" data-elementor-lightbox-slideshow=\"7285a64\" data-elementor-lightbox-title=\"argamassa-para-pastilha-de-vidro-branco-D_NQ_NP_945949-MLB31689604519_082019-F\" data-e-action-hash=\"#elementor-action%3Aaction%3Dlightbox%26settings%3DeyJpZCI6MTI0LCJ1cmwiOiJodHRwczpcL1wvYXJ0Z2xhc3NyZXZlc3QuY29tLmJyXC93cC1jb250ZW50XC91cGxvYWRzXC8yMDE5XC8xMVwvYXJnYW1hc3NhLXBhcmEtcGFzdGlsaGEtZGUtdmlkcm8tYnJhbmNvLURfTlFfTlBfOTQ1OTQ5LU1MQjMxNjg5NjA0NTE5XzA4MjAxOS1GLmpwZyIsInNsaWRlc2hvdyI6IjcyODVhNjQifQ%3D%3D\" href='https:\/\/artglassrevest.com.br\/wp-content\/uploads\/2019\/11\/argamassa-para-pastilha-de-vidro-branco-D_NQ_NP_945949-MLB31689604519_082019-F.jpg'><img decoding=\"async\" width=\"150\" height=\"150\" src=\"https:\/\/artglassrevest.com.br\/wp-content\/uploads\/2019\/11\/argamassa-para-pastilha-de-vidro-branco-D_NQ_NP_945949-MLB31689604519_082019-F-150x150.jpg\" class=\"attachment-thumbnail size-thumbnail\" alt=\"\" \/><\/a>\n\t\t\t<\/dt><\/dl>\n\t\t\t<br style='clear: both' \/>\n\t\t<\/div>\n\t\t<\/div>\n\t\t\t\t\t\t<\/div>\n\t\t\t\t<\/div>\n\t\t\t\t\t<\/div>\n\t\t<\/div>\n\t\t\t\t\t<\/div>\n\t\t<\/section>\n\t\t\t\t<section class=\"elementor-section elementor-top-section elementor-element elementor-element-cab2216 elementor-section-boxed elementor-section-height-default elementor-section-height-default\" data-id=\"cab2216\" data-element_type=\"section\" data-e-type=\"section\">\n\t\t\t\t\t\t<div class=\"elementor-container elementor-column-gap-default\">\n\t\t\t\t\t<div class=\"elementor-column elementor-col-100 elementor-top-column elementor-element elementor-element-6cda9b7\" data-id=\"6cda9b7\" data-element_type=\"column\" data-e-type=\"column\">\n\t\t\t<div class=\"elementor-widget-wrap elementor-element-populated\">\n\t\t\t\t\t\t<div class=\"elementor-element elementor-element-48a410b elementor-widget elementor-widget-text-editor\" data-id=\"48a410b\" data-element_type=\"widget\" data-e-type=\"widget\" data-widget_type=\"text-editor.default\">\n\t\t\t\t<div class=\"elementor-widget-container\">\n\t\t\t\t\t\t\t\t\t<h4><strong>A APLICA\u00c7\u00c3O DE ARGAMASSA PARA PASTILHA DE PORCELANA<\/strong><\/h4><p>Seguir as instru\u00e7\u00f5es do fabricante \u00e9 fundamental<\/p><p>A <strong>argamassa para <a title=\"pastilha de porcelana\" href=\"https:\/\/www.artglassrevestimentos.com.br\/comprar-pastilhas-porcelana\"><b>pastilha de porcelana<\/b><\/a><\/strong> \u00e9 um tipo de argamassa colante \u00a0que pode ser utilizada para assentamento e rejuntamento. N\u00e3o \u00e9 indicada para churrasqueiras, lareiras, frigor\u00edficos, bases com pinturas e outros revestimentos especiais.<\/p><p>O preparo \u00e9 simples, mas deve ser feito seguindo as orienta\u00e7\u00f5es do fabricante e ou fornecedor. O preparo da <strong>argamassa para pastilha de porcelana<\/strong> \u00e9 feito misturando \u00e1gua, na quantidade especificada pelo fabricante, at\u00e9 essa mistura atingir um aspecto de consist\u00eancia e ader\u00eancia. \u00c9 necess\u00e1rio deixar a mistura em repouso por alguns minutos.<\/p><p>Ap\u00f3s esse tempo, estenda a <strong>argamassa para pastilha de porcelana<\/strong> com o lado liso da desempenadeira de a\u00e7o \u2013 ferramenta para nivelar superf\u00edcies \u2013 formando uma superf\u00edcie uniforme. A sobra de argamassa na desempenadeira deve ser colocada, novamente com o material preparado, n\u00e3o necessitando o acr\u00e9scimo de mais \u00e1gua. O recomendado \u00e9 que a dimens\u00e3o da camada de argamassa, depois de assentar as pastilhas, seja de no m\u00e1ximo 5 mm.<\/p><p>Esse tipo de placa de pastilhas \u00a0tem uma porcentagem de absor\u00e7\u00e3o de \u00e1gua, e essa caracter\u00edstica tamb\u00e9m definir\u00e1 qual a <strong>argamassa para pastilha de porcelana<\/strong> recomendada.<\/p><p>No Brasil, os tipos de argamassa para assentamento est\u00e3o classificados na Norma da Associa\u00e7\u00e3o Brasileira de Normas T\u00e9cnicas (ABNT)- NBR 14081 \u2013 que descreve diferentes tipos, de acordo com sua ader\u00eancia.<\/p><p>Elas podem ser utilizadas com <strong>argamassa para pastilha de porcelana<\/strong>, em revestimentos de interiores e exteriores. S\u00e3o oferecidas no mercado em v\u00e1rias cores, tipos e dimens\u00f5es. A quantidade de <strong>argamassa para pastilha de porcelana<\/strong> que ser\u00e1 utilizada na instala\u00e7\u00e3o, depender\u00e1 do tamanho da base onde ela ser\u00e1 aplicada, e se sua aplica\u00e7\u00e3o ser\u00e1 externa ou interna. A instala\u00e7\u00e3o das pastilhas de porcelana tamb\u00e9m pode ser feita pelo cliente, desde que, o fabricante e o fornecedor do produto informem detalhadamente como fazer. \u00c9 importante seguir todas as recomenda\u00e7\u00f5es dadas pelo fabricante.<\/p><p>Alguns tipos de <strong>argamassa para pastilha de porcelana<\/strong> assentam e rejuntam ao mesmo tempo, mas \u00e9 poss\u00edvel obter um tipo para cada servi\u00e7o. No preparo da <strong>argamassa para pastilha de porcelana<\/strong>, a quantidade de \u00e1gua, o tempo de repouso da argamassa antes do uso e a temperatura, s\u00e3o fatores que influenciam na qualidade do produto final. A limpeza das pastilhas de porcelana \u00e9 extremamente f\u00e1cil, por isso, elas s\u00e3o muito procuradas para locais que necessitam de manuten\u00e7\u00e3o frequente, outra vantagem desse tipo de pastilha, \u00e9 sua durabilidade.<\/p>\t\t\t\t\t\t\t\t<\/div>\n\t\t\t\t<\/div>\n\t\t\t\t\t<\/div>\n\t\t<\/div>\n\t\t\t\t\t<\/div>\n\t\t<\/section>\n\t\t\t\t<section class=\"elementor-section elementor-top-section elementor-element elementor-element-fe20615 elementor-section-boxed elementor-section-height-default elementor-section-height-default\" data-id=\"fe20615\" data-element_type=\"section\" data-e-type=\"section\">\n\t\t\t\t\t\t<div class=\"elementor-container elementor-column-gap-default\">\n\t\t\t\t\t<div class=\"elementor-column elementor-col-33 elementor-top-column elementor-element elementor-element-df9e0ab\" data-id=\"df9e0ab\" data-element_type=\"column\" data-e-type=\"column\">\n\t\t\t<div class=\"elementor-widget-wrap elementor-element-populated\">\n\t\t\t\t\t\t<div class=\"elementor-element elementor-element-61446c3 elementor-widget elementor-widget-google_maps\" data-id=\"61446c3\" data-element_type=\"widget\" data-e-type=\"widget\" data-widget_type=\"google_maps.default\">\n\t\t\t\t<div class=\"elementor-widget-container\">\n\t\t\t\t\t\t\t<div class=\"elementor-custom-embed\">\n\t\t\t<iframe loading=\"lazy\"\n\t\t\t\t\tsrc=\"https:\/\/maps.google.com\/maps?q=Rua%20Oscar%20Freire%2C%202213%20&#038;t=m&#038;z=14&#038;output=embed&#038;iwloc=near\"\n\t\t\t\t\ttitle=\"Rua Oscar Freire, 2213 \"\n\t\t\t\t\taria-label=\"Rua Oscar Freire, 2213 \"\n\t\t\t><\/iframe>\n\t\t<\/div>\n\t\t\t\t\t\t<\/div>\n\t\t\t\t<\/div>\n\t\t\t\t\t<\/div>\n\t\t<\/div>\n\t\t\t\t<div class=\"elementor-column elementor-col-33 elementor-top-column elementor-element elementor-element-d2e1867\" data-id=\"d2e1867\" data-element_type=\"column\" data-e-type=\"column\">\n\t\t\t<div class=\"elementor-widget-wrap elementor-element-populated\">\n\t\t\t\t\t\t<div class=\"elementor-element elementor-element-d2c35af elementor-view-default elementor-widget elementor-widget-icon\" data-id=\"d2c35af\" data-element_type=\"widget\" data-e-type=\"widget\" data-widget_type=\"icon.default\">\n\t\t\t\t<div class=\"elementor-widget-container\">\n\t\t\t\t\t\t\t<div class=\"elementor-icon-wrapper\">\n\t\t\t<div class=\"elementor-icon\">\n\t\t\t<i aria-hidden=\"true\" class=\"fas fa-phone-alt\"><\/i>\t\t\t<\/div>\n\t\t<\/div>\n\t\t\t\t\t\t<\/div>\n\t\t\t\t<\/div>\n\t\t\t\t<div class=\"elementor-element elementor-element-878497c elementor-view-default elementor-widget elementor-widget-icon\" data-id=\"878497c\" data-element_type=\"widget\" data-e-type=\"widget\" data-widget_type=\"icon.default\">\n\t\t\t\t<div class=\"elementor-widget-container\">\n\t\t\t\t\t\t\t<div class=\"elementor-icon-wrapper\">\n\t\t\t<a class=\"elementor-icon elementor-animation-grow\" href=\"https:\/\/api.whatsapp.com\/send?phone=5511988866970&#038;text=Ol\u00e1%21+estou+no+site+Art+Glass+Revest+e+gostaria+de+mais+informa\u00e7\u00f5es.\" target=\"_blank\">\n\t\t\t<i aria-hidden=\"true\" class=\"fab fa-whatsapp\"><\/i>\t\t\t<\/a>\n\t\t<\/div>\n\t\t\t\t\t\t<\/div>\n\t\t\t\t<\/div>\n\t\t\t\t<div class=\"elementor-element elementor-element-f4d02a0 elementor-view-default elementor-widget elementor-widget-icon\" data-id=\"f4d02a0\" data-element_type=\"widget\" data-e-type=\"widget\" data-widget_type=\"icon.default\">\n\t\t\t\t<div class=\"elementor-widget-container\">\n\t\t\t\t\t\t\t<div class=\"elementor-icon-wrapper\">\n\t\t\t<div class=\"elementor-icon\">\n\t\t\t<i aria-hidden=\"true\" class=\"fas fa-mail-bulk\"><\/i>\t\t\t<\/div>\n\t\t<\/div>\n\t\t\t\t\t\t<\/div>\n\t\t\t\t<\/div>\n\t\t\t\t<div class=\"elementor-element elementor-element-91524da elementor-view-default elementor-widget elementor-widget-icon\" data-id=\"91524da\" data-element_type=\"widget\" data-e-type=\"widget\" data-widget_type=\"icon.default\">\n\t\t\t\t<div class=\"elementor-widget-container\">\n\t\t\t\t\t\t\t<div class=\"elementor-icon-wrapper\">\n\t\t\t<div class=\"elementor-icon\">\n\t\t\t<i aria-hidden=\"true\" class=\"fas fa-location-arrow\"><\/i>\t\t\t<\/div>\n\t\t<\/div>\n\t\t\t\t\t\t<\/div>\n\t\t\t\t<\/div>\n\t\t\t\t\t<\/div>\n\t\t<\/div>\n\t\t\t\t<div class=\"elementor-column elementor-col-33 elementor-top-column elementor-element elementor-element-b61ad4b\" data-id=\"b61ad4b\" data-element_type=\"column\" data-e-type=\"column\">\n\t\t\t<div class=\"elementor-widget-wrap elementor-element-populated\">\n\t\t\t\t\t\t<div class=\"elementor-element elementor-element-bcab173 elementor-widget elementor-widget-text-editor\" data-id=\"bcab173\" data-element_type=\"widget\" data-e-type=\"widget\" data-widget_type=\"text-editor.default\">\n\t\t\t\t<div class=\"elementor-widget-container\">\n\t\t\t\t\t\t\t\t\t<h4><strong> 11 -3085-1057<\/strong><\/h4>\t\t\t\t\t\t\t\t<\/div>\n\t\t\t\t<\/div>\n\t\t\t\t<div class=\"elementor-element elementor-element-b960ca0 elementor-widget elementor-widget-text-editor\" data-id=\"b960ca0\" data-element_type=\"widget\" data-e-type=\"widget\" data-widget_type=\"text-editor.default\">\n\t\t\t\t<div class=\"elementor-widget-container\">\n\t\t\t\t\t\t\t\t\t<p><strong>\u00a0 \u00a0 \u00a0<\/strong><strong> 11 -9888-66970<\/strong><\/p>\t\t\t\t\t\t\t\t<\/div>\n\t\t\t\t<\/div>\n\t\t\t\t<div class=\"elementor-element elementor-element-e9715d7 elementor-widget elementor-widget-text-editor\" data-id=\"e9715d7\" data-element_type=\"widget\" data-e-type=\"widget\" data-widget_type=\"text-editor.default\">\n\t\t\t\t<div class=\"elementor-widget-container\">\n\t\t\t\t\t\t\t\t\t<p><strong>contato@artglassrevestimentos.com.br<\/strong><\/p>\t\t\t\t\t\t\t\t<\/div>\n\t\t\t\t<\/div>\n\t\t\t\t<div class=\"elementor-element elementor-element-8e33660 elementor-widget elementor-widget-text-editor\" data-id=\"8e33660\" data-element_type=\"widget\" data-e-type=\"widget\" data-widget_type=\"text-editor.default\">\n\t\t\t\t<div class=\"elementor-widget-container\">\n\t\t\t\t\t\t\t\t\t<p><strong>Rua Oscar Freire, 2213<\/strong><\/p><p>Pinheiros, S\u00e3o Paulo -SP<\/p>\t\t\t\t\t\t\t\t<\/div>\n\t\t\t\t<\/div>\n\t\t\t\t\t<\/div>\n\t\t<\/div>\n\t\t\t\t\t<\/div>\n\t\t<\/section>\n\t\t\t\t<section class=\"elementor-section elementor-top-section elementor-element elementor-element-bcdf037 elementor-section-boxed elementor-section-height-default elementor-section-height-default\" data-id=\"bcdf037\" data-element_type=\"section\" data-e-type=\"section\">\n\t\t\t\t\t\t<div class=\"elementor-container elementor-column-gap-default\">\n\t\t\t\t\t<div class=\"elementor-column elementor-col-100 elementor-top-column elementor-element elementor-element-396448a\" data-id=\"396448a\" data-element_type=\"column\" data-e-type=\"column\">\n\t\t\t<div class=\"elementor-widget-wrap\">\n\t\t\t\t\t\t\t<\/div>\n\t\t<\/div>\n\t\t\t\t\t<\/div>\n\t\t<\/section>\n\t\t\t\t<section class=\"elementor-section elementor-top-section elementor-element elementor-element-9d5c0cf elementor-section-boxed elementor-section-height-default elementor-section-height-default\" data-id=\"9d5c0cf\" data-element_type=\"section\" data-e-type=\"section\">\n\t\t\t\t\t\t<div class=\"elementor-container elementor-column-gap-default\">\n\t\t\t\t\t<div class=\"elementor-column elementor-col-16 elementor-top-column elementor-element elementor-element-54d94f4\" data-id=\"54d94f4\" data-element_type=\"column\" data-e-type=\"column\">\n\t\t\t<div class=\"elementor-widget-wrap elementor-element-populated\">\n\t\t\t\t\t\t<div class=\"elementor-element elementor-element-3692943 elementor-view-default elementor-widget elementor-widget-icon\" data-id=\"3692943\" data-element_type=\"widget\" data-e-type=\"widget\" data-widget_type=\"icon.default\">\n\t\t\t\t<div class=\"elementor-widget-container\">\n\t\t\t\t\t\t\t<div class=\"elementor-icon-wrapper\">\n\t\t\t<a class=\"elementor-icon elementor-animation-grow\" href=\"https:\/\/artglassrevestimentos.mercadoshops.com.br\/?preview=&#038;mshops-cookie-isguest=false&#038;mshops-redirection-timestamp=1656436868223&#038;mshops-cookie-cp=02471010\" target=\"_blank\">\n\t\t\t<i aria-hidden=\"true\" class=\"fas fa-shopping-cart\"><\/i>\t\t\t<\/a>\n\t\t<\/div>\n\t\t\t\t\t\t<\/div>\n\t\t\t\t<\/div>\n\t\t\t\t\t<\/div>\n\t\t<\/div>\n\t\t\t\t<div class=\"elementor-column elementor-col-16 elementor-top-column elementor-element elementor-element-758c07f\" data-id=\"758c07f\" data-element_type=\"column\" data-e-type=\"column\">\n\t\t\t<div class=\"elementor-widget-wrap elementor-element-populated\">\n\t\t\t\t\t\t<div class=\"elementor-element elementor-element-787d1a2 elementor-view-default elementor-widget elementor-widget-icon\" data-id=\"787d1a2\" data-element_type=\"widget\" data-e-type=\"widget\" data-widget_type=\"icon.default\">\n\t\t\t\t<div class=\"elementor-widget-container\">\n\t\t\t\t\t\t\t<div class=\"elementor-icon-wrapper\">\n\t\t\t<a class=\"elementor-icon elementor-animation-grow\" href=\"https:\/\/api.whatsapp.com\/send?phone=5511988866970&#038;text=Ol\u00e1%21+estou+no+site+Art+Glass+Revest+e+gostaria+de+mais+informa\u00e7\u00f5es.\" target=\"_blank\">\n\t\t\t<i aria-hidden=\"true\" class=\"fab fa-whatsapp\"><\/i>\t\t\t<\/a>\n\t\t<\/div>\n\t\t\t\t\t\t<\/div>\n\t\t\t\t<\/div>\n\t\t\t\t\t<\/div>\n\t\t<\/div>\n\t\t\t\t<div class=\"elementor-column elementor-col-16 elementor-top-column elementor-element elementor-element-f8ea179\" data-id=\"f8ea179\" data-element_type=\"column\" data-e-type=\"column\">\n\t\t\t<div class=\"elementor-widget-wrap elementor-element-populated\">\n\t\t\t\t\t\t<div class=\"elementor-element elementor-element-4e779aa elementor-view-default elementor-widget elementor-widget-icon\" data-id=\"4e779aa\" data-element_type=\"widget\" data-e-type=\"widget\" data-widget_type=\"icon.default\">\n\t\t\t\t<div class=\"elementor-widget-container\">\n\t\t\t\t\t\t\t<div class=\"elementor-icon-wrapper\">\n\t\t\t<a class=\"elementor-icon elementor-animation-grow\" href=\"https:\/\/www.instagram.com\/art_glass_revestimentos\/\" target=\"_blank\">\n\t\t\t<i aria-hidden=\"true\" class=\"fab fa-instagram\"><\/i>\t\t\t<\/a>\n\t\t<\/div>\n\t\t\t\t\t\t<\/div>\n\t\t\t\t<\/div>\n\t\t\t\t\t<\/div>\n\t\t<\/div>\n\t\t\t\t<div class=\"elementor-column elementor-col-16 elementor-top-column elementor-element elementor-element-2718296\" data-id=\"2718296\" data-element_type=\"column\" data-e-type=\"column\">\n\t\t\t<div class=\"elementor-widget-wrap elementor-element-populated\">\n\t\t\t\t\t\t<div class=\"elementor-element elementor-element-6f2790e elementor-view-default elementor-widget elementor-widget-icon\" data-id=\"6f2790e\" data-element_type=\"widget\" data-e-type=\"widget\" data-widget_type=\"icon.default\">\n\t\t\t\t<div class=\"elementor-widget-container\">\n\t\t\t\t\t\t\t<div class=\"elementor-icon-wrapper\">\n\t\t\t<a class=\"elementor-icon\" href=\"https:\/\/www.facebook.com\/artglassrevestimentos\/\" target=\"_blank\">\n\t\t\t<i aria-hidden=\"true\" class=\"fab fa-facebook\"><\/i>\t\t\t<\/a>\n\t\t<\/div>\n\t\t\t\t\t\t<\/div>\n\t\t\t\t<\/div>\n\t\t\t\t\t<\/div>\n\t\t<\/div>\n\t\t\t\t<div class=\"elementor-column elementor-col-16 elementor-top-column elementor-element elementor-element-6edb882\" data-id=\"6edb882\" data-element_type=\"column\" data-e-type=\"column\">\n\t\t\t<div class=\"elementor-widget-wrap elementor-element-populated\">\n\t\t\t\t\t\t<div class=\"elementor-element elementor-element-6bd1c11 elementor-view-default elementor-widget elementor-widget-icon\" data-id=\"6bd1c11\" data-element_type=\"widget\" data-e-type=\"widget\" data-widget_type=\"icon.default\">\n\t\t\t\t<div class=\"elementor-widget-container\">\n\t\t\t\t\t\t\t<div class=\"elementor-icon-wrapper\">\n\t\t\t<a class=\"elementor-icon\" href=\"https:\/\/www.youtube.com\/channel\/UC-YLFqGSF0ICV6WdBO8jQUw\">\n\t\t\t<i aria-hidden=\"true\" class=\"fab fa-youtube-square\"><\/i>\t\t\t<\/a>\n\t\t<\/div>\n\t\t\t\t\t\t<\/div>\n\t\t\t\t<\/div>\n\t\t\t\t\t<\/div>\n\t\t<\/div>\n\t\t\t\t<div class=\"elementor-column elementor-col-16 elementor-top-column elementor-element elementor-element-e51fa4a\" data-id=\"e51fa4a\" data-element_type=\"column\" data-e-type=\"column\">\n\t\t\t<div class=\"elementor-widget-wrap elementor-element-populated\">\n\t\t\t\t\t\t<div class=\"elementor-element elementor-element-8f2df0d elementor-view-default elementor-widget elementor-widget-icon\" data-id=\"8f2df0d\" data-element_type=\"widget\" data-e-type=\"widget\" data-widget_type=\"icon.default\">\n\t\t\t\t<div class=\"elementor-widget-container\">\n\t\t\t\t\t\t\t<div class=\"elementor-icon-wrapper\">\n\t\t\t<div class=\"elementor-icon\">\n\t\t\t<i aria-hidden=\"true\" class=\"fas fa-mail-bulk\"><\/i>\t\t\t<\/div>\n\t\t<\/div>\n\t\t\t\t\t\t<\/div>\n\t\t\t\t<\/div>\n\t\t\t\t\t<\/div>\n\t\t<\/div>\n\t\t\t\t\t<\/div>\n\t\t<\/section>\n\t\t\t\t<\/div>\n\t\t","protected":false},"excerpt":{"rendered":"<p>A APLICA\u00c7\u00c3O DE ARGAMASSA PARA PASTILHA DE PORCELANA Seguir as instru\u00e7\u00f5es do fabricante \u00e9 fundamental A argamassa para pastilha de porcelana \u00e9 um tipo de argamassa colante \u00a0que pode ser utilizada para assentamento e rejuntamento. N\u00e3o \u00e9 indicada para churrasqueiras, lareiras, frigor\u00edficos, bases com pinturas e outros revestimentos especiais. O preparo \u00e9 simples, mas deve [&hellip;]<\/p>\n","protected":false},"author":1,"featured_media":0,"parent":0,"menu_order":0,"comment_status":"closed","ping_status":"closed","template":"","meta":{"footnotes":""},"class_list":["post-136","page","type-page","status-publish","hentry"],"_links":{"self":[{"href":"https:\/\/artglassrevest.com.br\/index.php\/wp-json\/wp\/v2\/pages\/136","targetHints":{"allow":["GET"]}}],"collection":[{"href":"https:\/\/artglassrevest.com.br\/index.php\/wp-json\/wp\/v2\/pages"}],"about":[{"href":"https:\/\/artglassrevest.com.br\/index.php\/wp-json\/wp\/v2\/types\/page"}],"author":[{"embeddable":true,"href":"https:\/\/artglassrevest.com.br\/index.php\/wp-json\/wp\/v2\/users\/1"}],"replies":[{"embeddable":true,"href":"https:\/\/artglassrevest.com.br\/index.php\/wp-json\/wp\/v2\/comments?post=136"}],"version-history":[{"count":5,"href":"https:\/\/artglassrevest.com.br\/index.php\/wp-json\/wp\/v2\/pages\/136\/revisions"}],"predecessor-version":[{"id":1392,"href":"https:\/\/artglassrevest.com.br\/index.php\/wp-json\/wp\/v2\/pages\/136\/revisions\/1392"}],"wp:attachment":[{"href":"https:\/\/artglassrevest.com.br\/index.php\/wp-json\/wp\/v2\/media?parent=136"}],"curies":[{"name":"wp","href":"https:\/\/api.w.org\/{rel}","templated":true}]}}