{"id":301,"date":"2019-11-17T17:43:27","date_gmt":"2019-11-17T20:43:27","guid":{"rendered":"http:\/\/artglassrevest.com.br\/?page_id=301"},"modified":"2022-06-29T15:55:23","modified_gmt":"2022-06-29T18:55:23","slug":"comprar-papel-de-parede-arabesco","status":"publish","type":"page","link":"https:\/\/artglassrevest.com.br\/index.php\/comprar-papel-de-parede-arabesco\/","title":{"rendered":"Comprar Papel de Parede Arabesco"},"content":{"rendered":"\t\t<div data-elementor-type=\"wp-page\" data-elementor-id=\"301\" class=\"elementor elementor-301\">\n\t\t\t\t\t\t<section class=\"elementor-section elementor-top-section elementor-element elementor-element-2260724 elementor-section-boxed elementor-section-height-default elementor-section-height-default\" data-id=\"2260724\" data-element_type=\"section\" data-e-type=\"section\">\n\t\t\t\t\t\t<div class=\"elementor-container elementor-column-gap-default\">\n\t\t\t\t\t<div class=\"elementor-column elementor-col-33 elementor-top-column elementor-element elementor-element-614ba98\" data-id=\"614ba98\" data-element_type=\"column\" data-e-type=\"column\">\n\t\t\t<div class=\"elementor-widget-wrap elementor-element-populated\">\n\t\t\t\t\t\t<div class=\"elementor-element elementor-element-f11f586 elementor-widget elementor-widget-image\" data-id=\"f11f586\" data-element_type=\"widget\" data-e-type=\"widget\" data-widget_type=\"image.default\">\n\t\t\t\t<div class=\"elementor-widget-container\">\n\t\t\t\t\t\t\t\t\t\t\t\t\t\t\t<img fetchpriority=\"high\" decoding=\"async\" width=\"225\" height=\"225\" src=\"https:\/\/artglassrevest.com.br\/wp-content\/uploads\/2019\/11\/images-7.jpeg\" class=\"attachment-large size-large wp-image-306\" alt=\"\" srcset=\"https:\/\/artglassrevest.com.br\/wp-content\/uploads\/2019\/11\/images-7.jpeg 225w, https:\/\/artglassrevest.com.br\/wp-content\/uploads\/2019\/11\/images-7-150x150.jpeg 150w\" sizes=\"(max-width: 225px) 100vw, 225px\" \/>\t\t\t\t\t\t\t\t\t\t\t\t\t\t\t<\/div>\n\t\t\t\t<\/div>\n\t\t\t\t\t<\/div>\n\t\t<\/div>\n\t\t\t\t<div class=\"elementor-column elementor-col-33 elementor-top-column elementor-element elementor-element-7c725f6\" data-id=\"7c725f6\" data-element_type=\"column\" data-e-type=\"column\">\n\t\t\t<div class=\"elementor-widget-wrap elementor-element-populated\">\n\t\t\t\t\t\t<div class=\"elementor-element elementor-element-8945010 elementor-widget elementor-widget-image\" data-id=\"8945010\" data-element_type=\"widget\" data-e-type=\"widget\" data-widget_type=\"image.default\">\n\t\t\t\t<div class=\"elementor-widget-container\">\n\t\t\t\t\t\t\t\t\t\t\t\t\t\t\t\t<a href=\"http:\/\/artglassrevest.com.br\/wp-content\/uploads\/2019\/11\/images-6.jpeg\" data-elementor-open-lightbox=\"yes\" data-elementor-lightbox-title=\"images-6\" data-e-action-hash=\"#elementor-action%3Aaction%3Dlightbox%26settings%3DeyJpZCI6MzA1LCJ1cmwiOiJodHRwczpcL1wvYXJ0Z2xhc3NyZXZlc3QuY29tLmJyXC93cC1jb250ZW50XC91cGxvYWRzXC8yMDE5XC8xMVwvaW1hZ2VzLTYuanBlZyJ9\">\n\t\t\t\t\t\t\t<img decoding=\"async\" width=\"225\" height=\"225\" src=\"https:\/\/artglassrevest.com.br\/wp-content\/uploads\/2019\/11\/images-6.jpeg\" class=\"attachment-large size-large wp-image-305\" alt=\"\" srcset=\"https:\/\/artglassrevest.com.br\/wp-content\/uploads\/2019\/11\/images-6.jpeg 225w, https:\/\/artglassrevest.com.br\/wp-content\/uploads\/2019\/11\/images-6-150x150.jpeg 150w\" sizes=\"(max-width: 225px) 100vw, 225px\" \/>\t\t\t\t\t\t\t\t<\/a>\n\t\t\t\t\t\t\t\t\t\t\t\t\t\t\t<\/div>\n\t\t\t\t<\/div>\n\t\t\t\t\t<\/div>\n\t\t<\/div>\n\t\t\t\t<div class=\"elementor-column elementor-col-33 elementor-top-column elementor-element elementor-element-634563d\" data-id=\"634563d\" data-element_type=\"column\" data-e-type=\"column\">\n\t\t\t<div class=\"elementor-widget-wrap elementor-element-populated\">\n\t\t\t\t\t\t<div class=\"elementor-element elementor-element-4e1918d elementor-widget elementor-widget-image\" data-id=\"4e1918d\" data-element_type=\"widget\" data-e-type=\"widget\" data-widget_type=\"image.default\">\n\t\t\t\t<div class=\"elementor-widget-container\">\n\t\t\t\t\t\t\t\t\t\t\t\t\t\t\t\t<a href=\"http:\/\/artglassrevest.com.br\/wp-content\/uploads\/2019\/11\/images-5.jpeg\" data-elementor-open-lightbox=\"yes\" data-elementor-lightbox-title=\"images-5\" data-e-action-hash=\"#elementor-action%3Aaction%3Dlightbox%26settings%3DeyJpZCI6MzA0LCJ1cmwiOiJodHRwczpcL1wvYXJ0Z2xhc3NyZXZlc3QuY29tLmJyXC93cC1jb250ZW50XC91cGxvYWRzXC8yMDE5XC8xMVwvaW1hZ2VzLTUuanBlZyJ9\">\n\t\t\t\t\t\t\t<img decoding=\"async\" width=\"230\" height=\"219\" src=\"https:\/\/artglassrevest.com.br\/wp-content\/uploads\/2019\/11\/images-5.jpeg\" class=\"attachment-large size-large wp-image-304\" alt=\"\" \/>\t\t\t\t\t\t\t\t<\/a>\n\t\t\t\t\t\t\t\t\t\t\t\t\t\t\t<\/div>\n\t\t\t\t<\/div>\n\t\t\t\t\t<\/div>\n\t\t<\/div>\n\t\t\t\t\t<\/div>\n\t\t<\/section>\n\t\t\t\t<section class=\"elementor-section elementor-top-section elementor-element elementor-element-634a77e elementor-section-boxed elementor-section-height-default elementor-section-height-default\" data-id=\"634a77e\" data-element_type=\"section\" data-e-type=\"section\">\n\t\t\t\t\t\t<div class=\"elementor-container elementor-column-gap-default\">\n\t\t\t\t\t<div class=\"elementor-column elementor-col-100 elementor-top-column elementor-element elementor-element-6404404\" data-id=\"6404404\" data-element_type=\"column\" data-e-type=\"column\">\n\t\t\t<div class=\"elementor-widget-wrap elementor-element-populated\">\n\t\t\t\t\t\t<div class=\"elementor-element elementor-element-f03c236 elementor-widget elementor-widget-text-editor\" data-id=\"f03c236\" data-element_type=\"widget\" data-e-type=\"widget\" data-widget_type=\"text-editor.default\">\n\t\t\t\t<div class=\"elementor-widget-container\">\n\t\t\t\t\t\t\t\t\t<h5><strong>PAPEL DE PAREDE ARABESCO , SUAS FORMAS E CORES MARCANTES<\/strong><\/h5><p>Escolha desse tipo de papel de parede pode transformar ambientes sem vida<\/p><p>Ousar na escolha do papel de parede para seus ambientes, pode torna-los \u00a0sofisticados. O <strong>papel de parede arabesco<\/strong> \u00e9 uma dessas apostas de ousadia. Com texturas inspiradas nos arabescos, elementos da arte isl\u00e2mica, o <strong>papel de parede arabesco<\/strong> cria ambientes elegantes com formas marcantes.<\/p><p>Esse \u00e9 mais um revestimento de f\u00e1cil aplica\u00e7\u00e3o, sem sujeira ou poeira, que pode ser instalado por voc\u00ea mesmo. Os pap\u00e9is de parede como o <strong>papel de parede arabesco<\/strong> \u00a0s\u00e3o recursos cada vez mais utilizados, porque al\u00e9m da praticidade na instala\u00e7\u00e3o, s\u00e3o econ\u00f4micos, e por essas raz\u00f5es, conquistam cada dia mais o mercado de revestimentos.<\/p><p>Para ambientes sem nenhum revestimento ou cores mais vibrantes, a aplica\u00e7\u00e3o do <strong>papel de parede arabesco<\/strong> pode ser a solu\u00e7\u00e3o. Atualmente, os fabricantes de papel investem cada vez mais nesse tipo de revestimento, trazendo sempre novas cores e estampas. Dos mais cl\u00e1ssicos aos mais incrementados, existem op\u00e7\u00f5es para todos os gostos e em infinitas cores e desenhos.\u00a0<\/p><p>Antes de comprar o <strong>papel de parede arabesco<\/strong> saiba a metragem da parede, ou local onde ser\u00e1 feita a aplica\u00e7\u00e3o. Isso facilita a compra do revestimento.<\/p><p>Elaborar um planejamento, tentando buscar equil\u00edbrio, entre, os objetos e m\u00f3veis do ambiente e a estampa e cor do papel \u00e9 uma decis\u00e3o acertada. \u00a0Definir tamb\u00e9m, qual ser\u00e1 o espa\u00e7o onde a aplica\u00e7\u00e3o ser\u00e1 feita, e os elementos que podem ser colocados no ambiente para compor com o revestimento.<\/p><p>A qualidade do produto que voc\u00ea ir\u00e1 comprar tamb\u00e9m importa. Busque recomenda\u00e7\u00f5es de fabricantes mais seguros, e certifique-se que o revestimento \u00e9 de boa qualidade, de f\u00e1cil aplica\u00e7\u00e3o, e de f\u00e1cil manuten\u00e7\u00e3o.\u00a0<\/p><p>Alguns fabricantes de <strong>papel de parede arabesco<\/strong> disponibilizam, inclusive, aplicativos para que os clientes simulem a aplica\u00e7\u00e3o do papel de parede. Dessa forma, \u00e9 mais f\u00e1cil ter uma ideia de qual ser\u00e1 o resultado da aplica\u00e7\u00e3o do revestimento. Al\u00e9m de saber qual a combina\u00e7\u00e3o de cores do <strong>papel de parede arabesco<\/strong>, melhor se adapta na composi\u00e7\u00e3o do seu ambiente com os m\u00f3veis e objetos que j\u00e1 est\u00e3o nele. Instalar o papel de parede \u00e9 uma tarefa muito simples, basta seguir as instru\u00e7\u00f5es do fabricante. \u00c9 um processo r\u00e1pido e o resultado \u00e9 sempre satisfat\u00f3rio.\u00a0\u00a0<\/p>\t\t\t\t\t\t\t\t<\/div>\n\t\t\t\t<\/div>\n\t\t\t\t\t<\/div>\n\t\t<\/div>\n\t\t\t\t\t<\/div>\n\t\t<\/section>\n\t\t\t\t<section class=\"elementor-section elementor-top-section elementor-element elementor-element-1d36e99 elementor-section-boxed elementor-section-height-default elementor-section-height-default\" data-id=\"1d36e99\" data-element_type=\"section\" data-e-type=\"section\">\n\t\t\t\t\t\t<div class=\"elementor-container elementor-column-gap-default\">\n\t\t\t\t\t<div class=\"elementor-column elementor-col-50 elementor-top-column elementor-element elementor-element-402d9e5\" data-id=\"402d9e5\" data-element_type=\"column\" data-e-type=\"column\">\n\t\t\t<div class=\"elementor-widget-wrap elementor-element-populated\">\n\t\t\t\t\t\t<div class=\"elementor-element elementor-element-c46b928 elementor-view-default elementor-widget elementor-widget-icon\" data-id=\"c46b928\" data-element_type=\"widget\" data-e-type=\"widget\" data-widget_type=\"icon.default\">\n\t\t\t\t<div class=\"elementor-widget-container\">\n\t\t\t\t\t\t\t<div class=\"elementor-icon-wrapper\">\n\t\t\t<a class=\"elementor-icon elementor-animation-grow\" href=\"http:\/\/artglassrevest.com.br\/index.php\/papel-de-parede\" target=\"_blank\">\n\t\t\t<i aria-hidden=\"true\" class=\"fas fa-book-open\"><\/i>\t\t\t<\/a>\n\t\t<\/div>\n\t\t\t\t\t\t<\/div>\n\t\t\t\t<\/div>\n\t\t\t\t\t<\/div>\n\t\t<\/div>\n\t\t\t\t<div class=\"elementor-column elementor-col-50 elementor-top-column elementor-element elementor-element-7150aab\" data-id=\"7150aab\" data-element_type=\"column\" data-e-type=\"column\">\n\t\t\t<div class=\"elementor-widget-wrap elementor-element-populated\">\n\t\t\t\t\t\t<div class=\"elementor-element elementor-element-36ad1c3 elementor-widget elementor-widget-text-editor\" data-id=\"36ad1c3\" data-element_type=\"widget\" data-e-type=\"widget\" data-widget_type=\"text-editor.default\">\n\t\t\t\t<div class=\"elementor-widget-container\">\n\t\t\t\t\t\t\t\t\t<p><a href=\"http:\/\/artglassrevest.com.br\/index.php\/papel-de-parede\/\" target=\"_blank\" rel=\"noopener\">Ver Modelos de Papel de Parede<\/a><\/p>\t\t\t\t\t\t\t\t<\/div>\n\t\t\t\t<\/div>\n\t\t\t\t\t<\/div>\n\t\t<\/div>\n\t\t\t\t\t<\/div>\n\t\t<\/section>\n\t\t\t\t<section class=\"elementor-section elementor-top-section elementor-element elementor-element-9efbe4e elementor-section-boxed elementor-section-height-default elementor-section-height-default\" data-id=\"9efbe4e\" data-element_type=\"section\" data-e-type=\"section\">\n\t\t\t\t\t\t<div class=\"elementor-container elementor-column-gap-default\">\n\t\t\t\t\t<div class=\"elementor-column elementor-col-33 elementor-top-column elementor-element elementor-element-a7b27cc\" data-id=\"a7b27cc\" data-element_type=\"column\" data-e-type=\"column\">\n\t\t\t<div class=\"elementor-widget-wrap elementor-element-populated\">\n\t\t\t\t\t\t<div class=\"elementor-element elementor-element-73a70de elementor-widget elementor-widget-google_maps\" data-id=\"73a70de\" data-element_type=\"widget\" data-e-type=\"widget\" data-widget_type=\"google_maps.default\">\n\t\t\t\t<div class=\"elementor-widget-container\">\n\t\t\t\t\t\t\t<div class=\"elementor-custom-embed\">\n\t\t\t<iframe loading=\"lazy\"\n\t\t\t\t\tsrc=\"https:\/\/maps.google.com\/maps?q=Rua%20Oscar%20Freire%2C%202213%20&#038;t=m&#038;z=14&#038;output=embed&#038;iwloc=near\"\n\t\t\t\t\ttitle=\"Rua Oscar Freire, 2213 \"\n\t\t\t\t\taria-label=\"Rua Oscar Freire, 2213 \"\n\t\t\t><\/iframe>\n\t\t<\/div>\n\t\t\t\t\t\t<\/div>\n\t\t\t\t<\/div>\n\t\t\t\t\t<\/div>\n\t\t<\/div>\n\t\t\t\t<div class=\"elementor-column elementor-col-33 elementor-top-column elementor-element elementor-element-54ef3bf\" data-id=\"54ef3bf\" data-element_type=\"column\" data-e-type=\"column\">\n\t\t\t<div class=\"elementor-widget-wrap elementor-element-populated\">\n\t\t\t\t\t\t<div class=\"elementor-element elementor-element-0a48e35 elementor-view-default elementor-widget elementor-widget-icon\" data-id=\"0a48e35\" data-element_type=\"widget\" data-e-type=\"widget\" data-widget_type=\"icon.default\">\n\t\t\t\t<div class=\"elementor-widget-container\">\n\t\t\t\t\t\t\t<div class=\"elementor-icon-wrapper\">\n\t\t\t<div class=\"elementor-icon\">\n\t\t\t<i aria-hidden=\"true\" class=\"fas fa-phone-alt\"><\/i>\t\t\t<\/div>\n\t\t<\/div>\n\t\t\t\t\t\t<\/div>\n\t\t\t\t<\/div>\n\t\t\t\t<div class=\"elementor-element elementor-element-b2651e7 elementor-view-default elementor-widget elementor-widget-icon\" data-id=\"b2651e7\" data-element_type=\"widget\" data-e-type=\"widget\" data-widget_type=\"icon.default\">\n\t\t\t\t<div class=\"elementor-widget-container\">\n\t\t\t\t\t\t\t<div class=\"elementor-icon-wrapper\">\n\t\t\t<a class=\"elementor-icon elementor-animation-grow\" href=\"https:\/\/api.whatsapp.com\/send?phone=5511988866970&#038;text=Ol\u00e1%21+estou+no+site+Art+Glass+Revest+e+gostaria+de+mais+informa\u00e7\u00f5es.\" target=\"_blank\">\n\t\t\t<i aria-hidden=\"true\" class=\"fab fa-whatsapp\"><\/i>\t\t\t<\/a>\n\t\t<\/div>\n\t\t\t\t\t\t<\/div>\n\t\t\t\t<\/div>\n\t\t\t\t<div class=\"elementor-element elementor-element-405ce8b elementor-view-default elementor-widget elementor-widget-icon\" data-id=\"405ce8b\" data-element_type=\"widget\" data-e-type=\"widget\" data-widget_type=\"icon.default\">\n\t\t\t\t<div class=\"elementor-widget-container\">\n\t\t\t\t\t\t\t<div class=\"elementor-icon-wrapper\">\n\t\t\t<div class=\"elementor-icon\">\n\t\t\t<i aria-hidden=\"true\" class=\"fas fa-mail-bulk\"><\/i>\t\t\t<\/div>\n\t\t<\/div>\n\t\t\t\t\t\t<\/div>\n\t\t\t\t<\/div>\n\t\t\t\t<div class=\"elementor-element elementor-element-767f937 elementor-view-default elementor-widget elementor-widget-icon\" data-id=\"767f937\" data-element_type=\"widget\" data-e-type=\"widget\" data-widget_type=\"icon.default\">\n\t\t\t\t<div class=\"elementor-widget-container\">\n\t\t\t\t\t\t\t<div class=\"elementor-icon-wrapper\">\n\t\t\t<div class=\"elementor-icon\">\n\t\t\t<i aria-hidden=\"true\" class=\"fas fa-location-arrow\"><\/i>\t\t\t<\/div>\n\t\t<\/div>\n\t\t\t\t\t\t<\/div>\n\t\t\t\t<\/div>\n\t\t\t\t\t<\/div>\n\t\t<\/div>\n\t\t\t\t<div class=\"elementor-column elementor-col-33 elementor-top-column elementor-element elementor-element-9210aef\" data-id=\"9210aef\" data-element_type=\"column\" data-e-type=\"column\">\n\t\t\t<div class=\"elementor-widget-wrap elementor-element-populated\">\n\t\t\t\t\t\t<div class=\"elementor-element elementor-element-235c350 elementor-widget elementor-widget-text-editor\" data-id=\"235c350\" data-element_type=\"widget\" data-e-type=\"widget\" data-widget_type=\"text-editor.default\">\n\t\t\t\t<div class=\"elementor-widget-container\">\n\t\t\t\t\t\t\t\t\t<h4><strong> 11 -3085-1057<\/strong><\/h4>\t\t\t\t\t\t\t\t<\/div>\n\t\t\t\t<\/div>\n\t\t\t\t<div class=\"elementor-element elementor-element-b99f064 elementor-widget elementor-widget-text-editor\" data-id=\"b99f064\" data-element_type=\"widget\" data-e-type=\"widget\" data-widget_type=\"text-editor.default\">\n\t\t\t\t<div class=\"elementor-widget-container\">\n\t\t\t\t\t\t\t\t\t<p><strong>\u00a0 \u00a0 \u00a0<\/strong><strong> 11 -9888-66970<\/strong><\/p>\t\t\t\t\t\t\t\t<\/div>\n\t\t\t\t<\/div>\n\t\t\t\t<div class=\"elementor-element elementor-element-0d575c8 elementor-widget elementor-widget-text-editor\" data-id=\"0d575c8\" data-element_type=\"widget\" data-e-type=\"widget\" data-widget_type=\"text-editor.default\">\n\t\t\t\t<div class=\"elementor-widget-container\">\n\t\t\t\t\t\t\t\t\t<p><strong>contato@artglassrevestimentos.com.br<\/strong><\/p>\t\t\t\t\t\t\t\t<\/div>\n\t\t\t\t<\/div>\n\t\t\t\t<div class=\"elementor-element elementor-element-fbfb9d6 elementor-widget elementor-widget-text-editor\" data-id=\"fbfb9d6\" data-element_type=\"widget\" data-e-type=\"widget\" data-widget_type=\"text-editor.default\">\n\t\t\t\t<div class=\"elementor-widget-container\">\n\t\t\t\t\t\t\t\t\t<p><strong>Rua Oscar Freire, 2213<\/strong><\/p><p>Pinheiros, S\u00e3o Paulo -SP<\/p>\t\t\t\t\t\t\t\t<\/div>\n\t\t\t\t<\/div>\n\t\t\t\t\t<\/div>\n\t\t<\/div>\n\t\t\t\t\t<\/div>\n\t\t<\/section>\n\t\t\t\t<section class=\"elementor-section elementor-top-section elementor-element elementor-element-8efd926 elementor-section-boxed elementor-section-height-default elementor-section-height-default\" data-id=\"8efd926\" data-element_type=\"section\" data-e-type=\"section\">\n\t\t\t\t\t\t<div class=\"elementor-container elementor-column-gap-default\">\n\t\t\t\t\t<div class=\"elementor-column elementor-col-16 elementor-top-column elementor-element elementor-element-c2ed943\" data-id=\"c2ed943\" data-element_type=\"column\" data-e-type=\"column\">\n\t\t\t<div class=\"elementor-widget-wrap elementor-element-populated\">\n\t\t\t\t\t\t<div class=\"elementor-element elementor-element-6a696d2 elementor-view-default elementor-widget elementor-widget-icon\" data-id=\"6a696d2\" data-element_type=\"widget\" data-e-type=\"widget\" data-widget_type=\"icon.default\">\n\t\t\t\t<div class=\"elementor-widget-container\">\n\t\t\t\t\t\t\t<div class=\"elementor-icon-wrapper\">\n\t\t\t<a class=\"elementor-icon elementor-animation-grow\" href=\"https:\/\/artglassrevestimentos.mercadoshops.com.br\/?preview=&#038;mshops-cookie-isguest=false&#038;mshops-redirection-timestamp=1656436868223&#038;mshops-cookie-cp=02471010\" target=\"_blank\">\n\t\t\t<i aria-hidden=\"true\" class=\"fas fa-shopping-cart\"><\/i>\t\t\t<\/a>\n\t\t<\/div>\n\t\t\t\t\t\t<\/div>\n\t\t\t\t<\/div>\n\t\t\t\t\t<\/div>\n\t\t<\/div>\n\t\t\t\t<div class=\"elementor-column elementor-col-16 elementor-top-column elementor-element elementor-element-89f58cb\" data-id=\"89f58cb\" data-element_type=\"column\" data-e-type=\"column\">\n\t\t\t<div class=\"elementor-widget-wrap elementor-element-populated\">\n\t\t\t\t\t\t<div class=\"elementor-element elementor-element-cb14986 elementor-view-default elementor-widget elementor-widget-icon\" data-id=\"cb14986\" data-element_type=\"widget\" data-e-type=\"widget\" data-widget_type=\"icon.default\">\n\t\t\t\t<div class=\"elementor-widget-container\">\n\t\t\t\t\t\t\t<div class=\"elementor-icon-wrapper\">\n\t\t\t<a class=\"elementor-icon elementor-animation-grow\" href=\"https:\/\/api.whatsapp.com\/send?phone=5511988866970&#038;text=Ol\u00e1%21+estou+no+site+Art+Glass+Revest+e+gostaria+de+mais+informa\u00e7\u00f5es.\" target=\"_blank\">\n\t\t\t<i aria-hidden=\"true\" class=\"fab fa-whatsapp\"><\/i>\t\t\t<\/a>\n\t\t<\/div>\n\t\t\t\t\t\t<\/div>\n\t\t\t\t<\/div>\n\t\t\t\t\t<\/div>\n\t\t<\/div>\n\t\t\t\t<div class=\"elementor-column elementor-col-16 elementor-top-column elementor-element elementor-element-1cbc269\" data-id=\"1cbc269\" data-element_type=\"column\" data-e-type=\"column\">\n\t\t\t<div class=\"elementor-widget-wrap elementor-element-populated\">\n\t\t\t\t\t\t<div class=\"elementor-element elementor-element-9049d55 elementor-view-default elementor-widget elementor-widget-icon\" data-id=\"9049d55\" data-element_type=\"widget\" data-e-type=\"widget\" data-widget_type=\"icon.default\">\n\t\t\t\t<div class=\"elementor-widget-container\">\n\t\t\t\t\t\t\t<div class=\"elementor-icon-wrapper\">\n\t\t\t<a class=\"elementor-icon elementor-animation-grow\" href=\"https:\/\/www.instagram.com\/art_glass_revestimentos\/\" target=\"_blank\">\n\t\t\t<i aria-hidden=\"true\" class=\"fab fa-instagram\"><\/i>\t\t\t<\/a>\n\t\t<\/div>\n\t\t\t\t\t\t<\/div>\n\t\t\t\t<\/div>\n\t\t\t\t\t<\/div>\n\t\t<\/div>\n\t\t\t\t<div class=\"elementor-column elementor-col-16 elementor-top-column elementor-element elementor-element-bc2dd11\" data-id=\"bc2dd11\" data-element_type=\"column\" data-e-type=\"column\">\n\t\t\t<div class=\"elementor-widget-wrap elementor-element-populated\">\n\t\t\t\t\t\t<div class=\"elementor-element elementor-element-d7ddaa0 elementor-view-default elementor-widget elementor-widget-icon\" data-id=\"d7ddaa0\" data-element_type=\"widget\" data-e-type=\"widget\" data-widget_type=\"icon.default\">\n\t\t\t\t<div class=\"elementor-widget-container\">\n\t\t\t\t\t\t\t<div class=\"elementor-icon-wrapper\">\n\t\t\t<a class=\"elementor-icon\" href=\"https:\/\/www.facebook.com\/artglassrevestimentos\/\" target=\"_blank\">\n\t\t\t<i aria-hidden=\"true\" class=\"fab fa-facebook\"><\/i>\t\t\t<\/a>\n\t\t<\/div>\n\t\t\t\t\t\t<\/div>\n\t\t\t\t<\/div>\n\t\t\t\t\t<\/div>\n\t\t<\/div>\n\t\t\t\t<div class=\"elementor-column elementor-col-16 elementor-top-column elementor-element elementor-element-b03c2b1\" data-id=\"b03c2b1\" data-element_type=\"column\" data-e-type=\"column\">\n\t\t\t<div class=\"elementor-widget-wrap elementor-element-populated\">\n\t\t\t\t\t\t<div class=\"elementor-element elementor-element-b04d176 elementor-view-default elementor-widget elementor-widget-icon\" data-id=\"b04d176\" data-element_type=\"widget\" data-e-type=\"widget\" data-widget_type=\"icon.default\">\n\t\t\t\t<div class=\"elementor-widget-container\">\n\t\t\t\t\t\t\t<div class=\"elementor-icon-wrapper\">\n\t\t\t<a class=\"elementor-icon\" href=\"https:\/\/www.youtube.com\/channel\/UC-YLFqGSF0ICV6WdBO8jQUw\">\n\t\t\t<i aria-hidden=\"true\" class=\"fab fa-youtube-square\"><\/i>\t\t\t<\/a>\n\t\t<\/div>\n\t\t\t\t\t\t<\/div>\n\t\t\t\t<\/div>\n\t\t\t\t\t<\/div>\n\t\t<\/div>\n\t\t\t\t<div class=\"elementor-column elementor-col-16 elementor-top-column elementor-element elementor-element-514d18e\" data-id=\"514d18e\" data-element_type=\"column\" data-e-type=\"column\">\n\t\t\t<div class=\"elementor-widget-wrap elementor-element-populated\">\n\t\t\t\t\t\t<div class=\"elementor-element elementor-element-d0f5d89 elementor-view-default elementor-widget elementor-widget-icon\" data-id=\"d0f5d89\" data-element_type=\"widget\" data-e-type=\"widget\" data-widget_type=\"icon.default\">\n\t\t\t\t<div class=\"elementor-widget-container\">\n\t\t\t\t\t\t\t<div class=\"elementor-icon-wrapper\">\n\t\t\t<div class=\"elementor-icon\">\n\t\t\t<i aria-hidden=\"true\" class=\"fas fa-mail-bulk\"><\/i>\t\t\t<\/div>\n\t\t<\/div>\n\t\t\t\t\t\t<\/div>\n\t\t\t\t<\/div>\n\t\t\t\t\t<\/div>\n\t\t<\/div>\n\t\t\t\t\t<\/div>\n\t\t<\/section>\n\t\t\t\t<\/div>\n\t\t","protected":false},"excerpt":{"rendered":"<p>PAPEL DE PAREDE ARABESCO , SUAS FORMAS E CORES MARCANTES Escolha desse tipo de papel de parede pode transformar ambientes sem vida Ousar na escolha do papel de parede para seus ambientes, pode torna-los \u00a0sofisticados. O papel de parede arabesco \u00e9 uma dessas apostas de ousadia. Com texturas inspiradas nos arabescos, elementos da arte isl\u00e2mica, [&hellip;]<\/p>\n","protected":false},"author":1,"featured_media":0,"parent":0,"menu_order":0,"comment_status":"closed","ping_status":"closed","template":"","meta":{"footnotes":""},"class_list":["post-301","page","type-page","status-publish","hentry"],"_links":{"self":[{"href":"https:\/\/artglassrevest.com.br\/index.php\/wp-json\/wp\/v2\/pages\/301","targetHints":{"allow":["GET"]}}],"collection":[{"href":"https:\/\/artglassrevest.com.br\/index.php\/wp-json\/wp\/v2\/pages"}],"about":[{"href":"https:\/\/artglassrevest.com.br\/index.php\/wp-json\/wp\/v2\/types\/page"}],"author":[{"embeddable":true,"href":"https:\/\/artglassrevest.com.br\/index.php\/wp-json\/wp\/v2\/users\/1"}],"replies":[{"embeddable":true,"href":"https:\/\/artglassrevest.com.br\/index.php\/wp-json\/wp\/v2\/comments?post=301"}],"version-history":[{"count":12,"href":"https:\/\/artglassrevest.com.br\/index.php\/wp-json\/wp\/v2\/pages\/301\/revisions"}],"predecessor-version":[{"id":1627,"href":"https:\/\/artglassrevest.com.br\/index.php\/wp-json\/wp\/v2\/pages\/301\/revisions\/1627"}],"wp:attachment":[{"href":"https:\/\/artglassrevest.com.br\/index.php\/wp-json\/wp\/v2\/media?parent=301"}],"curies":[{"name":"wp","href":"https:\/\/api.w.org\/{rel}","templated":true}]}}