{"id":349,"date":"2019-11-17T18:17:49","date_gmt":"2019-11-17T21:17:49","guid":{"rendered":"http:\/\/artglassrevest.com.br\/?page_id=349"},"modified":"2022-06-29T16:20:29","modified_gmt":"2022-06-29T19:20:29","slug":"pastilha-de-aco-inox","status":"publish","type":"page","link":"https:\/\/artglassrevest.com.br\/index.php\/pastilha-de-aco-inox\/","title":{"rendered":"Pastilha de A\u00e7o Inox"},"content":{"rendered":"\t\t<div data-elementor-type=\"wp-page\" data-elementor-id=\"349\" class=\"elementor elementor-349\">\n\t\t\t\t\t\t<section class=\"elementor-section elementor-top-section elementor-element elementor-element-0b20bb8 elementor-section-boxed elementor-section-height-default elementor-section-height-default\" data-id=\"0b20bb8\" data-element_type=\"section\" data-e-type=\"section\">\n\t\t\t\t\t\t<div class=\"elementor-container elementor-column-gap-default\">\n\t\t\t\t\t<div class=\"elementor-column elementor-col-33 elementor-top-column elementor-element elementor-element-3a2598a\" data-id=\"3a2598a\" data-element_type=\"column\" data-e-type=\"column\">\n\t\t\t<div class=\"elementor-widget-wrap elementor-element-populated\">\n\t\t\t\t\t\t<div class=\"elementor-element elementor-element-2e6f630 elementor-widget elementor-widget-image\" data-id=\"2e6f630\" data-element_type=\"widget\" data-e-type=\"widget\" data-widget_type=\"image.default\">\n\t\t\t\t<div class=\"elementor-widget-container\">\n\t\t\t\t\t\t\t\t\t\t\t\t\t\t\t\t<a href=\"http:\/\/artglassrevest.com.br\/wp-content\/uploads\/2019\/11\/331B8E63-F179-4492-AEF9-2D968F3A93A0.jpg\" data-elementor-open-lightbox=\"yes\" data-elementor-lightbox-title=\"331B8E63-F179-4492-AEF9-2D968F3A93A0\" data-e-action-hash=\"#elementor-action%3Aaction%3Dlightbox%26settings%3DeyJpZCI6NDcsInVybCI6Imh0dHBzOlwvXC9hcnRnbGFzc3JldmVzdC5jb20uYnJcL3dwLWNvbnRlbnRcL3VwbG9hZHNcLzIwMTlcLzExXC8zMzFCOEU2My1GMTc5LTQ0OTItQUVGOS0yRDk2OEYzQTkzQTAuanBnIn0%3D\">\n\t\t\t\t\t\t\t<img fetchpriority=\"high\" decoding=\"async\" width=\"300\" height=\"300\" src=\"https:\/\/artglassrevest.com.br\/wp-content\/uploads\/2019\/11\/331B8E63-F179-4492-AEF9-2D968F3A93A0-300x300.jpg\" class=\"attachment-medium size-medium wp-image-47\" alt=\"\" srcset=\"https:\/\/artglassrevest.com.br\/wp-content\/uploads\/2019\/11\/331B8E63-F179-4492-AEF9-2D968F3A93A0-300x300.jpg 300w, https:\/\/artglassrevest.com.br\/wp-content\/uploads\/2019\/11\/331B8E63-F179-4492-AEF9-2D968F3A93A0-150x150.jpg 150w, https:\/\/artglassrevest.com.br\/wp-content\/uploads\/2019\/11\/331B8E63-F179-4492-AEF9-2D968F3A93A0.jpg 733w\" sizes=\"(max-width: 300px) 100vw, 300px\" \/>\t\t\t\t\t\t\t\t<\/a>\n\t\t\t\t\t\t\t\t\t\t\t\t\t\t\t<\/div>\n\t\t\t\t<\/div>\n\t\t\t\t\t<\/div>\n\t\t<\/div>\n\t\t\t\t<div class=\"elementor-column elementor-col-33 elementor-top-column elementor-element elementor-element-7dfb28e\" data-id=\"7dfb28e\" data-element_type=\"column\" data-e-type=\"column\">\n\t\t\t<div class=\"elementor-widget-wrap elementor-element-populated\">\n\t\t\t\t\t\t<div class=\"elementor-element elementor-element-ca38c58 elementor-widget elementor-widget-image\" data-id=\"ca38c58\" data-element_type=\"widget\" data-e-type=\"widget\" data-widget_type=\"image.default\">\n\t\t\t\t<div class=\"elementor-widget-container\">\n\t\t\t\t\t\t\t\t\t\t\t\t\t\t\t\t<a href=\"http:\/\/artglassrevest.com.br\/wp-content\/uploads\/2019\/11\/0deb08f6f454fadc6862a93197d8bec1.jpg\" data-elementor-open-lightbox=\"yes\" data-elementor-lightbox-title=\"0deb08f6f454fadc6862a93197d8bec1\" data-e-action-hash=\"#elementor-action%3Aaction%3Dlightbox%26settings%3DeyJpZCI6MTY4LCJ1cmwiOiJodHRwczpcL1wvYXJ0Z2xhc3NyZXZlc3QuY29tLmJyXC93cC1jb250ZW50XC91cGxvYWRzXC8yMDE5XC8xMVwvMGRlYjA4ZjZmNDU0ZmFkYzY4NjJhOTMxOTdkOGJlYzEuanBnIn0%3D\">\n\t\t\t\t\t\t\t<img decoding=\"async\" width=\"245\" height=\"300\" src=\"https:\/\/artglassrevest.com.br\/wp-content\/uploads\/2019\/11\/0deb08f6f454fadc6862a93197d8bec1-245x300.jpg\" class=\"attachment-medium size-medium wp-image-168\" alt=\"\" srcset=\"https:\/\/artglassrevest.com.br\/wp-content\/uploads\/2019\/11\/0deb08f6f454fadc6862a93197d8bec1-245x300.jpg 245w, https:\/\/artglassrevest.com.br\/wp-content\/uploads\/2019\/11\/0deb08f6f454fadc6862a93197d8bec1-835x1024.jpg 835w, https:\/\/artglassrevest.com.br\/wp-content\/uploads\/2019\/11\/0deb08f6f454fadc6862a93197d8bec1-768x942.jpg 768w, https:\/\/artglassrevest.com.br\/wp-content\/uploads\/2019\/11\/0deb08f6f454fadc6862a93197d8bec1.jpg 1080w\" sizes=\"(max-width: 245px) 100vw, 245px\" \/>\t\t\t\t\t\t\t\t<\/a>\n\t\t\t\t\t\t\t\t\t\t\t\t\t\t\t<\/div>\n\t\t\t\t<\/div>\n\t\t\t\t\t<\/div>\n\t\t<\/div>\n\t\t\t\t<div class=\"elementor-column elementor-col-33 elementor-top-column elementor-element elementor-element-be954fe\" data-id=\"be954fe\" data-element_type=\"column\" data-e-type=\"column\">\n\t\t\t<div class=\"elementor-widget-wrap elementor-element-populated\">\n\t\t\t\t\t\t<div class=\"elementor-element elementor-element-af4f267 elementor-widget elementor-widget-image\" data-id=\"af4f267\" data-element_type=\"widget\" data-e-type=\"widget\" data-widget_type=\"image.default\">\n\t\t\t\t<div class=\"elementor-widget-container\">\n\t\t\t\t\t\t\t\t\t\t\t\t\t\t\t\t<a href=\"http:\/\/artglassrevest.com.br\/wp-content\/uploads\/2019\/11\/imagem1.jpg\" data-elementor-open-lightbox=\"yes\" data-elementor-lightbox-title=\"imagem1\" data-e-action-hash=\"#elementor-action%3Aaction%3Dlightbox%26settings%3DeyJpZCI6MTY5LCJ1cmwiOiJodHRwczpcL1wvYXJ0Z2xhc3NyZXZlc3QuY29tLmJyXC93cC1jb250ZW50XC91cGxvYWRzXC8yMDE5XC8xMVwvaW1hZ2VtMS5qcGcifQ%3D%3D\">\n\t\t\t\t\t\t\t<img decoding=\"async\" width=\"300\" height=\"212\" src=\"https:\/\/artglassrevest.com.br\/wp-content\/uploads\/2019\/11\/imagem1-300x212.jpg\" class=\"attachment-medium size-medium wp-image-169\" alt=\"\" srcset=\"https:\/\/artglassrevest.com.br\/wp-content\/uploads\/2019\/11\/imagem1-300x212.jpg 300w, https:\/\/artglassrevest.com.br\/wp-content\/uploads\/2019\/11\/imagem1-1024x724.jpg 1024w, https:\/\/artglassrevest.com.br\/wp-content\/uploads\/2019\/11\/imagem1-768x543.jpg 768w, https:\/\/artglassrevest.com.br\/wp-content\/uploads\/2019\/11\/imagem1-1536x1086.jpg 1536w, https:\/\/artglassrevest.com.br\/wp-content\/uploads\/2019\/11\/imagem1.jpg 1600w\" sizes=\"(max-width: 300px) 100vw, 300px\" \/>\t\t\t\t\t\t\t\t<\/a>\n\t\t\t\t\t\t\t\t\t\t\t\t\t\t\t<\/div>\n\t\t\t\t<\/div>\n\t\t\t\t\t<\/div>\n\t\t<\/div>\n\t\t\t\t\t<\/div>\n\t\t<\/section>\n\t\t\t\t<section class=\"elementor-section elementor-top-section elementor-element elementor-element-3e1d4f1 elementor-section-boxed elementor-section-height-default elementor-section-height-default\" data-id=\"3e1d4f1\" data-element_type=\"section\" data-e-type=\"section\">\n\t\t\t\t\t\t<div class=\"elementor-container elementor-column-gap-default\">\n\t\t\t\t\t<div class=\"elementor-column elementor-col-100 elementor-top-column elementor-element elementor-element-33e580d\" data-id=\"33e580d\" data-element_type=\"column\" data-e-type=\"column\">\n\t\t\t<div class=\"elementor-widget-wrap elementor-element-populated\">\n\t\t\t\t\t\t<div class=\"elementor-element elementor-element-8f8f22c elementor-widget elementor-widget-text-editor\" data-id=\"8f8f22c\" data-element_type=\"widget\" data-e-type=\"widget\" data-widget_type=\"text-editor.default\">\n\t\t\t\t<div class=\"elementor-widget-container\">\n\t\t\t\t\t\t\t\t\t<h5><strong>PASTILHA DE A\u00c7O INOX S\u00c3O RESISTENTES A CORROS\u00c3O<\/strong><\/h5><p>S\u00e3o indicadas para \u00e1reas \u00famidas<\/p><p>O acabamento metalizado ou escovado das <strong>pastilha de a\u00e7o inox<\/strong> , faz com que esses produtos tenham alto valor est\u00e9tico. A cozinha \u00e9 o lugar mais indicado para esses revestimentos, al\u00e9m de outras \u00e1reas onde se exija revestimentos com alta durabilidade e resist\u00eancia \u00e0 oxida\u00e7\u00e3o.<\/p><p>O a\u00e7o inox apresenta propriedades maiores que o a\u00e7o comum. Isso garante que ele fique protegido contra ferrugem. Essas carater\u00edsticas tamb\u00e9m garantem ao consumidor, comprar um material que necessitar\u00e1 de pouca manuten\u00e7\u00e3o.<\/p><p>Podem cobrir espa\u00e7os, ou apenas servir de acabamento em paredes e bancadas da pia e do fog\u00e3o. Pela grande procura da <strong>pastilha de a\u00e7o inox<\/strong> para \u00e1reas internas e externas, alguns fabricantes j\u00e1 investem em formatos diferenciados, com pe\u00e7as que podem criar mosaicos e desenhos. Outros revestimentos como pastilhas de vidro em a\u00e7o inox , tamb\u00e9m est\u00e3o dispon\u00edveis.<\/p><p>A <strong>pastilha de a\u00e7o inox<\/strong> \u00e9 o revestimento indicado para espa\u00e7os que necessitem de resist\u00eancia \u00e0 corros\u00e3o, o a\u00e7o inox tamb\u00e9m vem sendo largamente utilizado por seu apelo est\u00e9tico e por suas condi\u00e7\u00f5es de higiene.<\/p><p>No revestimento de <strong>pastilha de a\u00e7o inox<\/strong>, \u00e9 preciso utilizar ferramentas adequadas que n\u00e3o arranhem nem danifiquem as pe\u00e7as. Uma esp\u00e1tula de EVA ou emborrachada \u00e9 uma boa op\u00e7\u00e3o. A \u00faltima etapa na instala\u00e7\u00e3o da <strong>pastilha de a\u00e7o inox<\/strong> \u00e9 retirar o pl\u00e1stico que protege as pe\u00e7as. O rejunte recomendado tamb\u00e9m \u00e9 especial para esse tipo de pastilha.<\/p><p>A rea\u00e7\u00e3o \u00e0s mudan\u00e7as de temperatura, da <strong>pastilha de a\u00e7o inox<\/strong>, \u00e9 muito boa e n\u00e3o se recomenda a utiliza\u00e7\u00e3o de junta seca, devido a sua boa dilata\u00e7\u00e3o na exposi\u00e7\u00e3o a calor ou frio.\u00a0<\/p><p>No revestimento de ambientes, as <strong>pastilha de a\u00e7o inox<\/strong> podem ser utilizadas isoladamente ou intercaladas. Sua aplica\u00e7\u00e3o pode ser tanto em \u00e1reas internas quanto externas. As diversas marcas, que produzem <strong>pastilha de a\u00e7o inox<\/strong>, oferecem op\u00e7\u00f5es em a\u00e7o inox natural, polido ou escovado, e ainda em modelos decorados com motivos padronizados ou personalizados.<\/p><p>A composi\u00e7\u00e3o desse tipo de pastilha \u00e9, basicamente, de liga de ferro, carbono e cromo, e uma camada invis\u00edvel que o protege da corros\u00e3o. \u00c9 poss\u00edvel encontrar revestimentos dessas pastilhas misturados com pastilha de vidro. S\u00e3o muito recomendadas para \u00e1reas como cozinhas, lavanderias e churrasqueiras.\u00a0<\/p><div class=\"more\">\u00a0<\/div>\t\t\t\t\t\t\t\t<\/div>\n\t\t\t\t<\/div>\n\t\t\t\t\t<\/div>\n\t\t<\/div>\n\t\t\t\t\t<\/div>\n\t\t<\/section>\n\t\t\t\t<section class=\"elementor-section elementor-top-section elementor-element elementor-element-a9c3f00 elementor-section-boxed elementor-section-height-default elementor-section-height-default\" data-id=\"a9c3f00\" data-element_type=\"section\" data-e-type=\"section\">\n\t\t\t\t\t\t<div class=\"elementor-container elementor-column-gap-default\">\n\t\t\t\t\t<div class=\"elementor-column elementor-col-100 elementor-top-column elementor-element elementor-element-ba3a958\" data-id=\"ba3a958\" data-element_type=\"column\" data-e-type=\"column\">\n\t\t\t<div class=\"elementor-widget-wrap\">\n\t\t\t\t\t\t\t<\/div>\n\t\t<\/div>\n\t\t\t\t\t<\/div>\n\t\t<\/section>\n\t\t\t\t<section class=\"elementor-section elementor-top-section elementor-element elementor-element-e36da88 elementor-section-boxed elementor-section-height-default elementor-section-height-default\" data-id=\"e36da88\" data-element_type=\"section\" data-e-type=\"section\">\n\t\t\t\t\t\t<div class=\"elementor-container elementor-column-gap-default\">\n\t\t\t\t\t<div class=\"elementor-column elementor-col-50 elementor-top-column elementor-element elementor-element-57abbd6\" data-id=\"57abbd6\" data-element_type=\"column\" data-e-type=\"column\">\n\t\t\t<div class=\"elementor-widget-wrap elementor-element-populated\">\n\t\t\t\t\t\t<div class=\"elementor-element elementor-element-3052596 elementor-view-default elementor-widget elementor-widget-icon\" data-id=\"3052596\" data-element_type=\"widget\" data-e-type=\"widget\" data-widget_type=\"icon.default\">\n\t\t\t\t<div class=\"elementor-widget-container\">\n\t\t\t\t\t\t\t<div class=\"elementor-icon-wrapper\">\n\t\t\t<a class=\"elementor-icon elementor-animation-shrink\" href=\"http:\/\/artglassrevest.com.br\/index.php\/pastilhas\/\">\n\t\t\t<i aria-hidden=\"true\" class=\"fas fa-book-open\"><\/i>\t\t\t<\/a>\n\t\t<\/div>\n\t\t\t\t\t\t<\/div>\n\t\t\t\t<\/div>\n\t\t\t\t\t<\/div>\n\t\t<\/div>\n\t\t\t\t<div class=\"elementor-column elementor-col-50 elementor-top-column elementor-element elementor-element-eefc844\" data-id=\"eefc844\" data-element_type=\"column\" data-e-type=\"column\">\n\t\t\t<div class=\"elementor-widget-wrap elementor-element-populated\">\n\t\t\t\t\t\t<div class=\"elementor-element elementor-element-6fcf020 elementor-widget elementor-widget-text-editor\" data-id=\"6fcf020\" data-element_type=\"widget\" data-e-type=\"widget\" data-widget_type=\"text-editor.default\">\n\t\t\t\t<div class=\"elementor-widget-container\">\n\t\t\t\t\t\t\t\t\t<p><a href=\"http:\/\/artglassrevest.com.br\/index.php\/pastilhas\/\" target=\"_blank\" rel=\"noopener\">Ver Modelos\u00a0<\/a><\/p>\t\t\t\t\t\t\t\t<\/div>\n\t\t\t\t<\/div>\n\t\t\t\t\t<\/div>\n\t\t<\/div>\n\t\t\t\t\t<\/div>\n\t\t<\/section>\n\t\t\t\t<section class=\"elementor-section elementor-top-section elementor-element elementor-element-829728e elementor-section-boxed elementor-section-height-default elementor-section-height-default\" data-id=\"829728e\" data-element_type=\"section\" data-e-type=\"section\">\n\t\t\t\t\t\t<div class=\"elementor-container elementor-column-gap-default\">\n\t\t\t\t\t<div class=\"elementor-column elementor-col-33 elementor-top-column elementor-element elementor-element-679b888\" data-id=\"679b888\" data-element_type=\"column\" data-e-type=\"column\">\n\t\t\t<div class=\"elementor-widget-wrap elementor-element-populated\">\n\t\t\t\t\t\t<div class=\"elementor-element elementor-element-6c6f3c1 elementor-widget elementor-widget-google_maps\" data-id=\"6c6f3c1\" data-element_type=\"widget\" data-e-type=\"widget\" data-widget_type=\"google_maps.default\">\n\t\t\t\t<div class=\"elementor-widget-container\">\n\t\t\t\t\t\t\t<div class=\"elementor-custom-embed\">\n\t\t\t<iframe loading=\"lazy\"\n\t\t\t\t\tsrc=\"https:\/\/maps.google.com\/maps?q=Rua%20Oscar%20Freire%2C%202213%20&#038;t=m&#038;z=14&#038;output=embed&#038;iwloc=near\"\n\t\t\t\t\ttitle=\"Rua Oscar Freire, 2213 \"\n\t\t\t\t\taria-label=\"Rua Oscar Freire, 2213 \"\n\t\t\t><\/iframe>\n\t\t<\/div>\n\t\t\t\t\t\t<\/div>\n\t\t\t\t<\/div>\n\t\t\t\t\t<\/div>\n\t\t<\/div>\n\t\t\t\t<div class=\"elementor-column elementor-col-33 elementor-top-column elementor-element elementor-element-4b813e4\" data-id=\"4b813e4\" data-element_type=\"column\" data-e-type=\"column\">\n\t\t\t<div class=\"elementor-widget-wrap elementor-element-populated\">\n\t\t\t\t\t\t<div class=\"elementor-element elementor-element-44d0bad elementor-view-default elementor-widget elementor-widget-icon\" data-id=\"44d0bad\" data-element_type=\"widget\" data-e-type=\"widget\" data-widget_type=\"icon.default\">\n\t\t\t\t<div class=\"elementor-widget-container\">\n\t\t\t\t\t\t\t<div class=\"elementor-icon-wrapper\">\n\t\t\t<div class=\"elementor-icon\">\n\t\t\t<i aria-hidden=\"true\" class=\"fas fa-phone-alt\"><\/i>\t\t\t<\/div>\n\t\t<\/div>\n\t\t\t\t\t\t<\/div>\n\t\t\t\t<\/div>\n\t\t\t\t<div class=\"elementor-element elementor-element-3935970 elementor-view-default elementor-widget elementor-widget-icon\" data-id=\"3935970\" data-element_type=\"widget\" data-e-type=\"widget\" data-widget_type=\"icon.default\">\n\t\t\t\t<div class=\"elementor-widget-container\">\n\t\t\t\t\t\t\t<div class=\"elementor-icon-wrapper\">\n\t\t\t<a class=\"elementor-icon elementor-animation-grow\" href=\"https:\/\/api.whatsapp.com\/send?phone=5511988866970&#038;text=Ol\u00e1%21+estou+no+site+Art+Glass+Revest+e+gostaria+de+mais+informa\u00e7\u00f5es.\" target=\"_blank\">\n\t\t\t<i aria-hidden=\"true\" class=\"fab fa-whatsapp\"><\/i>\t\t\t<\/a>\n\t\t<\/div>\n\t\t\t\t\t\t<\/div>\n\t\t\t\t<\/div>\n\t\t\t\t<div class=\"elementor-element elementor-element-f28c776 elementor-view-default elementor-widget elementor-widget-icon\" data-id=\"f28c776\" data-element_type=\"widget\" data-e-type=\"widget\" data-widget_type=\"icon.default\">\n\t\t\t\t<div class=\"elementor-widget-container\">\n\t\t\t\t\t\t\t<div class=\"elementor-icon-wrapper\">\n\t\t\t<div class=\"elementor-icon\">\n\t\t\t<i aria-hidden=\"true\" class=\"fas fa-mail-bulk\"><\/i>\t\t\t<\/div>\n\t\t<\/div>\n\t\t\t\t\t\t<\/div>\n\t\t\t\t<\/div>\n\t\t\t\t<div class=\"elementor-element elementor-element-3f479db elementor-view-default elementor-widget elementor-widget-icon\" data-id=\"3f479db\" data-element_type=\"widget\" data-e-type=\"widget\" data-widget_type=\"icon.default\">\n\t\t\t\t<div class=\"elementor-widget-container\">\n\t\t\t\t\t\t\t<div class=\"elementor-icon-wrapper\">\n\t\t\t<div class=\"elementor-icon\">\n\t\t\t<i aria-hidden=\"true\" class=\"fas fa-location-arrow\"><\/i>\t\t\t<\/div>\n\t\t<\/div>\n\t\t\t\t\t\t<\/div>\n\t\t\t\t<\/div>\n\t\t\t\t\t<\/div>\n\t\t<\/div>\n\t\t\t\t<div class=\"elementor-column elementor-col-33 elementor-top-column elementor-element elementor-element-18ee2e7\" data-id=\"18ee2e7\" data-element_type=\"column\" data-e-type=\"column\">\n\t\t\t<div class=\"elementor-widget-wrap elementor-element-populated\">\n\t\t\t\t\t\t<div class=\"elementor-element elementor-element-bd8b2f6 elementor-widget elementor-widget-text-editor\" data-id=\"bd8b2f6\" data-element_type=\"widget\" data-e-type=\"widget\" data-widget_type=\"text-editor.default\">\n\t\t\t\t<div class=\"elementor-widget-container\">\n\t\t\t\t\t\t\t\t\t<h4><strong> 11 -3085-1057<\/strong><\/h4>\t\t\t\t\t\t\t\t<\/div>\n\t\t\t\t<\/div>\n\t\t\t\t<div class=\"elementor-element elementor-element-ef300f1 elementor-widget elementor-widget-text-editor\" data-id=\"ef300f1\" data-element_type=\"widget\" data-e-type=\"widget\" data-widget_type=\"text-editor.default\">\n\t\t\t\t<div class=\"elementor-widget-container\">\n\t\t\t\t\t\t\t\t\t<p><strong>\u00a0 \u00a0 \u00a0<\/strong><strong> 11 -9888-66970<\/strong><\/p>\t\t\t\t\t\t\t\t<\/div>\n\t\t\t\t<\/div>\n\t\t\t\t<div class=\"elementor-element elementor-element-dea7295 elementor-widget elementor-widget-text-editor\" data-id=\"dea7295\" data-element_type=\"widget\" data-e-type=\"widget\" data-widget_type=\"text-editor.default\">\n\t\t\t\t<div class=\"elementor-widget-container\">\n\t\t\t\t\t\t\t\t\t<p><strong>contato@artglassrevestimentos.com.br<\/strong><\/p>\t\t\t\t\t\t\t\t<\/div>\n\t\t\t\t<\/div>\n\t\t\t\t<div class=\"elementor-element elementor-element-2f8d11b elementor-widget elementor-widget-text-editor\" data-id=\"2f8d11b\" data-element_type=\"widget\" data-e-type=\"widget\" data-widget_type=\"text-editor.default\">\n\t\t\t\t<div class=\"elementor-widget-container\">\n\t\t\t\t\t\t\t\t\t<p><strong>Rua Oscar Freire, 2213<\/strong><\/p><p>Pinheiros, S\u00e3o Paulo -SP<\/p>\t\t\t\t\t\t\t\t<\/div>\n\t\t\t\t<\/div>\n\t\t\t\t\t<\/div>\n\t\t<\/div>\n\t\t\t\t\t<\/div>\n\t\t<\/section>\n\t\t\t\t<section class=\"elementor-section elementor-top-section elementor-element elementor-element-cad5093 elementor-section-boxed elementor-section-height-default elementor-section-height-default\" data-id=\"cad5093\" data-element_type=\"section\" data-e-type=\"section\">\n\t\t\t\t\t\t<div class=\"elementor-container elementor-column-gap-default\">\n\t\t\t\t\t<div class=\"elementor-column elementor-col-16 elementor-top-column elementor-element elementor-element-d26af2d\" data-id=\"d26af2d\" data-element_type=\"column\" data-e-type=\"column\">\n\t\t\t<div class=\"elementor-widget-wrap elementor-element-populated\">\n\t\t\t\t\t\t<div class=\"elementor-element elementor-element-e7957d1 elementor-view-default elementor-widget elementor-widget-icon\" data-id=\"e7957d1\" data-element_type=\"widget\" data-e-type=\"widget\" data-widget_type=\"icon.default\">\n\t\t\t\t<div class=\"elementor-widget-container\">\n\t\t\t\t\t\t\t<div class=\"elementor-icon-wrapper\">\n\t\t\t<a class=\"elementor-icon elementor-animation-grow\" href=\"https:\/\/artglassrevestimentos.mercadoshops.com.br\/?preview=&#038;mshops-cookie-isguest=false&#038;mshops-redirection-timestamp=1656436868223&#038;mshops-cookie-cp=02471010\" target=\"_blank\">\n\t\t\t<i aria-hidden=\"true\" class=\"fas fa-shopping-cart\"><\/i>\t\t\t<\/a>\n\t\t<\/div>\n\t\t\t\t\t\t<\/div>\n\t\t\t\t<\/div>\n\t\t\t\t\t<\/div>\n\t\t<\/div>\n\t\t\t\t<div class=\"elementor-column elementor-col-16 elementor-top-column elementor-element elementor-element-a23252e\" data-id=\"a23252e\" data-element_type=\"column\" data-e-type=\"column\">\n\t\t\t<div class=\"elementor-widget-wrap elementor-element-populated\">\n\t\t\t\t\t\t<div class=\"elementor-element elementor-element-76e31f6 elementor-view-default elementor-widget elementor-widget-icon\" data-id=\"76e31f6\" data-element_type=\"widget\" data-e-type=\"widget\" data-widget_type=\"icon.default\">\n\t\t\t\t<div class=\"elementor-widget-container\">\n\t\t\t\t\t\t\t<div class=\"elementor-icon-wrapper\">\n\t\t\t<a class=\"elementor-icon elementor-animation-grow\" href=\"https:\/\/api.whatsapp.com\/send?phone=5511988866970&#038;text=Ol\u00e1%21+estou+no+site+Art+Glass+Revest+e+gostaria+de+mais+informa\u00e7\u00f5es.\" target=\"_blank\">\n\t\t\t<i aria-hidden=\"true\" class=\"fab fa-whatsapp\"><\/i>\t\t\t<\/a>\n\t\t<\/div>\n\t\t\t\t\t\t<\/div>\n\t\t\t\t<\/div>\n\t\t\t\t\t<\/div>\n\t\t<\/div>\n\t\t\t\t<div class=\"elementor-column elementor-col-16 elementor-top-column elementor-element elementor-element-2f01804\" data-id=\"2f01804\" data-element_type=\"column\" data-e-type=\"column\">\n\t\t\t<div class=\"elementor-widget-wrap elementor-element-populated\">\n\t\t\t\t\t\t<div class=\"elementor-element elementor-element-55b4b47 elementor-view-default elementor-widget elementor-widget-icon\" data-id=\"55b4b47\" data-element_type=\"widget\" data-e-type=\"widget\" data-widget_type=\"icon.default\">\n\t\t\t\t<div class=\"elementor-widget-container\">\n\t\t\t\t\t\t\t<div class=\"elementor-icon-wrapper\">\n\t\t\t<a class=\"elementor-icon elementor-animation-grow\" href=\"https:\/\/www.instagram.com\/art_glass_revestimentos\/\" target=\"_blank\">\n\t\t\t<i aria-hidden=\"true\" class=\"fab fa-instagram\"><\/i>\t\t\t<\/a>\n\t\t<\/div>\n\t\t\t\t\t\t<\/div>\n\t\t\t\t<\/div>\n\t\t\t\t\t<\/div>\n\t\t<\/div>\n\t\t\t\t<div class=\"elementor-column elementor-col-16 elementor-top-column elementor-element elementor-element-775d6dd\" data-id=\"775d6dd\" data-element_type=\"column\" data-e-type=\"column\">\n\t\t\t<div class=\"elementor-widget-wrap elementor-element-populated\">\n\t\t\t\t\t\t<div class=\"elementor-element elementor-element-610ffa9 elementor-view-default elementor-widget elementor-widget-icon\" data-id=\"610ffa9\" data-element_type=\"widget\" data-e-type=\"widget\" data-widget_type=\"icon.default\">\n\t\t\t\t<div class=\"elementor-widget-container\">\n\t\t\t\t\t\t\t<div class=\"elementor-icon-wrapper\">\n\t\t\t<a class=\"elementor-icon\" href=\"https:\/\/www.facebook.com\/artglassrevestimentos\/\" target=\"_blank\">\n\t\t\t<i aria-hidden=\"true\" class=\"fab fa-facebook\"><\/i>\t\t\t<\/a>\n\t\t<\/div>\n\t\t\t\t\t\t<\/div>\n\t\t\t\t<\/div>\n\t\t\t\t\t<\/div>\n\t\t<\/div>\n\t\t\t\t<div class=\"elementor-column elementor-col-16 elementor-top-column elementor-element elementor-element-c54abb2\" data-id=\"c54abb2\" data-element_type=\"column\" data-e-type=\"column\">\n\t\t\t<div class=\"elementor-widget-wrap elementor-element-populated\">\n\t\t\t\t\t\t<div class=\"elementor-element elementor-element-64196e8 elementor-view-default elementor-widget elementor-widget-icon\" data-id=\"64196e8\" data-element_type=\"widget\" data-e-type=\"widget\" data-widget_type=\"icon.default\">\n\t\t\t\t<div class=\"elementor-widget-container\">\n\t\t\t\t\t\t\t<div class=\"elementor-icon-wrapper\">\n\t\t\t<a class=\"elementor-icon\" href=\"https:\/\/www.youtube.com\/channel\/UC-YLFqGSF0ICV6WdBO8jQUw\">\n\t\t\t<i aria-hidden=\"true\" class=\"fab fa-youtube-square\"><\/i>\t\t\t<\/a>\n\t\t<\/div>\n\t\t\t\t\t\t<\/div>\n\t\t\t\t<\/div>\n\t\t\t\t\t<\/div>\n\t\t<\/div>\n\t\t\t\t<div class=\"elementor-column elementor-col-16 elementor-top-column elementor-element elementor-element-eb1dd80\" data-id=\"eb1dd80\" data-element_type=\"column\" data-e-type=\"column\">\n\t\t\t<div class=\"elementor-widget-wrap elementor-element-populated\">\n\t\t\t\t\t\t<div class=\"elementor-element elementor-element-cf310f5 elementor-view-default elementor-widget elementor-widget-icon\" data-id=\"cf310f5\" data-element_type=\"widget\" data-e-type=\"widget\" data-widget_type=\"icon.default\">\n\t\t\t\t<div class=\"elementor-widget-container\">\n\t\t\t\t\t\t\t<div class=\"elementor-icon-wrapper\">\n\t\t\t<div class=\"elementor-icon\">\n\t\t\t<i aria-hidden=\"true\" class=\"fas fa-mail-bulk\"><\/i>\t\t\t<\/div>\n\t\t<\/div>\n\t\t\t\t\t\t<\/div>\n\t\t\t\t<\/div>\n\t\t\t\t\t<\/div>\n\t\t<\/div>\n\t\t\t\t\t<\/div>\n\t\t<\/section>\n\t\t\t\t<\/div>\n\t\t","protected":false},"excerpt":{"rendered":"<p>PASTILHA DE A\u00c7O INOX S\u00c3O RESISTENTES A CORROS\u00c3O S\u00e3o indicadas para \u00e1reas \u00famidas O acabamento metalizado ou escovado das pastilha de a\u00e7o inox , faz com que esses produtos tenham alto valor est\u00e9tico. A cozinha \u00e9 o lugar mais indicado para esses revestimentos, al\u00e9m de outras \u00e1reas onde se exija revestimentos com alta durabilidade e [&hellip;]<\/p>\n","protected":false},"author":1,"featured_media":0,"parent":0,"menu_order":0,"comment_status":"closed","ping_status":"closed","template":"","meta":{"footnotes":""},"class_list":["post-349","page","type-page","status-publish","hentry"],"_links":{"self":[{"href":"https:\/\/artglassrevest.com.br\/index.php\/wp-json\/wp\/v2\/pages\/349","targetHints":{"allow":["GET"]}}],"collection":[{"href":"https:\/\/artglassrevest.com.br\/index.php\/wp-json\/wp\/v2\/pages"}],"about":[{"href":"https:\/\/artglassrevest.com.br\/index.php\/wp-json\/wp\/v2\/types\/page"}],"author":[{"embeddable":true,"href":"https:\/\/artglassrevest.com.br\/index.php\/wp-json\/wp\/v2\/users\/1"}],"replies":[{"embeddable":true,"href":"https:\/\/artglassrevest.com.br\/index.php\/wp-json\/wp\/v2\/comments?post=349"}],"version-history":[{"count":8,"href":"https:\/\/artglassrevest.com.br\/index.php\/wp-json\/wp\/v2\/pages\/349\/revisions"}],"predecessor-version":[{"id":1676,"href":"https:\/\/artglassrevest.com.br\/index.php\/wp-json\/wp\/v2\/pages\/349\/revisions\/1676"}],"wp:attachment":[{"href":"https:\/\/artglassrevest.com.br\/index.php\/wp-json\/wp\/v2\/media?parent=349"}],"curies":[{"name":"wp","href":"https:\/\/api.w.org\/{rel}","templated":true}]}}