{"id":386,"date":"2019-11-17T18:40:49","date_gmt":"2019-11-17T21:40:49","guid":{"rendered":"http:\/\/artglassrevest.com.br\/?page_id=386"},"modified":"2022-06-29T16:24:42","modified_gmt":"2022-06-29T19:24:42","slug":"pastilha-de-vidro","status":"publish","type":"page","link":"https:\/\/artglassrevest.com.br\/index.php\/pastilha-de-vidro\/","title":{"rendered":"Pastilha de Vidro"},"content":{"rendered":"\t\t<div data-elementor-type=\"wp-page\" data-elementor-id=\"386\" class=\"elementor elementor-386\">\n\t\t\t\t\t\t<section class=\"elementor-section elementor-top-section elementor-element elementor-element-afce478 elementor-section-boxed elementor-section-height-default elementor-section-height-default\" data-id=\"afce478\" data-element_type=\"section\" data-e-type=\"section\">\n\t\t\t\t\t\t<div class=\"elementor-container elementor-column-gap-default\">\n\t\t\t\t\t<div class=\"elementor-column elementor-col-33 elementor-top-column elementor-element elementor-element-fc9ef2f\" data-id=\"fc9ef2f\" data-element_type=\"column\" data-e-type=\"column\">\n\t\t\t<div class=\"elementor-widget-wrap elementor-element-populated\">\n\t\t\t\t\t\t<div class=\"elementor-element elementor-element-8f647c4 elementor-widget elementor-widget-image\" data-id=\"8f647c4\" data-element_type=\"widget\" data-e-type=\"widget\" data-widget_type=\"image.default\">\n\t\t\t\t<div class=\"elementor-widget-container\">\n\t\t\t\t\t\t\t\t\t\t\t\t\t\t\t\t<a href=\"http:\/\/artglassrevest.com.br\/wp-content\/uploads\/2019\/11\/modelo-de-banheiro-com-pastilha-hexagonal.jpg\" data-elementor-open-lightbox=\"yes\" data-elementor-lightbox-title=\"modelo-de-banheiro-com-pastilha-hexagonal\" data-e-action-hash=\"#elementor-action%3Aaction%3Dlightbox%26settings%3DeyJpZCI6Mzg0LCJ1cmwiOiJodHRwczpcL1wvYXJ0Z2xhc3NyZXZlc3QuY29tLmJyXC93cC1jb250ZW50XC91cGxvYWRzXC8yMDE5XC8xMVwvbW9kZWxvLWRlLWJhbmhlaXJvLWNvbS1wYXN0aWxoYS1oZXhhZ29uYWwuanBnIn0%3D\">\n\t\t\t\t\t\t\t<img fetchpriority=\"high\" decoding=\"async\" width=\"200\" height=\"300\" src=\"https:\/\/artglassrevest.com.br\/wp-content\/uploads\/2019\/11\/modelo-de-banheiro-com-pastilha-hexagonal-200x300.jpg\" class=\"attachment-medium size-medium wp-image-384\" alt=\"\" srcset=\"https:\/\/artglassrevest.com.br\/wp-content\/uploads\/2019\/11\/modelo-de-banheiro-com-pastilha-hexagonal-200x300.jpg 200w, https:\/\/artglassrevest.com.br\/wp-content\/uploads\/2019\/11\/modelo-de-banheiro-com-pastilha-hexagonal.jpg 666w\" sizes=\"(max-width: 200px) 100vw, 200px\" \/>\t\t\t\t\t\t\t\t<\/a>\n\t\t\t\t\t\t\t\t\t\t\t\t\t\t\t<\/div>\n\t\t\t\t<\/div>\n\t\t\t\t\t<\/div>\n\t\t<\/div>\n\t\t\t\t<div class=\"elementor-column elementor-col-33 elementor-top-column elementor-element elementor-element-14d2f7e\" data-id=\"14d2f7e\" data-element_type=\"column\" data-e-type=\"column\">\n\t\t\t<div class=\"elementor-widget-wrap elementor-element-populated\">\n\t\t\t\t\t\t<div class=\"elementor-element elementor-element-0d74d6b elementor-widget elementor-widget-image\" data-id=\"0d74d6b\" data-element_type=\"widget\" data-e-type=\"widget\" data-widget_type=\"image.default\">\n\t\t\t\t<div class=\"elementor-widget-container\">\n\t\t\t\t\t\t\t\t\t\t\t\t\t\t\t\t<a href=\"http:\/\/artglassrevest.com.br\/wp-content\/uploads\/2019\/11\/ca581fec86eefcfdbc4d635a9fba1506.jpg\" data-elementor-open-lightbox=\"yes\" data-elementor-lightbox-title=\"ca581fec86eefcfdbc4d635a9fba1506\" data-e-action-hash=\"#elementor-action%3Aaction%3Dlightbox%26settings%3DeyJpZCI6MzgzLCJ1cmwiOiJodHRwczpcL1wvYXJ0Z2xhc3NyZXZlc3QuY29tLmJyXC93cC1jb250ZW50XC91cGxvYWRzXC8yMDE5XC8xMVwvY2E1ODFmZWM4NmVlZmNmZGJjNGQ2MzVhOWZiYTE1MDYuanBnIn0%3D\">\n\t\t\t\t\t\t\t<img decoding=\"async\" width=\"183\" height=\"300\" src=\"https:\/\/artglassrevest.com.br\/wp-content\/uploads\/2019\/11\/ca581fec86eefcfdbc4d635a9fba1506-183x300.jpg\" class=\"attachment-medium size-medium wp-image-383\" alt=\"\" srcset=\"https:\/\/artglassrevest.com.br\/wp-content\/uploads\/2019\/11\/ca581fec86eefcfdbc4d635a9fba1506-183x300.jpg 183w, https:\/\/artglassrevest.com.br\/wp-content\/uploads\/2019\/11\/ca581fec86eefcfdbc4d635a9fba1506.jpg 477w\" sizes=\"(max-width: 183px) 100vw, 183px\" \/>\t\t\t\t\t\t\t\t<\/a>\n\t\t\t\t\t\t\t\t\t\t\t\t\t\t\t<\/div>\n\t\t\t\t<\/div>\n\t\t\t\t\t<\/div>\n\t\t<\/div>\n\t\t\t\t<div class=\"elementor-column elementor-col-33 elementor-top-column elementor-element elementor-element-a499628\" data-id=\"a499628\" data-element_type=\"column\" data-e-type=\"column\">\n\t\t\t<div class=\"elementor-widget-wrap elementor-element-populated\">\n\t\t\t\t\t\t<div class=\"elementor-element elementor-element-a33382e elementor-widget elementor-widget-image\" data-id=\"a33382e\" data-element_type=\"widget\" data-e-type=\"widget\" data-widget_type=\"image.default\">\n\t\t\t\t<div class=\"elementor-widget-container\">\n\t\t\t\t\t\t\t\t\t\t\t\t\t\t\t\t<a href=\"http:\/\/artglassrevest.com.br\/wp-content\/uploads\/2019\/11\/banheiro-planejado-pastilhas-de-vidro.jpg\" data-elementor-open-lightbox=\"yes\" data-elementor-lightbox-title=\"banheiro-planejado-pastilhas-de-vidro\" data-e-action-hash=\"#elementor-action%3Aaction%3Dlightbox%26settings%3DeyJpZCI6MzgyLCJ1cmwiOiJodHRwczpcL1wvYXJ0Z2xhc3NyZXZlc3QuY29tLmJyXC93cC1jb250ZW50XC91cGxvYWRzXC8yMDE5XC8xMVwvYmFuaGVpcm8tcGxhbmVqYWRvLXBhc3RpbGhhcy1kZS12aWRyby5qcGcifQ%3D%3D\">\n\t\t\t\t\t\t\t<img decoding=\"async\" width=\"224\" height=\"300\" src=\"https:\/\/artglassrevest.com.br\/wp-content\/uploads\/2019\/11\/banheiro-planejado-pastilhas-de-vidro-224x300.jpg\" class=\"attachment-medium size-medium wp-image-382\" alt=\"\" srcset=\"https:\/\/artglassrevest.com.br\/wp-content\/uploads\/2019\/11\/banheiro-planejado-pastilhas-de-vidro-224x300.jpg 224w, https:\/\/artglassrevest.com.br\/wp-content\/uploads\/2019\/11\/banheiro-planejado-pastilhas-de-vidro-766x1024.jpg 766w, https:\/\/artglassrevest.com.br\/wp-content\/uploads\/2019\/11\/banheiro-planejado-pastilhas-de-vidro-768x1027.jpg 768w, https:\/\/artglassrevest.com.br\/wp-content\/uploads\/2019\/11\/banheiro-planejado-pastilhas-de-vidro.jpg 951w\" sizes=\"(max-width: 224px) 100vw, 224px\" \/>\t\t\t\t\t\t\t\t<\/a>\n\t\t\t\t\t\t\t\t\t\t\t\t\t\t\t<\/div>\n\t\t\t\t<\/div>\n\t\t\t\t\t<\/div>\n\t\t<\/div>\n\t\t\t\t\t<\/div>\n\t\t<\/section>\n\t\t\t\t<section class=\"elementor-section elementor-top-section elementor-element elementor-element-8bfe5b3 elementor-section-boxed elementor-section-height-default elementor-section-height-default\" data-id=\"8bfe5b3\" data-element_type=\"section\" data-e-type=\"section\">\n\t\t\t\t\t\t<div class=\"elementor-container elementor-column-gap-default\">\n\t\t\t\t\t<div class=\"elementor-column elementor-col-100 elementor-top-column elementor-element elementor-element-463f162\" data-id=\"463f162\" data-element_type=\"column\" data-e-type=\"column\">\n\t\t\t<div class=\"elementor-widget-wrap elementor-element-populated\">\n\t\t\t\t\t\t<div class=\"elementor-element elementor-element-ec808f6 elementor-widget elementor-widget-text-editor\" data-id=\"ec808f6\" data-element_type=\"widget\" data-e-type=\"widget\" data-widget_type=\"text-editor.default\">\n\t\t\t\t<div class=\"elementor-widget-container\">\n\t\t\t\t\t\t\t\t\t<h5><strong>A PASTILHA DE VIDRO NA DECORA\u00c7\u00c3O DE AMBIENTES<\/strong><\/h5><p>Variedade de cores e modelos criam ambientes alegres<\/p><p>Piscinas, paredes de banheiros e cozinhas, s\u00e3o alguns dos locais onde a <strong>pastilha de vidro<\/strong> pode ser aplicada. Por serem escorregadias, deve\u2013se evitar esse tipo de revestimento para pisos.<\/p><p>A variedade de cores e tipos dessas pastilhas, permite que se crie espa\u00e7os alegres e sofisticados. A <strong>pastilha de vidro<\/strong> pode ser em modelos pregados em papel ou telas de nylon, e o processo de aplica\u00e7\u00e3o das pe\u00e7as, deve ser feito por quem entende.<\/p><p>A <strong>pastilha de vidro<\/strong>, embora seja resistente \u00e9 uma pe\u00e7a delicada, mais um motivo para procurar profissionais capacitados para tal trabalho. Assim, evita-se que as placas sejam arranhadas durante a instala\u00e7\u00e3o. \u00a0<\/p><p>O rejunte da <strong>pastilha de vidro<\/strong> necessita ser feito de forma perfeita para que problemas como o mofo n\u00e3o fique vis\u00edvel nas pastilhas com o passar do tempo.<\/p><p>Se o rejunte tiver falhas, \u00e9 poss\u00edvel que o mofo por tr\u00e1s das pastilhas se torne vis\u00edvel, prejudicando sua durabilidade. A jun\u00e7\u00e3o desse tipo de pastilha tem de ser uniforme, para que n\u00e3o se perceba a divis\u00e3o entre elas.<\/p><p>S\u00e3o muito indicadas para piscinas, embora tamb\u00e9m fiquem perfeitas em \u00e1reas internas. N\u00e3o somente em paredes de cozinhas e banheiros como s\u00e3o utilizadas geralmente, mas at\u00e9 na sala.<\/p><p>Muitos fabricantes recomendam que a limpeza da <strong>pastilha de vidro<\/strong> seja feita apenas com \u00e1gua, esponja ou pano. Outros recomendam sab\u00e3o neutro. Se voc\u00ea quer mudar a decora\u00e7\u00e3o de sua cozinha, por exemplo, e a parede desse local j\u00e1 tem um \u00a0revestimento de azulejo, saiba que as pastilhas de vidro podem ser aplicadas sobre o azulejo.<\/p><p>Para fazer a aplica\u00e7\u00e3o de <strong>pastilha de vidro<\/strong>, voc\u00ea deve consultar as informa\u00e7\u00f5es do fornecedor, al\u00e9m de procurar m\u00e3o de obra especializada para isso. \u00a0Ainda existem argamassas e sprays espec\u00edficos para essa tarefa.<\/p><p>Nas piscinas, a <strong>pastilha de vidro<\/strong> cria um ambiente \u00e0 parte, com a variedade de cores e modelos dessas pastilhas \u00e9 poss\u00edvel criar formas juntando diferentes tipos. A cor utilizada tamb\u00e9m pode influenciar na temperatura da \u00e1gua. Pastilhas mais escuras, como a preta, atuam na reten\u00e7\u00e3o do calor, podendo aquecer mais r\u00e1pido a \u00e1gua. J\u00e1 o\u00a0contr\u00e1rio acontece com as pastilhas claras, que acabam deixando\u00a0a \u00e1gua mais gelada.<\/p><div class=\"more\">\u00a0<\/div>\t\t\t\t\t\t\t\t<\/div>\n\t\t\t\t<\/div>\n\t\t\t\t\t<\/div>\n\t\t<\/div>\n\t\t\t\t\t<\/div>\n\t\t<\/section>\n\t\t\t\t<section class=\"elementor-section elementor-top-section elementor-element elementor-element-4868729 elementor-section-boxed elementor-section-height-default elementor-section-height-default\" data-id=\"4868729\" data-element_type=\"section\" data-e-type=\"section\">\n\t\t\t\t\t\t<div class=\"elementor-container elementor-column-gap-default\">\n\t\t\t\t\t<div class=\"elementor-column elementor-col-100 elementor-top-column elementor-element elementor-element-15cf56d\" data-id=\"15cf56d\" data-element_type=\"column\" data-e-type=\"column\">\n\t\t\t<div class=\"elementor-widget-wrap\">\n\t\t\t\t\t\t\t<\/div>\n\t\t<\/div>\n\t\t\t\t\t<\/div>\n\t\t<\/section>\n\t\t\t\t<section class=\"elementor-section elementor-top-section elementor-element elementor-element-52340f7 elementor-section-boxed elementor-section-height-default elementor-section-height-default\" data-id=\"52340f7\" data-element_type=\"section\" data-e-type=\"section\">\n\t\t\t\t\t\t<div class=\"elementor-container elementor-column-gap-default\">\n\t\t\t\t\t<div class=\"elementor-column elementor-col-50 elementor-top-column elementor-element elementor-element-5551c7f\" data-id=\"5551c7f\" data-element_type=\"column\" data-e-type=\"column\">\n\t\t\t<div class=\"elementor-widget-wrap elementor-element-populated\">\n\t\t\t\t\t\t<div class=\"elementor-element elementor-element-4701ebb elementor-view-default elementor-widget elementor-widget-icon\" data-id=\"4701ebb\" data-element_type=\"widget\" data-e-type=\"widget\" data-widget_type=\"icon.default\">\n\t\t\t\t<div class=\"elementor-widget-container\">\n\t\t\t\t\t\t\t<div class=\"elementor-icon-wrapper\">\n\t\t\t<a class=\"elementor-icon elementor-animation-shrink\" href=\"http:\/\/artglassrevest.com.br\/index.php\/pastilhas\/\">\n\t\t\t<i aria-hidden=\"true\" class=\"fas fa-book-open\"><\/i>\t\t\t<\/a>\n\t\t<\/div>\n\t\t\t\t\t\t<\/div>\n\t\t\t\t<\/div>\n\t\t\t\t\t<\/div>\n\t\t<\/div>\n\t\t\t\t<div class=\"elementor-column elementor-col-50 elementor-top-column elementor-element elementor-element-f0cd92c\" data-id=\"f0cd92c\" data-element_type=\"column\" data-e-type=\"column\">\n\t\t\t<div class=\"elementor-widget-wrap elementor-element-populated\">\n\t\t\t\t\t\t<div class=\"elementor-element elementor-element-89d4b98 elementor-widget elementor-widget-text-editor\" data-id=\"89d4b98\" data-element_type=\"widget\" data-e-type=\"widget\" data-widget_type=\"text-editor.default\">\n\t\t\t\t<div class=\"elementor-widget-container\">\n\t\t\t\t\t\t\t\t\t<p><a href=\"http:\/\/artglassrevest.com.br\/index.php\/pastilhas\/\" target=\"_blank\" rel=\"noopener\">Ver Modelos\u00a0<\/a><\/p>\t\t\t\t\t\t\t\t<\/div>\n\t\t\t\t<\/div>\n\t\t\t\t\t<\/div>\n\t\t<\/div>\n\t\t\t\t\t<\/div>\n\t\t<\/section>\n\t\t\t\t<section class=\"elementor-section elementor-top-section elementor-element elementor-element-eb63fd3 elementor-section-boxed elementor-section-height-default elementor-section-height-default\" data-id=\"eb63fd3\" data-element_type=\"section\" data-e-type=\"section\">\n\t\t\t\t\t\t<div class=\"elementor-container elementor-column-gap-default\">\n\t\t\t\t\t<div class=\"elementor-column elementor-col-33 elementor-top-column elementor-element elementor-element-eadc4e0\" data-id=\"eadc4e0\" data-element_type=\"column\" data-e-type=\"column\">\n\t\t\t<div class=\"elementor-widget-wrap elementor-element-populated\">\n\t\t\t\t\t\t<div class=\"elementor-element elementor-element-6757cf8 elementor-widget elementor-widget-google_maps\" data-id=\"6757cf8\" data-element_type=\"widget\" data-e-type=\"widget\" data-widget_type=\"google_maps.default\">\n\t\t\t\t<div class=\"elementor-widget-container\">\n\t\t\t\t\t\t\t<div class=\"elementor-custom-embed\">\n\t\t\t<iframe loading=\"lazy\"\n\t\t\t\t\tsrc=\"https:\/\/maps.google.com\/maps?q=Rua%20Oscar%20Freire%2C%202213%20&#038;t=m&#038;z=14&#038;output=embed&#038;iwloc=near\"\n\t\t\t\t\ttitle=\"Rua Oscar Freire, 2213 \"\n\t\t\t\t\taria-label=\"Rua Oscar Freire, 2213 \"\n\t\t\t><\/iframe>\n\t\t<\/div>\n\t\t\t\t\t\t<\/div>\n\t\t\t\t<\/div>\n\t\t\t\t\t<\/div>\n\t\t<\/div>\n\t\t\t\t<div class=\"elementor-column elementor-col-33 elementor-top-column elementor-element elementor-element-d709040\" data-id=\"d709040\" data-element_type=\"column\" data-e-type=\"column\">\n\t\t\t<div class=\"elementor-widget-wrap elementor-element-populated\">\n\t\t\t\t\t\t<div class=\"elementor-element elementor-element-3ab139f elementor-view-default elementor-widget elementor-widget-icon\" data-id=\"3ab139f\" data-element_type=\"widget\" data-e-type=\"widget\" data-widget_type=\"icon.default\">\n\t\t\t\t<div class=\"elementor-widget-container\">\n\t\t\t\t\t\t\t<div class=\"elementor-icon-wrapper\">\n\t\t\t<div class=\"elementor-icon\">\n\t\t\t<i aria-hidden=\"true\" class=\"fas fa-phone-alt\"><\/i>\t\t\t<\/div>\n\t\t<\/div>\n\t\t\t\t\t\t<\/div>\n\t\t\t\t<\/div>\n\t\t\t\t<div class=\"elementor-element elementor-element-6b0f040 elementor-view-default elementor-widget elementor-widget-icon\" data-id=\"6b0f040\" data-element_type=\"widget\" data-e-type=\"widget\" data-widget_type=\"icon.default\">\n\t\t\t\t<div class=\"elementor-widget-container\">\n\t\t\t\t\t\t\t<div class=\"elementor-icon-wrapper\">\n\t\t\t<a class=\"elementor-icon elementor-animation-grow\" href=\"https:\/\/api.whatsapp.com\/send?phone=5511988866970&#038;text=Ol\u00e1%21+estou+no+site+Art+Glass+Revest+e+gostaria+de+mais+informa\u00e7\u00f5es.\" target=\"_blank\">\n\t\t\t<i aria-hidden=\"true\" class=\"fab fa-whatsapp\"><\/i>\t\t\t<\/a>\n\t\t<\/div>\n\t\t\t\t\t\t<\/div>\n\t\t\t\t<\/div>\n\t\t\t\t<div class=\"elementor-element elementor-element-8d86e30 elementor-view-default elementor-widget elementor-widget-icon\" data-id=\"8d86e30\" data-element_type=\"widget\" data-e-type=\"widget\" data-widget_type=\"icon.default\">\n\t\t\t\t<div class=\"elementor-widget-container\">\n\t\t\t\t\t\t\t<div class=\"elementor-icon-wrapper\">\n\t\t\t<div class=\"elementor-icon\">\n\t\t\t<i aria-hidden=\"true\" class=\"fas fa-mail-bulk\"><\/i>\t\t\t<\/div>\n\t\t<\/div>\n\t\t\t\t\t\t<\/div>\n\t\t\t\t<\/div>\n\t\t\t\t<div class=\"elementor-element elementor-element-274fc52 elementor-view-default elementor-widget elementor-widget-icon\" data-id=\"274fc52\" data-element_type=\"widget\" data-e-type=\"widget\" data-widget_type=\"icon.default\">\n\t\t\t\t<div class=\"elementor-widget-container\">\n\t\t\t\t\t\t\t<div class=\"elementor-icon-wrapper\">\n\t\t\t<div class=\"elementor-icon\">\n\t\t\t<i aria-hidden=\"true\" class=\"fas fa-location-arrow\"><\/i>\t\t\t<\/div>\n\t\t<\/div>\n\t\t\t\t\t\t<\/div>\n\t\t\t\t<\/div>\n\t\t\t\t\t<\/div>\n\t\t<\/div>\n\t\t\t\t<div class=\"elementor-column elementor-col-33 elementor-top-column elementor-element elementor-element-1d0c005\" data-id=\"1d0c005\" data-element_type=\"column\" data-e-type=\"column\">\n\t\t\t<div class=\"elementor-widget-wrap elementor-element-populated\">\n\t\t\t\t\t\t<div class=\"elementor-element elementor-element-e505b88 elementor-widget elementor-widget-text-editor\" data-id=\"e505b88\" data-element_type=\"widget\" data-e-type=\"widget\" data-widget_type=\"text-editor.default\">\n\t\t\t\t<div class=\"elementor-widget-container\">\n\t\t\t\t\t\t\t\t\t<h4><strong> 11 -3085-1057<\/strong><\/h4>\t\t\t\t\t\t\t\t<\/div>\n\t\t\t\t<\/div>\n\t\t\t\t<div class=\"elementor-element elementor-element-bd6be41 elementor-widget elementor-widget-text-editor\" data-id=\"bd6be41\" data-element_type=\"widget\" data-e-type=\"widget\" data-widget_type=\"text-editor.default\">\n\t\t\t\t<div class=\"elementor-widget-container\">\n\t\t\t\t\t\t\t\t\t<p><strong>\u00a0 \u00a0 \u00a0<\/strong><strong> 11 -9888-66970<\/strong><\/p>\t\t\t\t\t\t\t\t<\/div>\n\t\t\t\t<\/div>\n\t\t\t\t<div class=\"elementor-element elementor-element-eb5652f elementor-widget elementor-widget-text-editor\" data-id=\"eb5652f\" data-element_type=\"widget\" data-e-type=\"widget\" data-widget_type=\"text-editor.default\">\n\t\t\t\t<div class=\"elementor-widget-container\">\n\t\t\t\t\t\t\t\t\t<p><strong>contato@artglassrevestimentos.com.br<\/strong><\/p>\t\t\t\t\t\t\t\t<\/div>\n\t\t\t\t<\/div>\n\t\t\t\t<div class=\"elementor-element elementor-element-385ab41 elementor-widget elementor-widget-text-editor\" data-id=\"385ab41\" data-element_type=\"widget\" data-e-type=\"widget\" data-widget_type=\"text-editor.default\">\n\t\t\t\t<div class=\"elementor-widget-container\">\n\t\t\t\t\t\t\t\t\t<p><strong>Rua Oscar Freire, 2213<\/strong><\/p><p>Pinheiros, S\u00e3o Paulo -SP<\/p>\t\t\t\t\t\t\t\t<\/div>\n\t\t\t\t<\/div>\n\t\t\t\t\t<\/div>\n\t\t<\/div>\n\t\t\t\t\t<\/div>\n\t\t<\/section>\n\t\t\t\t<section class=\"elementor-section elementor-top-section elementor-element elementor-element-f5871f4 elementor-section-boxed elementor-section-height-default elementor-section-height-default\" data-id=\"f5871f4\" data-element_type=\"section\" data-e-type=\"section\">\n\t\t\t\t\t\t<div class=\"elementor-container elementor-column-gap-default\">\n\t\t\t\t\t<div class=\"elementor-column elementor-col-16 elementor-top-column elementor-element elementor-element-525a13a\" data-id=\"525a13a\" data-element_type=\"column\" data-e-type=\"column\">\n\t\t\t<div class=\"elementor-widget-wrap elementor-element-populated\">\n\t\t\t\t\t\t<div class=\"elementor-element elementor-element-40c3ec6 elementor-view-default elementor-widget elementor-widget-icon\" data-id=\"40c3ec6\" data-element_type=\"widget\" data-e-type=\"widget\" data-widget_type=\"icon.default\">\n\t\t\t\t<div class=\"elementor-widget-container\">\n\t\t\t\t\t\t\t<div class=\"elementor-icon-wrapper\">\n\t\t\t<a class=\"elementor-icon elementor-animation-grow\" href=\"https:\/\/artglassrevestimentos.mercadoshops.com.br\/?preview=&#038;mshops-cookie-isguest=false&#038;mshops-redirection-timestamp=1656436868223&#038;mshops-cookie-cp=02471010\" target=\"_blank\">\n\t\t\t<i aria-hidden=\"true\" class=\"fas fa-shopping-cart\"><\/i>\t\t\t<\/a>\n\t\t<\/div>\n\t\t\t\t\t\t<\/div>\n\t\t\t\t<\/div>\n\t\t\t\t\t<\/div>\n\t\t<\/div>\n\t\t\t\t<div class=\"elementor-column elementor-col-16 elementor-top-column elementor-element elementor-element-c4c9242\" data-id=\"c4c9242\" data-element_type=\"column\" data-e-type=\"column\">\n\t\t\t<div class=\"elementor-widget-wrap elementor-element-populated\">\n\t\t\t\t\t\t<div class=\"elementor-element elementor-element-5f27ac0 elementor-view-default elementor-widget elementor-widget-icon\" data-id=\"5f27ac0\" data-element_type=\"widget\" data-e-type=\"widget\" data-widget_type=\"icon.default\">\n\t\t\t\t<div class=\"elementor-widget-container\">\n\t\t\t\t\t\t\t<div class=\"elementor-icon-wrapper\">\n\t\t\t<a class=\"elementor-icon elementor-animation-grow\" href=\"https:\/\/api.whatsapp.com\/send?phone=5511988866970&#038;text=Ol\u00e1%21+estou+no+site+Art+Glass+Revest+e+gostaria+de+mais+informa\u00e7\u00f5es.\" target=\"_blank\">\n\t\t\t<i aria-hidden=\"true\" class=\"fab fa-whatsapp\"><\/i>\t\t\t<\/a>\n\t\t<\/div>\n\t\t\t\t\t\t<\/div>\n\t\t\t\t<\/div>\n\t\t\t\t\t<\/div>\n\t\t<\/div>\n\t\t\t\t<div class=\"elementor-column elementor-col-16 elementor-top-column elementor-element elementor-element-ce02630\" data-id=\"ce02630\" data-element_type=\"column\" data-e-type=\"column\">\n\t\t\t<div class=\"elementor-widget-wrap elementor-element-populated\">\n\t\t\t\t\t\t<div class=\"elementor-element elementor-element-3876f57 elementor-view-default elementor-widget elementor-widget-icon\" data-id=\"3876f57\" data-element_type=\"widget\" data-e-type=\"widget\" data-widget_type=\"icon.default\">\n\t\t\t\t<div class=\"elementor-widget-container\">\n\t\t\t\t\t\t\t<div class=\"elementor-icon-wrapper\">\n\t\t\t<a class=\"elementor-icon elementor-animation-grow\" href=\"https:\/\/www.instagram.com\/art_glass_revestimentos\/\" target=\"_blank\">\n\t\t\t<i aria-hidden=\"true\" class=\"fab fa-instagram\"><\/i>\t\t\t<\/a>\n\t\t<\/div>\n\t\t\t\t\t\t<\/div>\n\t\t\t\t<\/div>\n\t\t\t\t\t<\/div>\n\t\t<\/div>\n\t\t\t\t<div class=\"elementor-column elementor-col-16 elementor-top-column elementor-element elementor-element-2df273c\" data-id=\"2df273c\" data-element_type=\"column\" data-e-type=\"column\">\n\t\t\t<div class=\"elementor-widget-wrap elementor-element-populated\">\n\t\t\t\t\t\t<div class=\"elementor-element elementor-element-32d802d elementor-view-default elementor-widget elementor-widget-icon\" data-id=\"32d802d\" data-element_type=\"widget\" data-e-type=\"widget\" data-widget_type=\"icon.default\">\n\t\t\t\t<div class=\"elementor-widget-container\">\n\t\t\t\t\t\t\t<div class=\"elementor-icon-wrapper\">\n\t\t\t<a class=\"elementor-icon\" href=\"https:\/\/www.facebook.com\/artglassrevestimentos\/\" target=\"_blank\">\n\t\t\t<i aria-hidden=\"true\" class=\"fab fa-facebook\"><\/i>\t\t\t<\/a>\n\t\t<\/div>\n\t\t\t\t\t\t<\/div>\n\t\t\t\t<\/div>\n\t\t\t\t\t<\/div>\n\t\t<\/div>\n\t\t\t\t<div class=\"elementor-column elementor-col-16 elementor-top-column elementor-element elementor-element-e27a1a6\" data-id=\"e27a1a6\" data-element_type=\"column\" data-e-type=\"column\">\n\t\t\t<div class=\"elementor-widget-wrap elementor-element-populated\">\n\t\t\t\t\t\t<div class=\"elementor-element elementor-element-5b2bc03 elementor-view-default elementor-widget elementor-widget-icon\" data-id=\"5b2bc03\" data-element_type=\"widget\" data-e-type=\"widget\" data-widget_type=\"icon.default\">\n\t\t\t\t<div class=\"elementor-widget-container\">\n\t\t\t\t\t\t\t<div class=\"elementor-icon-wrapper\">\n\t\t\t<a class=\"elementor-icon\" href=\"https:\/\/www.youtube.com\/channel\/UC-YLFqGSF0ICV6WdBO8jQUw\">\n\t\t\t<i aria-hidden=\"true\" class=\"fab fa-youtube-square\"><\/i>\t\t\t<\/a>\n\t\t<\/div>\n\t\t\t\t\t\t<\/div>\n\t\t\t\t<\/div>\n\t\t\t\t\t<\/div>\n\t\t<\/div>\n\t\t\t\t<div class=\"elementor-column elementor-col-16 elementor-top-column elementor-element elementor-element-0134dd2\" data-id=\"0134dd2\" data-element_type=\"column\" data-e-type=\"column\">\n\t\t\t<div class=\"elementor-widget-wrap elementor-element-populated\">\n\t\t\t\t\t\t<div class=\"elementor-element elementor-element-c1e4673 elementor-view-default elementor-widget elementor-widget-icon\" data-id=\"c1e4673\" data-element_type=\"widget\" data-e-type=\"widget\" data-widget_type=\"icon.default\">\n\t\t\t\t<div class=\"elementor-widget-container\">\n\t\t\t\t\t\t\t<div class=\"elementor-icon-wrapper\">\n\t\t\t<div class=\"elementor-icon\">\n\t\t\t<i aria-hidden=\"true\" class=\"fas fa-mail-bulk\"><\/i>\t\t\t<\/div>\n\t\t<\/div>\n\t\t\t\t\t\t<\/div>\n\t\t\t\t<\/div>\n\t\t\t\t\t<\/div>\n\t\t<\/div>\n\t\t\t\t\t<\/div>\n\t\t<\/section>\n\t\t\t\t<\/div>\n\t\t","protected":false},"excerpt":{"rendered":"<p>A PASTILHA DE VIDRO NA DECORA\u00c7\u00c3O DE AMBIENTES Variedade de cores e modelos criam ambientes alegres Piscinas, paredes de banheiros e cozinhas, s\u00e3o alguns dos locais onde a pastilha de vidro pode ser aplicada. Por serem escorregadias, deve\u2013se evitar esse tipo de revestimento para pisos. A variedade de cores e tipos dessas pastilhas, permite que [&hellip;]<\/p>\n","protected":false},"author":1,"featured_media":0,"parent":0,"menu_order":0,"comment_status":"closed","ping_status":"closed","template":"","meta":{"footnotes":""},"class_list":["post-386","page","type-page","status-publish","hentry"],"_links":{"self":[{"href":"https:\/\/artglassrevest.com.br\/index.php\/wp-json\/wp\/v2\/pages\/386","targetHints":{"allow":["GET"]}}],"collection":[{"href":"https:\/\/artglassrevest.com.br\/index.php\/wp-json\/wp\/v2\/pages"}],"about":[{"href":"https:\/\/artglassrevest.com.br\/index.php\/wp-json\/wp\/v2\/types\/page"}],"author":[{"embeddable":true,"href":"https:\/\/artglassrevest.com.br\/index.php\/wp-json\/wp\/v2\/users\/1"}],"replies":[{"embeddable":true,"href":"https:\/\/artglassrevest.com.br\/index.php\/wp-json\/wp\/v2\/comments?post=386"}],"version-history":[{"count":11,"href":"https:\/\/artglassrevest.com.br\/index.php\/wp-json\/wp\/v2\/pages\/386\/revisions"}],"predecessor-version":[{"id":1694,"href":"https:\/\/artglassrevest.com.br\/index.php\/wp-json\/wp\/v2\/pages\/386\/revisions\/1694"}],"wp:attachment":[{"href":"https:\/\/artglassrevest.com.br\/index.php\/wp-json\/wp\/v2\/media?parent=386"}],"curies":[{"name":"wp","href":"https:\/\/api.w.org\/{rel}","templated":true}]}}