{"id":415,"date":"2019-12-25T20:32:35","date_gmt":"2019-12-25T23:32:35","guid":{"rendered":"http:\/\/artglassrevest.com.br\/?page_id=415"},"modified":"2022-06-29T16:27:34","modified_gmt":"2022-06-29T19:27:34","slug":"pastilha-hexagonal","status":"publish","type":"page","link":"https:\/\/artglassrevest.com.br\/index.php\/pastilha-hexagonal\/","title":{"rendered":"Pastilha Hexagonal"},"content":{"rendered":"\t\t<div data-elementor-type=\"wp-page\" data-elementor-id=\"415\" class=\"elementor elementor-415\">\n\t\t\t\t\t\t<section class=\"elementor-section elementor-top-section elementor-element elementor-element-e07e9a9 elementor-section-boxed elementor-section-height-default elementor-section-height-default\" data-id=\"e07e9a9\" data-element_type=\"section\" data-e-type=\"section\">\n\t\t\t\t\t\t<div class=\"elementor-container elementor-column-gap-default\">\n\t\t\t\t\t<div class=\"elementor-column elementor-col-33 elementor-top-column elementor-element elementor-element-3aef308\" data-id=\"3aef308\" data-element_type=\"column\" data-e-type=\"column\">\n\t\t\t<div class=\"elementor-widget-wrap elementor-element-populated\">\n\t\t\t\t\t\t<div class=\"elementor-element elementor-element-34be25d elementor-widget elementor-widget-image\" data-id=\"34be25d\" data-element_type=\"widget\" data-e-type=\"widget\" data-widget_type=\"image.default\">\n\t\t\t\t<div class=\"elementor-widget-container\">\n\t\t\t\t\t\t\t\t\t\t\t\t\t\t\t<img fetchpriority=\"high\" decoding=\"async\" width=\"300\" height=\"300\" src=\"https:\/\/artglassrevest.com.br\/wp-content\/uploads\/2019\/11\/37385001_2084046361855460_3276268943936847872_n-300x300.jpg\" class=\"attachment-medium size-medium wp-image-40\" alt=\"\" srcset=\"https:\/\/artglassrevest.com.br\/wp-content\/uploads\/2019\/11\/37385001_2084046361855460_3276268943936847872_n-300x300.jpg 300w, https:\/\/artglassrevest.com.br\/wp-content\/uploads\/2019\/11\/37385001_2084046361855460_3276268943936847872_n-150x150.jpg 150w, https:\/\/artglassrevest.com.br\/wp-content\/uploads\/2019\/11\/37385001_2084046361855460_3276268943936847872_n.jpg 700w\" sizes=\"(max-width: 300px) 100vw, 300px\" \/>\t\t\t\t\t\t\t\t\t\t\t\t\t\t\t<\/div>\n\t\t\t\t<\/div>\n\t\t\t\t\t<\/div>\n\t\t<\/div>\n\t\t\t\t<div class=\"elementor-column elementor-col-33 elementor-top-column elementor-element elementor-element-ba26d8f\" data-id=\"ba26d8f\" data-element_type=\"column\" data-e-type=\"column\">\n\t\t\t<div class=\"elementor-widget-wrap elementor-element-populated\">\n\t\t\t\t\t\t<div class=\"elementor-element elementor-element-60661b4 elementor-widget elementor-widget-image\" data-id=\"60661b4\" data-element_type=\"widget\" data-e-type=\"widget\" data-widget_type=\"image.default\">\n\t\t\t\t<div class=\"elementor-widget-container\">\n\t\t\t\t\t\t\t\t\t\t\t\t\t\t\t<img decoding=\"async\" width=\"240\" height=\"300\" src=\"https:\/\/artglassrevest.com.br\/wp-content\/uploads\/2019\/11\/58961633_2269572339969527_5580304583667744768_o-240x300.jpg\" class=\"attachment-medium size-medium wp-image-44\" alt=\"\" srcset=\"https:\/\/artglassrevest.com.br\/wp-content\/uploads\/2019\/11\/58961633_2269572339969527_5580304583667744768_o-240x300.jpg 240w, https:\/\/artglassrevest.com.br\/wp-content\/uploads\/2019\/11\/58961633_2269572339969527_5580304583667744768_o-819x1024.jpg 819w, https:\/\/artglassrevest.com.br\/wp-content\/uploads\/2019\/11\/58961633_2269572339969527_5580304583667744768_o-768x960.jpg 768w, https:\/\/artglassrevest.com.br\/wp-content\/uploads\/2019\/11\/58961633_2269572339969527_5580304583667744768_o.jpg 937w\" sizes=\"(max-width: 240px) 100vw, 240px\" \/>\t\t\t\t\t\t\t\t\t\t\t\t\t\t\t<\/div>\n\t\t\t\t<\/div>\n\t\t\t\t\t<\/div>\n\t\t<\/div>\n\t\t\t\t<div class=\"elementor-column elementor-col-33 elementor-top-column elementor-element elementor-element-84cb27a\" data-id=\"84cb27a\" data-element_type=\"column\" data-e-type=\"column\">\n\t\t\t<div class=\"elementor-widget-wrap elementor-element-populated\">\n\t\t\t\t\t\t<div class=\"elementor-element elementor-element-d418fac elementor-widget elementor-widget-image\" data-id=\"d418fac\" data-element_type=\"widget\" data-e-type=\"widget\" data-widget_type=\"image.default\">\n\t\t\t\t<div class=\"elementor-widget-container\">\n\t\t\t\t\t\t\t\t\t\t\t\t\t\t\t<img decoding=\"async\" width=\"300\" height=\"300\" src=\"https:\/\/artglassrevest.com.br\/wp-content\/uploads\/2019\/11\/37014513_2077494282510668_3542884897171439616_o-300x300.jpg\" class=\"attachment-medium size-medium wp-image-39\" alt=\"\" srcset=\"https:\/\/artglassrevest.com.br\/wp-content\/uploads\/2019\/11\/37014513_2077494282510668_3542884897171439616_o-300x300.jpg 300w, https:\/\/artglassrevest.com.br\/wp-content\/uploads\/2019\/11\/37014513_2077494282510668_3542884897171439616_o-1024x1024.jpg 1024w, https:\/\/artglassrevest.com.br\/wp-content\/uploads\/2019\/11\/37014513_2077494282510668_3542884897171439616_o-150x150.jpg 150w, https:\/\/artglassrevest.com.br\/wp-content\/uploads\/2019\/11\/37014513_2077494282510668_3542884897171439616_o-768x768.jpg 768w, https:\/\/artglassrevest.com.br\/wp-content\/uploads\/2019\/11\/37014513_2077494282510668_3542884897171439616_o.jpg 1080w\" sizes=\"(max-width: 300px) 100vw, 300px\" \/>\t\t\t\t\t\t\t\t\t\t\t\t\t\t\t<\/div>\n\t\t\t\t<\/div>\n\t\t\t\t\t<\/div>\n\t\t<\/div>\n\t\t\t\t\t<\/div>\n\t\t<\/section>\n\t\t\t\t<section class=\"elementor-section elementor-top-section elementor-element elementor-element-5abd383 elementor-section-boxed elementor-section-height-default elementor-section-height-default\" data-id=\"5abd383\" data-element_type=\"section\" data-e-type=\"section\">\n\t\t\t\t\t\t<div class=\"elementor-container elementor-column-gap-default\">\n\t\t\t\t\t<div class=\"elementor-column elementor-col-100 elementor-top-column elementor-element elementor-element-942ad9f\" data-id=\"942ad9f\" data-element_type=\"column\" data-e-type=\"column\">\n\t\t\t<div class=\"elementor-widget-wrap elementor-element-populated\">\n\t\t\t\t\t\t<div class=\"elementor-element elementor-element-9e6b1b6 elementor-widget elementor-widget-text-editor\" data-id=\"9e6b1b6\" data-element_type=\"widget\" data-e-type=\"widget\" data-widget_type=\"text-editor.default\">\n\t\t\t\t<div class=\"elementor-widget-container\">\n\t\t\t\t\t\t\t\t\t<h5><strong>PASTILHA HEXAGONAL \u00c9 ATUAL E CONTINUA EM ALTA NO MERCADO<\/strong><\/h5><p>Em novas texturas, o revestimento foi o destaque na Expo Revestir 2017<\/p><p>Tend\u00eancia que vem das constru\u00e7\u00f5es antigas na Europa, as formas hexagonais podem ser exploradas na decora\u00e7\u00e3o de ambientes utilizando a <strong>pastilha hexagonal<\/strong>. O formato est\u00e1 presente nas cole\u00e7\u00f5es de diversos fabricantes e marcas, em pastilhas de vidro, madeira, porcelanato e outros materiais.<\/p><p>A <strong>pastilha hexagonal<\/strong> foi um dos revestimentos de destaque durante a edi\u00e7\u00e3o de 15 anos da Expo Revestir, feira realizada no come\u00e7o desse ano, em S\u00e3o Paulo, considerada uma das mais importantes do setor de revestimentos no Brasil.<\/p><p>Os revestimentos e pisos, como a <strong>pastilha hexagonal<\/strong>, apresentados durante o evento, trouxeram novas texturas, formatos e cores. Conhecidos, popularmente, como revestimentos colmeia, conferem um visual est\u00e9tico r\u00fastico aos ambientes internos e externos.<\/p><p>Dentre as novidades mostradas durante a Expo Revestir, podemos destacar a cole\u00e7\u00e3o Medley, da Portodesing, <strong>pastilha hexagonal<\/strong> em cer\u00e2mica, nas cores bege, azul, branco e cinza. E a cole\u00e7\u00e3o Oxid, de porcelana, da Jatob\u00e1, dispon\u00edveis nas cores azul, grafite, verde e chumbo, e indicada para paredes, fachadas e piscinas. Da Atlas, a novidade na linha de pastilhas hexagonais, ganhou acabamento esmaltado na cor Camburi.<\/p><p>Esse tipo de revestimento \u00e9 tamb\u00e9m uma alternativa para quem procura um visual diferente das pastilhas tradicionais. As principais caracter\u00edsticas da <strong>pastilha hexagonal<\/strong> s\u00e3o a resist\u00eancia ao calor, durabilidade e f\u00e1cil manuten\u00e7\u00e3o. Criando um ambiente de maior movimento na decora\u00e7\u00e3o de interiores e exteriores.<\/p><p>Arquitetos e decoradores, tamb\u00e9m recomendam a <strong>pastilha hexagonal<\/strong> para pisos. A cor escolhida pode, inclusive, dar impress\u00e3o de profundidade aos espa\u00e7os. A aplica\u00e7\u00e3o da <strong>pastilha hexagonal<\/strong> segue as mesmas determina\u00e7\u00f5es das demais pastilhas, e acompanha as especificidades dos materiais com os quais s\u00e3o produzidas. Geralmente, necessitam de m\u00e3o de obra especializada para sua aplica\u00e7\u00e3o.<\/p><p>Al\u00e9m de ferramentas adequadas para o \u00eaxito do processo de assentamento e rejunte, e a necessidade de utiliza\u00e7\u00e3o de equipamentos de prote\u00e7\u00e3o para a seguran\u00e7a de quem far\u00e1 esse trabalho. Ter todos os cuidados necess\u00e1rios, \u00e9 a garantia do consumidor de que o trabalho ser\u00e1 bem executado, e de que as pe\u00e7as da pastilha ser\u00e3o bem fixadas, evitando que elas caiam com o passar do tempo. Em caso de d\u00favidas, consulte profissionais especializados ou as informa\u00e7\u00f5es do fabricante.<\/p><div class=\"more\"><h6><strong>PARA SABER MAIS SOBRE PASTILHA HEXAGONAL<\/strong><\/h6><\/div>\t\t\t\t\t\t\t\t<\/div>\n\t\t\t\t<\/div>\n\t\t\t\t\t<\/div>\n\t\t<\/div>\n\t\t\t\t\t<\/div>\n\t\t<\/section>\n\t\t\t\t<section class=\"elementor-section elementor-top-section elementor-element elementor-element-865d61a elementor-section-boxed elementor-section-height-default elementor-section-height-default\" data-id=\"865d61a\" data-element_type=\"section\" data-e-type=\"section\">\n\t\t\t\t\t\t<div class=\"elementor-container elementor-column-gap-default\">\n\t\t\t\t\t<div class=\"elementor-column elementor-col-100 elementor-top-column elementor-element elementor-element-51da630\" data-id=\"51da630\" data-element_type=\"column\" data-e-type=\"column\">\n\t\t\t<div class=\"elementor-widget-wrap\">\n\t\t\t\t\t\t\t<\/div>\n\t\t<\/div>\n\t\t\t\t\t<\/div>\n\t\t<\/section>\n\t\t\t\t<section class=\"elementor-section elementor-top-section elementor-element elementor-element-c771360 elementor-section-boxed elementor-section-height-default elementor-section-height-default\" data-id=\"c771360\" data-element_type=\"section\" data-e-type=\"section\">\n\t\t\t\t\t\t<div class=\"elementor-container elementor-column-gap-default\">\n\t\t\t\t\t<div class=\"elementor-column elementor-col-50 elementor-top-column elementor-element elementor-element-e2cd48b\" data-id=\"e2cd48b\" data-element_type=\"column\" data-e-type=\"column\">\n\t\t\t<div class=\"elementor-widget-wrap elementor-element-populated\">\n\t\t\t\t\t\t<div class=\"elementor-element elementor-element-02559d1 elementor-view-default elementor-widget elementor-widget-icon\" data-id=\"02559d1\" data-element_type=\"widget\" data-e-type=\"widget\" data-widget_type=\"icon.default\">\n\t\t\t\t<div class=\"elementor-widget-container\">\n\t\t\t\t\t\t\t<div class=\"elementor-icon-wrapper\">\n\t\t\t<a class=\"elementor-icon elementor-animation-shrink\" href=\"http:\/\/artglassrevest.com.br\/index.php\/pastilhas\/\">\n\t\t\t<i aria-hidden=\"true\" class=\"fas fa-book-open\"><\/i>\t\t\t<\/a>\n\t\t<\/div>\n\t\t\t\t\t\t<\/div>\n\t\t\t\t<\/div>\n\t\t\t\t\t<\/div>\n\t\t<\/div>\n\t\t\t\t<div class=\"elementor-column elementor-col-50 elementor-top-column elementor-element elementor-element-5d26765\" data-id=\"5d26765\" data-element_type=\"column\" data-e-type=\"column\">\n\t\t\t<div class=\"elementor-widget-wrap elementor-element-populated\">\n\t\t\t\t\t\t<div class=\"elementor-element elementor-element-0bcbb82 elementor-widget elementor-widget-text-editor\" data-id=\"0bcbb82\" data-element_type=\"widget\" data-e-type=\"widget\" data-widget_type=\"text-editor.default\">\n\t\t\t\t<div class=\"elementor-widget-container\">\n\t\t\t\t\t\t\t\t\t<p><a href=\"http:\/\/artglassrevest.com.br\/index.php\/pastilhas\/\" target=\"_blank\" rel=\"noopener\">Ver Modelos\u00a0<\/a><\/p>\t\t\t\t\t\t\t\t<\/div>\n\t\t\t\t<\/div>\n\t\t\t\t\t<\/div>\n\t\t<\/div>\n\t\t\t\t\t<\/div>\n\t\t<\/section>\n\t\t\t\t<section class=\"elementor-section elementor-top-section elementor-element elementor-element-f6e6a5f elementor-section-boxed elementor-section-height-default elementor-section-height-default\" data-id=\"f6e6a5f\" data-element_type=\"section\" data-e-type=\"section\">\n\t\t\t\t\t\t<div class=\"elementor-container elementor-column-gap-default\">\n\t\t\t\t\t<div class=\"elementor-column elementor-col-33 elementor-top-column elementor-element elementor-element-0a73285\" data-id=\"0a73285\" data-element_type=\"column\" data-e-type=\"column\">\n\t\t\t<div class=\"elementor-widget-wrap elementor-element-populated\">\n\t\t\t\t\t\t<div class=\"elementor-element elementor-element-da5b025 elementor-widget elementor-widget-google_maps\" data-id=\"da5b025\" data-element_type=\"widget\" data-e-type=\"widget\" data-widget_type=\"google_maps.default\">\n\t\t\t\t<div class=\"elementor-widget-container\">\n\t\t\t\t\t\t\t<div class=\"elementor-custom-embed\">\n\t\t\t<iframe loading=\"lazy\"\n\t\t\t\t\tsrc=\"https:\/\/maps.google.com\/maps?q=Rua%20Oscar%20Freire%2C%202213%20&#038;t=m&#038;z=14&#038;output=embed&#038;iwloc=near\"\n\t\t\t\t\ttitle=\"Rua Oscar Freire, 2213 \"\n\t\t\t\t\taria-label=\"Rua Oscar Freire, 2213 \"\n\t\t\t><\/iframe>\n\t\t<\/div>\n\t\t\t\t\t\t<\/div>\n\t\t\t\t<\/div>\n\t\t\t\t\t<\/div>\n\t\t<\/div>\n\t\t\t\t<div class=\"elementor-column elementor-col-33 elementor-top-column elementor-element elementor-element-a4bdcd1\" data-id=\"a4bdcd1\" data-element_type=\"column\" data-e-type=\"column\">\n\t\t\t<div class=\"elementor-widget-wrap elementor-element-populated\">\n\t\t\t\t\t\t<div class=\"elementor-element elementor-element-e51a1a4 elementor-view-default elementor-widget elementor-widget-icon\" data-id=\"e51a1a4\" data-element_type=\"widget\" data-e-type=\"widget\" data-widget_type=\"icon.default\">\n\t\t\t\t<div class=\"elementor-widget-container\">\n\t\t\t\t\t\t\t<div class=\"elementor-icon-wrapper\">\n\t\t\t<div class=\"elementor-icon\">\n\t\t\t<i aria-hidden=\"true\" class=\"fas fa-phone-alt\"><\/i>\t\t\t<\/div>\n\t\t<\/div>\n\t\t\t\t\t\t<\/div>\n\t\t\t\t<\/div>\n\t\t\t\t<div class=\"elementor-element elementor-element-11ef484 elementor-view-default elementor-widget elementor-widget-icon\" data-id=\"11ef484\" data-element_type=\"widget\" data-e-type=\"widget\" data-widget_type=\"icon.default\">\n\t\t\t\t<div class=\"elementor-widget-container\">\n\t\t\t\t\t\t\t<div class=\"elementor-icon-wrapper\">\n\t\t\t<a class=\"elementor-icon elementor-animation-grow\" href=\"https:\/\/api.whatsapp.com\/send?phone=5511988866970&#038;text=Ol\u00e1%21+estou+no+site+Art+Glass+Revest+e+gostaria+de+mais+informa\u00e7\u00f5es.\" target=\"_blank\">\n\t\t\t<i aria-hidden=\"true\" class=\"fab fa-whatsapp\"><\/i>\t\t\t<\/a>\n\t\t<\/div>\n\t\t\t\t\t\t<\/div>\n\t\t\t\t<\/div>\n\t\t\t\t<div class=\"elementor-element elementor-element-c0ad717 elementor-view-default elementor-widget elementor-widget-icon\" data-id=\"c0ad717\" data-element_type=\"widget\" data-e-type=\"widget\" data-widget_type=\"icon.default\">\n\t\t\t\t<div class=\"elementor-widget-container\">\n\t\t\t\t\t\t\t<div class=\"elementor-icon-wrapper\">\n\t\t\t<div class=\"elementor-icon\">\n\t\t\t<i aria-hidden=\"true\" class=\"fas fa-mail-bulk\"><\/i>\t\t\t<\/div>\n\t\t<\/div>\n\t\t\t\t\t\t<\/div>\n\t\t\t\t<\/div>\n\t\t\t\t<div class=\"elementor-element elementor-element-20f3c92 elementor-view-default elementor-widget elementor-widget-icon\" data-id=\"20f3c92\" data-element_type=\"widget\" data-e-type=\"widget\" data-widget_type=\"icon.default\">\n\t\t\t\t<div class=\"elementor-widget-container\">\n\t\t\t\t\t\t\t<div class=\"elementor-icon-wrapper\">\n\t\t\t<div class=\"elementor-icon\">\n\t\t\t<i aria-hidden=\"true\" class=\"fas fa-location-arrow\"><\/i>\t\t\t<\/div>\n\t\t<\/div>\n\t\t\t\t\t\t<\/div>\n\t\t\t\t<\/div>\n\t\t\t\t\t<\/div>\n\t\t<\/div>\n\t\t\t\t<div class=\"elementor-column elementor-col-33 elementor-top-column elementor-element elementor-element-9f49bb6\" data-id=\"9f49bb6\" data-element_type=\"column\" data-e-type=\"column\">\n\t\t\t<div class=\"elementor-widget-wrap elementor-element-populated\">\n\t\t\t\t\t\t<div class=\"elementor-element elementor-element-4bea7dd elementor-widget elementor-widget-text-editor\" data-id=\"4bea7dd\" data-element_type=\"widget\" data-e-type=\"widget\" data-widget_type=\"text-editor.default\">\n\t\t\t\t<div class=\"elementor-widget-container\">\n\t\t\t\t\t\t\t\t\t<h4><strong> 11 -3085-1057<\/strong><\/h4>\t\t\t\t\t\t\t\t<\/div>\n\t\t\t\t<\/div>\n\t\t\t\t<div class=\"elementor-element elementor-element-5d87a95 elementor-widget elementor-widget-text-editor\" data-id=\"5d87a95\" data-element_type=\"widget\" data-e-type=\"widget\" data-widget_type=\"text-editor.default\">\n\t\t\t\t<div class=\"elementor-widget-container\">\n\t\t\t\t\t\t\t\t\t<p><strong>\u00a0 \u00a0 \u00a0<\/strong><strong> 11 -9888-66970<\/strong><\/p>\t\t\t\t\t\t\t\t<\/div>\n\t\t\t\t<\/div>\n\t\t\t\t<div class=\"elementor-element elementor-element-e9dfb18 elementor-widget elementor-widget-text-editor\" data-id=\"e9dfb18\" data-element_type=\"widget\" data-e-type=\"widget\" data-widget_type=\"text-editor.default\">\n\t\t\t\t<div class=\"elementor-widget-container\">\n\t\t\t\t\t\t\t\t\t<p><strong>contato@artglassrevestimentos.com.br<\/strong><\/p>\t\t\t\t\t\t\t\t<\/div>\n\t\t\t\t<\/div>\n\t\t\t\t<div class=\"elementor-element elementor-element-f9504f7 elementor-widget elementor-widget-text-editor\" data-id=\"f9504f7\" data-element_type=\"widget\" data-e-type=\"widget\" data-widget_type=\"text-editor.default\">\n\t\t\t\t<div class=\"elementor-widget-container\">\n\t\t\t\t\t\t\t\t\t<p><strong>Rua Oscar Freire, 2213<\/strong><\/p><p>Pinheiros, S\u00e3o Paulo -SP<\/p>\t\t\t\t\t\t\t\t<\/div>\n\t\t\t\t<\/div>\n\t\t\t\t\t<\/div>\n\t\t<\/div>\n\t\t\t\t\t<\/div>\n\t\t<\/section>\n\t\t\t\t<section class=\"elementor-section elementor-top-section elementor-element elementor-element-da3be57 elementor-section-boxed elementor-section-height-default elementor-section-height-default\" data-id=\"da3be57\" data-element_type=\"section\" data-e-type=\"section\">\n\t\t\t\t\t\t<div class=\"elementor-container elementor-column-gap-default\">\n\t\t\t\t\t<div class=\"elementor-column elementor-col-16 elementor-top-column elementor-element elementor-element-852471e\" data-id=\"852471e\" data-element_type=\"column\" data-e-type=\"column\">\n\t\t\t<div class=\"elementor-widget-wrap elementor-element-populated\">\n\t\t\t\t\t\t<div class=\"elementor-element elementor-element-f30f473 elementor-view-default elementor-widget elementor-widget-icon\" data-id=\"f30f473\" data-element_type=\"widget\" data-e-type=\"widget\" data-widget_type=\"icon.default\">\n\t\t\t\t<div class=\"elementor-widget-container\">\n\t\t\t\t\t\t\t<div class=\"elementor-icon-wrapper\">\n\t\t\t<a class=\"elementor-icon elementor-animation-grow\" href=\"https:\/\/artglassrevestimentos.mercadoshops.com.br\/?preview=&#038;mshops-cookie-isguest=false&#038;mshops-redirection-timestamp=1656436868223&#038;mshops-cookie-cp=02471010\" target=\"_blank\">\n\t\t\t<i aria-hidden=\"true\" class=\"fas fa-shopping-cart\"><\/i>\t\t\t<\/a>\n\t\t<\/div>\n\t\t\t\t\t\t<\/div>\n\t\t\t\t<\/div>\n\t\t\t\t\t<\/div>\n\t\t<\/div>\n\t\t\t\t<div class=\"elementor-column elementor-col-16 elementor-top-column elementor-element elementor-element-69d84df\" data-id=\"69d84df\" data-element_type=\"column\" data-e-type=\"column\">\n\t\t\t<div class=\"elementor-widget-wrap elementor-element-populated\">\n\t\t\t\t\t\t<div class=\"elementor-element elementor-element-a770731 elementor-view-default elementor-widget elementor-widget-icon\" data-id=\"a770731\" data-element_type=\"widget\" data-e-type=\"widget\" data-widget_type=\"icon.default\">\n\t\t\t\t<div class=\"elementor-widget-container\">\n\t\t\t\t\t\t\t<div class=\"elementor-icon-wrapper\">\n\t\t\t<a class=\"elementor-icon elementor-animation-grow\" href=\"https:\/\/api.whatsapp.com\/send?phone=5511988866970&#038;text=Ol\u00e1%21+estou+no+site+Art+Glass+Revest+e+gostaria+de+mais+informa\u00e7\u00f5es.\" target=\"_blank\">\n\t\t\t<i aria-hidden=\"true\" class=\"fab fa-whatsapp\"><\/i>\t\t\t<\/a>\n\t\t<\/div>\n\t\t\t\t\t\t<\/div>\n\t\t\t\t<\/div>\n\t\t\t\t\t<\/div>\n\t\t<\/div>\n\t\t\t\t<div class=\"elementor-column elementor-col-16 elementor-top-column elementor-element elementor-element-3d39be5\" data-id=\"3d39be5\" data-element_type=\"column\" data-e-type=\"column\">\n\t\t\t<div class=\"elementor-widget-wrap elementor-element-populated\">\n\t\t\t\t\t\t<div class=\"elementor-element elementor-element-f0d2939 elementor-view-default elementor-widget elementor-widget-icon\" data-id=\"f0d2939\" data-element_type=\"widget\" data-e-type=\"widget\" data-widget_type=\"icon.default\">\n\t\t\t\t<div class=\"elementor-widget-container\">\n\t\t\t\t\t\t\t<div class=\"elementor-icon-wrapper\">\n\t\t\t<a class=\"elementor-icon elementor-animation-grow\" href=\"https:\/\/www.instagram.com\/art_glass_revestimentos\/\" target=\"_blank\">\n\t\t\t<i aria-hidden=\"true\" class=\"fab fa-instagram\"><\/i>\t\t\t<\/a>\n\t\t<\/div>\n\t\t\t\t\t\t<\/div>\n\t\t\t\t<\/div>\n\t\t\t\t\t<\/div>\n\t\t<\/div>\n\t\t\t\t<div class=\"elementor-column elementor-col-16 elementor-top-column elementor-element elementor-element-6df172e\" data-id=\"6df172e\" data-element_type=\"column\" data-e-type=\"column\">\n\t\t\t<div class=\"elementor-widget-wrap elementor-element-populated\">\n\t\t\t\t\t\t<div class=\"elementor-element elementor-element-4a4abf6 elementor-view-default elementor-widget elementor-widget-icon\" data-id=\"4a4abf6\" data-element_type=\"widget\" data-e-type=\"widget\" data-widget_type=\"icon.default\">\n\t\t\t\t<div class=\"elementor-widget-container\">\n\t\t\t\t\t\t\t<div class=\"elementor-icon-wrapper\">\n\t\t\t<a class=\"elementor-icon\" href=\"https:\/\/www.facebook.com\/artglassrevestimentos\/\" target=\"_blank\">\n\t\t\t<i aria-hidden=\"true\" class=\"fab fa-facebook\"><\/i>\t\t\t<\/a>\n\t\t<\/div>\n\t\t\t\t\t\t<\/div>\n\t\t\t\t<\/div>\n\t\t\t\t\t<\/div>\n\t\t<\/div>\n\t\t\t\t<div class=\"elementor-column elementor-col-16 elementor-top-column elementor-element elementor-element-52bd3b7\" data-id=\"52bd3b7\" data-element_type=\"column\" data-e-type=\"column\">\n\t\t\t<div class=\"elementor-widget-wrap elementor-element-populated\">\n\t\t\t\t\t\t<div class=\"elementor-element elementor-element-5c626a9 elementor-view-default elementor-widget elementor-widget-icon\" data-id=\"5c626a9\" data-element_type=\"widget\" data-e-type=\"widget\" data-widget_type=\"icon.default\">\n\t\t\t\t<div class=\"elementor-widget-container\">\n\t\t\t\t\t\t\t<div class=\"elementor-icon-wrapper\">\n\t\t\t<a class=\"elementor-icon\" href=\"https:\/\/www.youtube.com\/channel\/UC-YLFqGSF0ICV6WdBO8jQUw\">\n\t\t\t<i aria-hidden=\"true\" class=\"fab fa-youtube-square\"><\/i>\t\t\t<\/a>\n\t\t<\/div>\n\t\t\t\t\t\t<\/div>\n\t\t\t\t<\/div>\n\t\t\t\t\t<\/div>\n\t\t<\/div>\n\t\t\t\t<div class=\"elementor-column elementor-col-16 elementor-top-column elementor-element elementor-element-6b4e48a\" data-id=\"6b4e48a\" data-element_type=\"column\" data-e-type=\"column\">\n\t\t\t<div class=\"elementor-widget-wrap elementor-element-populated\">\n\t\t\t\t\t\t<div class=\"elementor-element elementor-element-004adc6 elementor-view-default elementor-widget elementor-widget-icon\" data-id=\"004adc6\" data-element_type=\"widget\" data-e-type=\"widget\" data-widget_type=\"icon.default\">\n\t\t\t\t<div class=\"elementor-widget-container\">\n\t\t\t\t\t\t\t<div class=\"elementor-icon-wrapper\">\n\t\t\t<div class=\"elementor-icon\">\n\t\t\t<i aria-hidden=\"true\" class=\"fas fa-mail-bulk\"><\/i>\t\t\t<\/div>\n\t\t<\/div>\n\t\t\t\t\t\t<\/div>\n\t\t\t\t<\/div>\n\t\t\t\t\t<\/div>\n\t\t<\/div>\n\t\t\t\t\t<\/div>\n\t\t<\/section>\n\t\t\t\t<\/div>\n\t\t","protected":false},"excerpt":{"rendered":"<p>PASTILHA HEXAGONAL \u00c9 ATUAL E CONTINUA EM ALTA NO MERCADO Em novas texturas, o revestimento foi o destaque na Expo Revestir 2017 Tend\u00eancia que vem das constru\u00e7\u00f5es antigas na Europa, as formas hexagonais podem ser exploradas na decora\u00e7\u00e3o de ambientes utilizando a pastilha hexagonal. O formato est\u00e1 presente nas cole\u00e7\u00f5es de diversos fabricantes e marcas, [&hellip;]<\/p>\n","protected":false},"author":1,"featured_media":0,"parent":0,"menu_order":0,"comment_status":"closed","ping_status":"closed","template":"","meta":{"footnotes":""},"class_list":["post-415","page","type-page","status-publish","hentry"],"_links":{"self":[{"href":"https:\/\/artglassrevest.com.br\/index.php\/wp-json\/wp\/v2\/pages\/415","targetHints":{"allow":["GET"]}}],"collection":[{"href":"https:\/\/artglassrevest.com.br\/index.php\/wp-json\/wp\/v2\/pages"}],"about":[{"href":"https:\/\/artglassrevest.com.br\/index.php\/wp-json\/wp\/v2\/types\/page"}],"author":[{"embeddable":true,"href":"https:\/\/artglassrevest.com.br\/index.php\/wp-json\/wp\/v2\/users\/1"}],"replies":[{"embeddable":true,"href":"https:\/\/artglassrevest.com.br\/index.php\/wp-json\/wp\/v2\/comments?post=415"}],"version-history":[{"count":9,"href":"https:\/\/artglassrevest.com.br\/index.php\/wp-json\/wp\/v2\/pages\/415\/revisions"}],"predecessor-version":[{"id":1706,"href":"https:\/\/artglassrevest.com.br\/index.php\/wp-json\/wp\/v2\/pages\/415\/revisions\/1706"}],"wp:attachment":[{"href":"https:\/\/artglassrevest.com.br\/index.php\/wp-json\/wp\/v2\/media?parent=415"}],"curies":[{"name":"wp","href":"https:\/\/api.w.org\/{rel}","templated":true}]}}