{"id":428,"date":"2019-12-25T20:54:27","date_gmt":"2019-12-25T23:54:27","guid":{"rendered":"http:\/\/artglassrevest.com.br\/?page_id=428"},"modified":"2022-06-29T16:22:06","modified_gmt":"2022-06-29T19:22:06","slug":"pastilha-de-madreperola","status":"publish","type":"page","link":"https:\/\/artglassrevest.com.br\/index.php\/pastilha-de-madreperola\/","title":{"rendered":"Pastilha de Madrep\u00e9rola"},"content":{"rendered":"\t\t<div data-elementor-type=\"wp-page\" data-elementor-id=\"428\" class=\"elementor elementor-428\">\n\t\t\t\t\t\t<section class=\"elementor-section elementor-top-section elementor-element elementor-element-96f8843 elementor-section-boxed elementor-section-height-default elementor-section-height-default\" data-id=\"96f8843\" data-element_type=\"section\" data-e-type=\"section\">\n\t\t\t\t\t\t<div class=\"elementor-container elementor-column-gap-default\">\n\t\t\t\t\t<div class=\"elementor-column elementor-col-33 elementor-top-column elementor-element elementor-element-f72850e\" data-id=\"f72850e\" data-element_type=\"column\" data-e-type=\"column\">\n\t\t\t<div class=\"elementor-widget-wrap elementor-element-populated\">\n\t\t\t\t\t\t<div class=\"elementor-element elementor-element-4c2ab18 elementor-widget elementor-widget-image\" data-id=\"4c2ab18\" data-element_type=\"widget\" data-e-type=\"widget\" data-widget_type=\"image.default\">\n\t\t\t\t<div class=\"elementor-widget-container\">\n\t\t\t\t\t\t\t\t\t\t\t\t\t\t\t<img fetchpriority=\"high\" decoding=\"async\" width=\"300\" height=\"300\" src=\"https:\/\/artglassrevest.com.br\/wp-content\/uploads\/2019\/12\/lavabo_com_pastilha_c5cb_original-300x300.jpeg\" class=\"attachment-medium size-medium wp-image-426\" alt=\"\" srcset=\"https:\/\/artglassrevest.com.br\/wp-content\/uploads\/2019\/12\/lavabo_com_pastilha_c5cb_original-300x300.jpeg 300w, https:\/\/artglassrevest.com.br\/wp-content\/uploads\/2019\/12\/lavabo_com_pastilha_c5cb_original-1024x1024.jpeg 1024w, https:\/\/artglassrevest.com.br\/wp-content\/uploads\/2019\/12\/lavabo_com_pastilha_c5cb_original-150x150.jpeg 150w, https:\/\/artglassrevest.com.br\/wp-content\/uploads\/2019\/12\/lavabo_com_pastilha_c5cb_original-768x768.jpeg 768w, https:\/\/artglassrevest.com.br\/wp-content\/uploads\/2019\/12\/lavabo_com_pastilha_c5cb_original.jpeg 1280w\" sizes=\"(max-width: 300px) 100vw, 300px\" \/>\t\t\t\t\t\t\t\t\t\t\t\t\t\t\t<\/div>\n\t\t\t\t<\/div>\n\t\t\t\t\t<\/div>\n\t\t<\/div>\n\t\t\t\t<div class=\"elementor-column elementor-col-33 elementor-top-column elementor-element elementor-element-42a280a\" data-id=\"42a280a\" data-element_type=\"column\" data-e-type=\"column\">\n\t\t\t<div class=\"elementor-widget-wrap elementor-element-populated\">\n\t\t\t\t\t\t<div class=\"elementor-element elementor-element-37cd77f elementor-widget elementor-widget-image\" data-id=\"37cd77f\" data-element_type=\"widget\" data-e-type=\"widget\" data-widget_type=\"image.default\">\n\t\t\t\t<div class=\"elementor-widget-container\">\n\t\t\t\t\t\t\t\t\t\t\t\t\t\t\t<img decoding=\"async\" width=\"300\" height=\"199\" src=\"https:\/\/artglassrevest.com.br\/wp-content\/uploads\/2019\/12\/1481657856-casa_orquidea_25-300x199.jpg\" class=\"attachment-medium size-medium wp-image-425\" alt=\"\" srcset=\"https:\/\/artglassrevest.com.br\/wp-content\/uploads\/2019\/12\/1481657856-casa_orquidea_25-300x199.jpg 300w, https:\/\/artglassrevest.com.br\/wp-content\/uploads\/2019\/12\/1481657856-casa_orquidea_25-1024x679.jpg 1024w, https:\/\/artglassrevest.com.br\/wp-content\/uploads\/2019\/12\/1481657856-casa_orquidea_25-768x509.jpg 768w, https:\/\/artglassrevest.com.br\/wp-content\/uploads\/2019\/12\/1481657856-casa_orquidea_25.jpg 1297w\" sizes=\"(max-width: 300px) 100vw, 300px\" \/>\t\t\t\t\t\t\t\t\t\t\t\t\t\t\t<\/div>\n\t\t\t\t<\/div>\n\t\t\t\t\t<\/div>\n\t\t<\/div>\n\t\t\t\t<div class=\"elementor-column elementor-col-33 elementor-top-column elementor-element elementor-element-3c7bf92\" data-id=\"3c7bf92\" data-element_type=\"column\" data-e-type=\"column\">\n\t\t\t<div class=\"elementor-widget-wrap elementor-element-populated\">\n\t\t\t\t\t\t<div class=\"elementor-element elementor-element-0a06163 elementor-widget elementor-widget-image\" data-id=\"0a06163\" data-element_type=\"widget\" data-e-type=\"widget\" data-widget_type=\"image.default\">\n\t\t\t\t<div class=\"elementor-widget-container\">\n\t\t\t\t\t\t\t\t\t\t\t\t\t\t\t<img decoding=\"async\" width=\"241\" height=\"300\" src=\"https:\/\/artglassrevest.com.br\/wp-content\/uploads\/2019\/12\/6094ce4d248af802bf817d4573f4e068-241x300.jpg\" class=\"attachment-medium size-medium wp-image-424\" alt=\"\" srcset=\"https:\/\/artglassrevest.com.br\/wp-content\/uploads\/2019\/12\/6094ce4d248af802bf817d4573f4e068-241x300.jpg 241w, https:\/\/artglassrevest.com.br\/wp-content\/uploads\/2019\/12\/6094ce4d248af802bf817d4573f4e068-821x1024.jpg 821w, https:\/\/artglassrevest.com.br\/wp-content\/uploads\/2019\/12\/6094ce4d248af802bf817d4573f4e068-768x958.jpg 768w, https:\/\/artglassrevest.com.br\/wp-content\/uploads\/2019\/12\/6094ce4d248af802bf817d4573f4e068.jpg 1080w\" sizes=\"(max-width: 241px) 100vw, 241px\" \/>\t\t\t\t\t\t\t\t\t\t\t\t\t\t\t<\/div>\n\t\t\t\t<\/div>\n\t\t\t\t\t<\/div>\n\t\t<\/div>\n\t\t\t\t\t<\/div>\n\t\t<\/section>\n\t\t\t\t<section class=\"elementor-section elementor-top-section elementor-element elementor-element-38bb1fa elementor-section-boxed elementor-section-height-default elementor-section-height-default\" data-id=\"38bb1fa\" data-element_type=\"section\" data-e-type=\"section\">\n\t\t\t\t\t\t<div class=\"elementor-container elementor-column-gap-default\">\n\t\t\t\t\t<div class=\"elementor-column elementor-col-100 elementor-top-column elementor-element elementor-element-261d110\" data-id=\"261d110\" data-element_type=\"column\" data-e-type=\"column\">\n\t\t\t<div class=\"elementor-widget-wrap elementor-element-populated\">\n\t\t\t\t\t\t<div class=\"elementor-element elementor-element-da17709 elementor-widget elementor-widget-text-editor\" data-id=\"da17709\" data-element_type=\"widget\" data-e-type=\"widget\" data-widget_type=\"text-editor.default\">\n\t\t\t\t<div class=\"elementor-widget-container\">\n\t\t\t\t\t\t\t\t\t<h5><strong>DELICADEZA E DURABILIDADE COM PASTILHA MADREP\u00c9ROLA<\/strong><\/h5><p>Pastilhas para quem quer sofistica\u00e7\u00e3o em seus ambientes<\/p><p>Feita com conchas marinhas e com caracter\u00edstica translucida, a <strong>pastilha madrep\u00e9rola<\/strong> \u00e9 um revestimento luxuoso que confere requinte aos ambientes. O formato das placas de <strong>pastilha madrep\u00e9rola<\/strong> \u00e9, geralmente, 30x30cm. Elas podem ser aplicadas em ambientes como salas, quartos e outras \u00e1reas internas. Mas devido \u00e0 natureza transl\u00facida, n\u00e3o s\u00e3o recomendadas para \u00e1reas com incid\u00eancia constante de \u00e1gua.<\/p><p>Por\u00e9m, a principal caracter\u00edstica da pastilha de madrep\u00e9rola \u00e9 iridesc\u00eancia, palavra proveniente do grego que explica um fen\u00f4meno \u00f3ptico, onde certos tipos de superf\u00edcies refletem as cores do arco-\u00edris.<\/p><p>Quando expostas a luz, a <strong>pastilha madrep\u00e9rola<\/strong> reflete brilho e produz um bonito efeito. A base da <strong>pastilha madrep\u00e9rola<\/strong> \u00e9 uma subst\u00e2ncia calc\u00e1ria, de caracter\u00edstica dura, com alta resist\u00eancia e brilhante.<\/p><p>S\u00e3o as mais indicadas quando se procura dar sofistica\u00e7\u00e3o aos espa\u00e7os. A argamassa recomendada para a aplica\u00e7\u00e3o dessas pastilhas \u00e9 a de cor branca. Al\u00e9m de argamassas espec\u00edficas para assentamento de pe\u00e7as desse tipo. \u00a0<\/p><p>S\u00e3o muitas as estampas e mosaicos que podem ser feitos utilizando a pastilha de madrep\u00e9rola. Al\u00e9m de paredes, s\u00e3o tamb\u00e9m aplicadas em m\u00f3veis.<\/p><p>As paredes e at\u00e9 piscinas s\u00e3o alguns dos locais que ganham vida com detalhes da <strong>pastilha madrep\u00e9rola<\/strong>.<\/p><p>S\u00e3o revestimentos finos, delicados, mas muito resistentes. Sua resist\u00eancia \u00e9 superior ao vidro. Sua vida \u00fatil pode chegar a 10 anos. Para isso, \u00e9 necess\u00e1ria a manuten\u00e7\u00e3o e limpeza correta do material. Procure sempre informa\u00e7\u00f5es do fabricante ou m\u00e3o de obra especializada. A aplica\u00e7\u00e3o tamb\u00e9m \u00e9 um processo simples, e o revestimento pode ser encontrado em op\u00e7\u00f5es com rejunte e sem rejunte.<\/p><p>Se a ideia for uma aplica\u00e7\u00e3o ainda mais f\u00e1cil, limpa, mas com o efeito translucido da <strong>pastilha madrep\u00e9rola<\/strong>, a op\u00e7\u00e3o \u00e9 o papel de parede madrep\u00e9rola. A coloca\u00e7\u00e3o \u00e9 muito simples e o efeito \u00e9 quase o mesmo.<\/p><p>Para saber a quantidade de <strong>pastilha madrep\u00e9rola<\/strong> que ser\u00e1 necess\u00e1ria para cobrir o o espa\u00e7o desejado, avalie e fa\u00e7a a metragem do local, conhecendo as caracter\u00edsticas desse espa\u00e7o. Toda a compra de revestimento, s\u00f3 deve ser feita depois que o cliente tenha um m\u00ednimo projeto para a decora\u00e7\u00e3o do ambiente. Isso, evitar\u00e1 o desperd\u00edcio de materiais e que sejam comprados revestimentos que n\u00e3o combinam ou n\u00e3o podem ser aplicados no espa\u00e7o desejado pelo cliente. \u00c9 sempre recomendado procurar profissionais que entendam do assunto e possam auxiliar o consumidor.<\/p><div class=\"more\"><h6><strong>PARA SABER MAIS SOBRE PASTILHA MADREP\u00c9ROLA<\/strong><\/h6><\/div>\t\t\t\t\t\t\t\t<\/div>\n\t\t\t\t<\/div>\n\t\t\t\t\t<\/div>\n\t\t<\/div>\n\t\t\t\t\t<\/div>\n\t\t<\/section>\n\t\t\t\t<section class=\"elementor-section elementor-top-section elementor-element elementor-element-89c05f6 elementor-section-boxed elementor-section-height-default elementor-section-height-default\" data-id=\"89c05f6\" data-element_type=\"section\" data-e-type=\"section\">\n\t\t\t\t\t\t<div class=\"elementor-container elementor-column-gap-default\">\n\t\t\t\t\t<div class=\"elementor-column elementor-col-100 elementor-top-column elementor-element elementor-element-cdae40d\" data-id=\"cdae40d\" data-element_type=\"column\" data-e-type=\"column\">\n\t\t\t<div class=\"elementor-widget-wrap\">\n\t\t\t\t\t\t\t<\/div>\n\t\t<\/div>\n\t\t\t\t\t<\/div>\n\t\t<\/section>\n\t\t\t\t<section class=\"elementor-section elementor-top-section elementor-element elementor-element-be7537d elementor-section-boxed elementor-section-height-default elementor-section-height-default\" data-id=\"be7537d\" data-element_type=\"section\" data-e-type=\"section\">\n\t\t\t\t\t\t<div class=\"elementor-container elementor-column-gap-default\">\n\t\t\t\t\t<div class=\"elementor-column elementor-col-50 elementor-top-column elementor-element elementor-element-35787a1\" data-id=\"35787a1\" data-element_type=\"column\" data-e-type=\"column\">\n\t\t\t<div class=\"elementor-widget-wrap elementor-element-populated\">\n\t\t\t\t\t\t<div class=\"elementor-element elementor-element-c294f17 elementor-view-default elementor-widget elementor-widget-icon\" data-id=\"c294f17\" data-element_type=\"widget\" data-e-type=\"widget\" data-widget_type=\"icon.default\">\n\t\t\t\t<div class=\"elementor-widget-container\">\n\t\t\t\t\t\t\t<div class=\"elementor-icon-wrapper\">\n\t\t\t<a class=\"elementor-icon elementor-animation-shrink\" href=\"http:\/\/artglassrevest.com.br\/index.php\/pastilhas\/\">\n\t\t\t<i aria-hidden=\"true\" class=\"fas fa-book-open\"><\/i>\t\t\t<\/a>\n\t\t<\/div>\n\t\t\t\t\t\t<\/div>\n\t\t\t\t<\/div>\n\t\t\t\t\t<\/div>\n\t\t<\/div>\n\t\t\t\t<div class=\"elementor-column elementor-col-50 elementor-top-column elementor-element elementor-element-97ab9bb\" data-id=\"97ab9bb\" data-element_type=\"column\" data-e-type=\"column\">\n\t\t\t<div class=\"elementor-widget-wrap elementor-element-populated\">\n\t\t\t\t\t\t<div class=\"elementor-element elementor-element-08f4dda elementor-widget elementor-widget-text-editor\" data-id=\"08f4dda\" data-element_type=\"widget\" data-e-type=\"widget\" data-widget_type=\"text-editor.default\">\n\t\t\t\t<div class=\"elementor-widget-container\">\n\t\t\t\t\t\t\t\t\t<p><a href=\"http:\/\/artglassrevest.com.br\/index.php\/pastilhas\/\" target=\"_blank\" rel=\"noopener\">Ver Modelos\u00a0<\/a><\/p>\t\t\t\t\t\t\t\t<\/div>\n\t\t\t\t<\/div>\n\t\t\t\t\t<\/div>\n\t\t<\/div>\n\t\t\t\t\t<\/div>\n\t\t<\/section>\n\t\t\t\t<section class=\"elementor-section elementor-top-section elementor-element elementor-element-2100ab0 elementor-section-boxed elementor-section-height-default elementor-section-height-default\" data-id=\"2100ab0\" data-element_type=\"section\" data-e-type=\"section\">\n\t\t\t\t\t\t<div class=\"elementor-container elementor-column-gap-default\">\n\t\t\t\t\t<div class=\"elementor-column elementor-col-33 elementor-top-column elementor-element elementor-element-40ebe6e\" data-id=\"40ebe6e\" data-element_type=\"column\" data-e-type=\"column\">\n\t\t\t<div class=\"elementor-widget-wrap elementor-element-populated\">\n\t\t\t\t\t\t<div class=\"elementor-element elementor-element-8132dfa elementor-widget elementor-widget-google_maps\" data-id=\"8132dfa\" data-element_type=\"widget\" data-e-type=\"widget\" data-widget_type=\"google_maps.default\">\n\t\t\t\t<div class=\"elementor-widget-container\">\n\t\t\t\t\t\t\t<div class=\"elementor-custom-embed\">\n\t\t\t<iframe loading=\"lazy\"\n\t\t\t\t\tsrc=\"https:\/\/maps.google.com\/maps?q=Rua%20Oscar%20Freire%2C%202213%20&#038;t=m&#038;z=14&#038;output=embed&#038;iwloc=near\"\n\t\t\t\t\ttitle=\"Rua Oscar Freire, 2213 \"\n\t\t\t\t\taria-label=\"Rua Oscar Freire, 2213 \"\n\t\t\t><\/iframe>\n\t\t<\/div>\n\t\t\t\t\t\t<\/div>\n\t\t\t\t<\/div>\n\t\t\t\t\t<\/div>\n\t\t<\/div>\n\t\t\t\t<div class=\"elementor-column elementor-col-33 elementor-top-column elementor-element elementor-element-32cb087\" data-id=\"32cb087\" data-element_type=\"column\" data-e-type=\"column\">\n\t\t\t<div class=\"elementor-widget-wrap elementor-element-populated\">\n\t\t\t\t\t\t<div class=\"elementor-element elementor-element-8103a7c elementor-view-default elementor-widget elementor-widget-icon\" data-id=\"8103a7c\" data-element_type=\"widget\" data-e-type=\"widget\" data-widget_type=\"icon.default\">\n\t\t\t\t<div class=\"elementor-widget-container\">\n\t\t\t\t\t\t\t<div class=\"elementor-icon-wrapper\">\n\t\t\t<div class=\"elementor-icon\">\n\t\t\t<i aria-hidden=\"true\" class=\"fas fa-phone-alt\"><\/i>\t\t\t<\/div>\n\t\t<\/div>\n\t\t\t\t\t\t<\/div>\n\t\t\t\t<\/div>\n\t\t\t\t<div class=\"elementor-element elementor-element-73c0bf0 elementor-view-default elementor-widget elementor-widget-icon\" data-id=\"73c0bf0\" data-element_type=\"widget\" data-e-type=\"widget\" data-widget_type=\"icon.default\">\n\t\t\t\t<div class=\"elementor-widget-container\">\n\t\t\t\t\t\t\t<div class=\"elementor-icon-wrapper\">\n\t\t\t<a class=\"elementor-icon elementor-animation-grow\" href=\"https:\/\/api.whatsapp.com\/send?phone=5511988866970&#038;text=Ol\u00e1%21+estou+no+site+Art+Glass+Revest+e+gostaria+de+mais+informa\u00e7\u00f5es.\" target=\"_blank\">\n\t\t\t<i aria-hidden=\"true\" class=\"fab fa-whatsapp\"><\/i>\t\t\t<\/a>\n\t\t<\/div>\n\t\t\t\t\t\t<\/div>\n\t\t\t\t<\/div>\n\t\t\t\t<div class=\"elementor-element elementor-element-d4e7b9e elementor-view-default elementor-widget elementor-widget-icon\" data-id=\"d4e7b9e\" data-element_type=\"widget\" data-e-type=\"widget\" data-widget_type=\"icon.default\">\n\t\t\t\t<div class=\"elementor-widget-container\">\n\t\t\t\t\t\t\t<div class=\"elementor-icon-wrapper\">\n\t\t\t<div class=\"elementor-icon\">\n\t\t\t<i aria-hidden=\"true\" class=\"fas fa-mail-bulk\"><\/i>\t\t\t<\/div>\n\t\t<\/div>\n\t\t\t\t\t\t<\/div>\n\t\t\t\t<\/div>\n\t\t\t\t<div class=\"elementor-element elementor-element-65bb376 elementor-view-default elementor-widget elementor-widget-icon\" data-id=\"65bb376\" data-element_type=\"widget\" data-e-type=\"widget\" data-widget_type=\"icon.default\">\n\t\t\t\t<div class=\"elementor-widget-container\">\n\t\t\t\t\t\t\t<div class=\"elementor-icon-wrapper\">\n\t\t\t<div class=\"elementor-icon\">\n\t\t\t<i aria-hidden=\"true\" class=\"fas fa-location-arrow\"><\/i>\t\t\t<\/div>\n\t\t<\/div>\n\t\t\t\t\t\t<\/div>\n\t\t\t\t<\/div>\n\t\t\t\t\t<\/div>\n\t\t<\/div>\n\t\t\t\t<div class=\"elementor-column elementor-col-33 elementor-top-column elementor-element elementor-element-c33063e\" data-id=\"c33063e\" data-element_type=\"column\" data-e-type=\"column\">\n\t\t\t<div class=\"elementor-widget-wrap elementor-element-populated\">\n\t\t\t\t\t\t<div class=\"elementor-element elementor-element-d1231ee elementor-widget elementor-widget-text-editor\" data-id=\"d1231ee\" data-element_type=\"widget\" data-e-type=\"widget\" data-widget_type=\"text-editor.default\">\n\t\t\t\t<div class=\"elementor-widget-container\">\n\t\t\t\t\t\t\t\t\t<h4><strong> 11 -3085-1057<\/strong><\/h4>\t\t\t\t\t\t\t\t<\/div>\n\t\t\t\t<\/div>\n\t\t\t\t<div class=\"elementor-element elementor-element-c1fa174 elementor-widget elementor-widget-text-editor\" data-id=\"c1fa174\" data-element_type=\"widget\" data-e-type=\"widget\" data-widget_type=\"text-editor.default\">\n\t\t\t\t<div class=\"elementor-widget-container\">\n\t\t\t\t\t\t\t\t\t<p><strong>\u00a0 \u00a0 \u00a0<\/strong><strong> 11 -9888-66970<\/strong><\/p>\t\t\t\t\t\t\t\t<\/div>\n\t\t\t\t<\/div>\n\t\t\t\t<div class=\"elementor-element elementor-element-398af01 elementor-widget elementor-widget-text-editor\" data-id=\"398af01\" data-element_type=\"widget\" data-e-type=\"widget\" data-widget_type=\"text-editor.default\">\n\t\t\t\t<div class=\"elementor-widget-container\">\n\t\t\t\t\t\t\t\t\t<p><strong>contato@artglassrevestimentos.com.br<\/strong><\/p>\t\t\t\t\t\t\t\t<\/div>\n\t\t\t\t<\/div>\n\t\t\t\t<div class=\"elementor-element elementor-element-a0424af elementor-widget elementor-widget-text-editor\" data-id=\"a0424af\" data-element_type=\"widget\" data-e-type=\"widget\" data-widget_type=\"text-editor.default\">\n\t\t\t\t<div class=\"elementor-widget-container\">\n\t\t\t\t\t\t\t\t\t<p><strong>Rua Oscar Freire, 2213<\/strong><\/p><p>Pinheiros, S\u00e3o Paulo -SP<\/p>\t\t\t\t\t\t\t\t<\/div>\n\t\t\t\t<\/div>\n\t\t\t\t\t<\/div>\n\t\t<\/div>\n\t\t\t\t\t<\/div>\n\t\t<\/section>\n\t\t\t\t<section class=\"elementor-section elementor-top-section elementor-element elementor-element-e2f94eb elementor-section-boxed elementor-section-height-default elementor-section-height-default\" data-id=\"e2f94eb\" data-element_type=\"section\" data-e-type=\"section\">\n\t\t\t\t\t\t<div class=\"elementor-container elementor-column-gap-default\">\n\t\t\t\t\t<div class=\"elementor-column elementor-col-16 elementor-top-column elementor-element elementor-element-beb9a9b\" data-id=\"beb9a9b\" data-element_type=\"column\" data-e-type=\"column\">\n\t\t\t<div class=\"elementor-widget-wrap elementor-element-populated\">\n\t\t\t\t\t\t<div class=\"elementor-element elementor-element-c008276 elementor-view-default elementor-widget elementor-widget-icon\" data-id=\"c008276\" data-element_type=\"widget\" data-e-type=\"widget\" data-widget_type=\"icon.default\">\n\t\t\t\t<div class=\"elementor-widget-container\">\n\t\t\t\t\t\t\t<div class=\"elementor-icon-wrapper\">\n\t\t\t<a class=\"elementor-icon elementor-animation-grow\" href=\"https:\/\/artglassrevestimentos.mercadoshops.com.br\/?preview=&#038;mshops-cookie-isguest=false&#038;mshops-redirection-timestamp=1656436868223&#038;mshops-cookie-cp=02471010\" target=\"_blank\">\n\t\t\t<i aria-hidden=\"true\" class=\"fas fa-shopping-cart\"><\/i>\t\t\t<\/a>\n\t\t<\/div>\n\t\t\t\t\t\t<\/div>\n\t\t\t\t<\/div>\n\t\t\t\t\t<\/div>\n\t\t<\/div>\n\t\t\t\t<div class=\"elementor-column elementor-col-16 elementor-top-column elementor-element elementor-element-5e5e378\" data-id=\"5e5e378\" data-element_type=\"column\" data-e-type=\"column\">\n\t\t\t<div class=\"elementor-widget-wrap elementor-element-populated\">\n\t\t\t\t\t\t<div class=\"elementor-element elementor-element-1832678 elementor-view-default elementor-widget elementor-widget-icon\" data-id=\"1832678\" data-element_type=\"widget\" data-e-type=\"widget\" data-widget_type=\"icon.default\">\n\t\t\t\t<div class=\"elementor-widget-container\">\n\t\t\t\t\t\t\t<div class=\"elementor-icon-wrapper\">\n\t\t\t<a class=\"elementor-icon elementor-animation-grow\" href=\"https:\/\/api.whatsapp.com\/send?phone=5511988866970&#038;text=Ol\u00e1%21+estou+no+site+Art+Glass+Revest+e+gostaria+de+mais+informa\u00e7\u00f5es.\" target=\"_blank\">\n\t\t\t<i aria-hidden=\"true\" class=\"fab fa-whatsapp\"><\/i>\t\t\t<\/a>\n\t\t<\/div>\n\t\t\t\t\t\t<\/div>\n\t\t\t\t<\/div>\n\t\t\t\t\t<\/div>\n\t\t<\/div>\n\t\t\t\t<div class=\"elementor-column elementor-col-16 elementor-top-column elementor-element elementor-element-4398e9d\" data-id=\"4398e9d\" data-element_type=\"column\" data-e-type=\"column\">\n\t\t\t<div class=\"elementor-widget-wrap elementor-element-populated\">\n\t\t\t\t\t\t<div class=\"elementor-element elementor-element-dd5a931 elementor-view-default elementor-widget elementor-widget-icon\" data-id=\"dd5a931\" data-element_type=\"widget\" data-e-type=\"widget\" data-widget_type=\"icon.default\">\n\t\t\t\t<div class=\"elementor-widget-container\">\n\t\t\t\t\t\t\t<div class=\"elementor-icon-wrapper\">\n\t\t\t<a class=\"elementor-icon elementor-animation-grow\" href=\"https:\/\/www.instagram.com\/art_glass_revestimentos\/\" target=\"_blank\">\n\t\t\t<i aria-hidden=\"true\" class=\"fab fa-instagram\"><\/i>\t\t\t<\/a>\n\t\t<\/div>\n\t\t\t\t\t\t<\/div>\n\t\t\t\t<\/div>\n\t\t\t\t\t<\/div>\n\t\t<\/div>\n\t\t\t\t<div class=\"elementor-column elementor-col-16 elementor-top-column elementor-element elementor-element-cc47cfb\" data-id=\"cc47cfb\" data-element_type=\"column\" data-e-type=\"column\">\n\t\t\t<div class=\"elementor-widget-wrap elementor-element-populated\">\n\t\t\t\t\t\t<div class=\"elementor-element elementor-element-5c03366 elementor-view-default elementor-widget elementor-widget-icon\" data-id=\"5c03366\" data-element_type=\"widget\" data-e-type=\"widget\" data-widget_type=\"icon.default\">\n\t\t\t\t<div class=\"elementor-widget-container\">\n\t\t\t\t\t\t\t<div class=\"elementor-icon-wrapper\">\n\t\t\t<a class=\"elementor-icon\" href=\"https:\/\/www.facebook.com\/artglassrevestimentos\/\" target=\"_blank\">\n\t\t\t<i aria-hidden=\"true\" class=\"fab fa-facebook\"><\/i>\t\t\t<\/a>\n\t\t<\/div>\n\t\t\t\t\t\t<\/div>\n\t\t\t\t<\/div>\n\t\t\t\t\t<\/div>\n\t\t<\/div>\n\t\t\t\t<div class=\"elementor-column elementor-col-16 elementor-top-column elementor-element elementor-element-ad5bad8\" data-id=\"ad5bad8\" data-element_type=\"column\" data-e-type=\"column\">\n\t\t\t<div class=\"elementor-widget-wrap elementor-element-populated\">\n\t\t\t\t\t\t<div class=\"elementor-element elementor-element-05c9401 elementor-view-default elementor-widget elementor-widget-icon\" data-id=\"05c9401\" data-element_type=\"widget\" data-e-type=\"widget\" data-widget_type=\"icon.default\">\n\t\t\t\t<div class=\"elementor-widget-container\">\n\t\t\t\t\t\t\t<div class=\"elementor-icon-wrapper\">\n\t\t\t<a class=\"elementor-icon\" href=\"https:\/\/www.youtube.com\/channel\/UC-YLFqGSF0ICV6WdBO8jQUw\">\n\t\t\t<i aria-hidden=\"true\" class=\"fab fa-youtube-square\"><\/i>\t\t\t<\/a>\n\t\t<\/div>\n\t\t\t\t\t\t<\/div>\n\t\t\t\t<\/div>\n\t\t\t\t\t<\/div>\n\t\t<\/div>\n\t\t\t\t<div class=\"elementor-column elementor-col-16 elementor-top-column elementor-element elementor-element-b233f0b\" data-id=\"b233f0b\" data-element_type=\"column\" data-e-type=\"column\">\n\t\t\t<div class=\"elementor-widget-wrap elementor-element-populated\">\n\t\t\t\t\t\t<div class=\"elementor-element elementor-element-9d6de75 elementor-view-default elementor-widget elementor-widget-icon\" data-id=\"9d6de75\" data-element_type=\"widget\" data-e-type=\"widget\" data-widget_type=\"icon.default\">\n\t\t\t\t<div class=\"elementor-widget-container\">\n\t\t\t\t\t\t\t<div class=\"elementor-icon-wrapper\">\n\t\t\t<div class=\"elementor-icon\">\n\t\t\t<i aria-hidden=\"true\" class=\"fas fa-mail-bulk\"><\/i>\t\t\t<\/div>\n\t\t<\/div>\n\t\t\t\t\t\t<\/div>\n\t\t\t\t<\/div>\n\t\t\t\t\t<\/div>\n\t\t<\/div>\n\t\t\t\t\t<\/div>\n\t\t<\/section>\n\t\t\t\t<\/div>\n\t\t","protected":false},"excerpt":{"rendered":"<p>DELICADEZA E DURABILIDADE COM PASTILHA MADREP\u00c9ROLA Pastilhas para quem quer sofistica\u00e7\u00e3o em seus ambientes Feita com conchas marinhas e com caracter\u00edstica translucida, a pastilha madrep\u00e9rola \u00e9 um revestimento luxuoso que confere requinte aos ambientes. O formato das placas de pastilha madrep\u00e9rola \u00e9, geralmente, 30x30cm. Elas podem ser aplicadas em ambientes como salas, quartos e outras [&hellip;]<\/p>\n","protected":false},"author":1,"featured_media":0,"parent":0,"menu_order":0,"comment_status":"closed","ping_status":"closed","template":"","meta":{"footnotes":""},"class_list":["post-428","page","type-page","status-publish","hentry"],"_links":{"self":[{"href":"https:\/\/artglassrevest.com.br\/index.php\/wp-json\/wp\/v2\/pages\/428","targetHints":{"allow":["GET"]}}],"collection":[{"href":"https:\/\/artglassrevest.com.br\/index.php\/wp-json\/wp\/v2\/pages"}],"about":[{"href":"https:\/\/artglassrevest.com.br\/index.php\/wp-json\/wp\/v2\/types\/page"}],"author":[{"embeddable":true,"href":"https:\/\/artglassrevest.com.br\/index.php\/wp-json\/wp\/v2\/users\/1"}],"replies":[{"embeddable":true,"href":"https:\/\/artglassrevest.com.br\/index.php\/wp-json\/wp\/v2\/comments?post=428"}],"version-history":[{"count":12,"href":"https:\/\/artglassrevest.com.br\/index.php\/wp-json\/wp\/v2\/pages\/428\/revisions"}],"predecessor-version":[{"id":1685,"href":"https:\/\/artglassrevest.com.br\/index.php\/wp-json\/wp\/v2\/pages\/428\/revisions\/1685"}],"wp:attachment":[{"href":"https:\/\/artglassrevest.com.br\/index.php\/wp-json\/wp\/v2\/media?parent=428"}],"curies":[{"name":"wp","href":"https:\/\/api.w.org\/{rel}","templated":true}]}}