{"id":474,"date":"2020-02-18T11:02:47","date_gmt":"2020-02-18T14:02:47","guid":{"rendered":"http:\/\/artglassrevest.com.br\/?page_id=474"},"modified":"2022-06-29T16:15:21","modified_gmt":"2022-06-29T19:15:21","slug":"loja-de-revestimentos","status":"publish","type":"page","link":"https:\/\/artglassrevest.com.br\/index.php\/loja-de-revestimentos\/","title":{"rendered":"Loja de Revestimentos"},"content":{"rendered":"\t\t<div data-elementor-type=\"wp-page\" data-elementor-id=\"474\" class=\"elementor elementor-474\">\n\t\t\t\t\t\t<section class=\"elementor-section elementor-top-section elementor-element elementor-element-eaee604 elementor-section-boxed elementor-section-height-default elementor-section-height-default\" data-id=\"eaee604\" data-element_type=\"section\" data-e-type=\"section\">\n\t\t\t\t\t\t<div class=\"elementor-container elementor-column-gap-default\">\n\t\t\t\t\t<div class=\"elementor-column elementor-col-33 elementor-top-column elementor-element elementor-element-9d48bc6\" data-id=\"9d48bc6\" data-element_type=\"column\" data-e-type=\"column\">\n\t\t\t<div class=\"elementor-widget-wrap elementor-element-populated\">\n\t\t\t\t\t\t<div class=\"elementor-element elementor-element-e66df2b elementor-widget elementor-widget-image\" data-id=\"e66df2b\" data-element_type=\"widget\" data-e-type=\"widget\" data-widget_type=\"image.default\">\n\t\t\t\t<div class=\"elementor-widget-container\">\n\t\t\t\t\t\t\t\t\t\t\t\t\t\t\t<img fetchpriority=\"high\" decoding=\"async\" width=\"1024\" height=\"791\" src=\"https:\/\/artglassrevest.com.br\/wp-content\/uploads\/2019\/11\/C390BA28-BB98-4CC8-B7B5-429FD1261886-1024x791.jpeg\" class=\"attachment-large size-large wp-image-33\" alt=\"\" srcset=\"https:\/\/artglassrevest.com.br\/wp-content\/uploads\/2019\/11\/C390BA28-BB98-4CC8-B7B5-429FD1261886-1024x791.jpeg 1024w, https:\/\/artglassrevest.com.br\/wp-content\/uploads\/2019\/11\/C390BA28-BB98-4CC8-B7B5-429FD1261886-300x232.jpeg 300w, https:\/\/artglassrevest.com.br\/wp-content\/uploads\/2019\/11\/C390BA28-BB98-4CC8-B7B5-429FD1261886-768x593.jpeg 768w, https:\/\/artglassrevest.com.br\/wp-content\/uploads\/2019\/11\/C390BA28-BB98-4CC8-B7B5-429FD1261886.jpeg 1280w\" sizes=\"(max-width: 1024px) 100vw, 1024px\" \/>\t\t\t\t\t\t\t\t\t\t\t\t\t\t\t<\/div>\n\t\t\t\t<\/div>\n\t\t\t\t\t<\/div>\n\t\t<\/div>\n\t\t\t\t<div class=\"elementor-column elementor-col-33 elementor-top-column elementor-element elementor-element-22d9bf5\" data-id=\"22d9bf5\" data-element_type=\"column\" data-e-type=\"column\">\n\t\t\t<div class=\"elementor-widget-wrap elementor-element-populated\">\n\t\t\t\t\t\t<div class=\"elementor-element elementor-element-c16f17c elementor-widget elementor-widget-image\" data-id=\"c16f17c\" data-element_type=\"widget\" data-e-type=\"widget\" data-widget_type=\"image.default\">\n\t\t\t\t<div class=\"elementor-widget-container\">\n\t\t\t\t\t\t\t\t\t\t\t\t\t\t\t<img decoding=\"async\" width=\"300\" height=\"236\" src=\"https:\/\/artglassrevest.com.br\/wp-content\/uploads\/2019\/12\/Portobello_pbl_amb_ecowood_2.0_super_deck_ecowood_canela_colors_cancun__13685-300x236.jpg\" class=\"attachment-medium size-medium wp-image-406\" alt=\"\" srcset=\"https:\/\/artglassrevest.com.br\/wp-content\/uploads\/2019\/12\/Portobello_pbl_amb_ecowood_2.0_super_deck_ecowood_canela_colors_cancun__13685-300x236.jpg 300w, https:\/\/artglassrevest.com.br\/wp-content\/uploads\/2019\/12\/Portobello_pbl_amb_ecowood_2.0_super_deck_ecowood_canela_colors_cancun__13685-1024x805.jpg 1024w, https:\/\/artglassrevest.com.br\/wp-content\/uploads\/2019\/12\/Portobello_pbl_amb_ecowood_2.0_super_deck_ecowood_canela_colors_cancun__13685-768x604.jpg 768w, https:\/\/artglassrevest.com.br\/wp-content\/uploads\/2019\/12\/Portobello_pbl_amb_ecowood_2.0_super_deck_ecowood_canela_colors_cancun__13685.jpg 1279w\" sizes=\"(max-width: 300px) 100vw, 300px\" \/>\t\t\t\t\t\t\t\t\t\t\t\t\t\t\t<\/div>\n\t\t\t\t<\/div>\n\t\t\t\t\t<\/div>\n\t\t<\/div>\n\t\t\t\t<div class=\"elementor-column elementor-col-33 elementor-top-column elementor-element elementor-element-9472fe5\" data-id=\"9472fe5\" data-element_type=\"column\" data-e-type=\"column\">\n\t\t\t<div class=\"elementor-widget-wrap elementor-element-populated\">\n\t\t\t\t\t\t<div class=\"elementor-element elementor-element-fe3bbbc elementor-widget elementor-widget-image\" data-id=\"fe3bbbc\" data-element_type=\"widget\" data-e-type=\"widget\" data-widget_type=\"image.default\">\n\t\t\t\t<div class=\"elementor-widget-container\">\n\t\t\t\t\t\t\t\t\t\t\t\t\t\t\t<img decoding=\"async\" width=\"300\" height=\"300\" src=\"https:\/\/artglassrevest.com.br\/wp-content\/uploads\/2019\/11\/shopping-1-300x300.jpeg\" class=\"attachment-medium size-medium wp-image-370\" alt=\"\" srcset=\"https:\/\/artglassrevest.com.br\/wp-content\/uploads\/2019\/11\/shopping-1-300x300.jpeg 300w, https:\/\/artglassrevest.com.br\/wp-content\/uploads\/2019\/11\/shopping-1-150x150.jpeg 150w, https:\/\/artglassrevest.com.br\/wp-content\/uploads\/2019\/11\/shopping-1.jpeg 368w\" sizes=\"(max-width: 300px) 100vw, 300px\" \/>\t\t\t\t\t\t\t\t\t\t\t\t\t\t\t<\/div>\n\t\t\t\t<\/div>\n\t\t\t\t\t<\/div>\n\t\t<\/div>\n\t\t\t\t\t<\/div>\n\t\t<\/section>\n\t\t\t\t<section class=\"elementor-section elementor-top-section elementor-element elementor-element-2c6acdf elementor-section-boxed elementor-section-height-default elementor-section-height-default\" data-id=\"2c6acdf\" data-element_type=\"section\" data-e-type=\"section\">\n\t\t\t\t\t\t<div class=\"elementor-container elementor-column-gap-default\">\n\t\t\t\t\t<div class=\"elementor-column elementor-col-100 elementor-top-column elementor-element elementor-element-17224e8\" data-id=\"17224e8\" data-element_type=\"column\" data-e-type=\"column\">\n\t\t\t<div class=\"elementor-widget-wrap elementor-element-populated\">\n\t\t\t\t\t\t<div class=\"elementor-element elementor-element-626edcc elementor-widget elementor-widget-text-editor\" data-id=\"626edcc\" data-element_type=\"widget\" data-e-type=\"widget\" data-widget_type=\"text-editor.default\">\n\t\t\t\t<div class=\"elementor-widget-container\">\n\t\t\t\t\t\t\t\t\t<p><b>COMO ESCOLHER A MELHOR EMPRESA DE REVESTIMENTO DENTRE AS DIVERSAS LOJAS DE REVESTIMENTOS SP<\/b><\/p><p><span style=\"font-weight: 400;\">O revestimento \u00e9 parte crucial para a finaliza\u00e7\u00e3o de obra, seja essa obra residencial, comercial ou industrial. Revestimentos de pisos e paredes, al\u00e9m da parte est\u00e9tica, v\u00e3o proporcionar maior resist\u00eancia mec\u00e2nica ao local. Al\u00e9m disso, o revestimento de pisos promove outras vantagens. Dentre elas, as principais s\u00e3o:<\/span><\/p><ul><li style=\"font-weight: 400;\"><span style=\"font-weight: 400;\">Torna as superf\u00edcies mais pass\u00edveis de higieniza\u00e7\u00e3o;<\/span><\/li><li style=\"font-weight: 400;\"><span style=\"font-weight: 400;\">Torna as superf\u00edcies mais imperme\u00e1veis;<\/span><\/li><li style=\"font-weight: 400;\"><span style=\"font-weight: 400;\">Aumenta a qualidade de isolamento t\u00e9rmico e ac\u00fastico do local.<\/span><\/li><\/ul><p><span style=\"font-weight: 400;\">O contratante pode, ainda, definir as caracter\u00edsticas que o revestimento deve ter para atender suas necessidades e objetivos. A loja de revestimento SP escolhida para fornecer os servi\u00e7os deve atender a essa demanda do cliente. Para tanto, deve-se escolher uma loja de revestimento SP com excel\u00eancia na \u00e1rea de revestimentos e que forne\u00e7a produtos de qualidade e servi\u00e7os inteligentes. A Art Glass Revestimentos se destaca dentre as diversas empresas de revestimento por ser uma loja de revestimento SP que atende esses requisitos.<\/span><\/p><p><b>A ART GLASS REVESTIMENTOS SE DESTACA COMO LOJA DE REVESTIMENTO SP<\/b><\/p><p><span style=\"font-weight: 400;\">A Art Glass Revestimentos \u00e9 uma loja de revestimentos SP que comercializa revestimentos nobres, elegantes e de qualidade . A empresa est\u00e1 h\u00e1 pouco mais de 7 anos no mercado e se destaca pela excel\u00eancia na \u00e1rea de decora\u00e7\u00e3o de ambientes e custo benef\u00edcio . A empresa oferece seus produtos para todos os lugares do Brasil, com a mesma qualidade nos produtos e servi\u00e7os disponibilizados para clientes que n\u00e3o residem em S\u00e3o Paulo e regi\u00e3o.\u00a0<\/span><\/p><p><span style=\"font-weight: 400;\">Um importante diferencial da Art Glass Revestimentos, \u00e9 que a empresa trabalha com a recupera\u00e7\u00e3o e recolagem de pastilhas antigas, ainda que n\u00e3o tenham sido adquiridas nessa loja de revestimento SP. Para um servi\u00e7o de qualidade, a empresa ainda disponibiliza uma equipe de funcion\u00e1rios especializados e dedicados para atender todas as necessidades do contratante.<\/span><\/p><p><span style=\"font-weight: 400;\">Deve-se destacar ainda que os produtos da Art Glass Revestimentos podem ser obtidos com pagamento em at\u00e9 6 vezes sem juros e com 10% de desconto para pagamentos \u00e0 vista. A empresa disponibiliza a compra de produtos pela loja virtual no site: www.artglassrevestimentos.com.br , e mais informa\u00e7\u00f5es podem ser obtidas pelo telefone: (11) 3085-1057 ou pelas redes sociais: @art_glass_revestimentos, instagram<\/span><span style=\"font-weight: 400;\">ou no email contato@artglassrevestimentos.com.br<\/span><\/p>\t\t\t\t\t\t\t\t<\/div>\n\t\t\t\t<\/div>\n\t\t\t\t\t<\/div>\n\t\t<\/div>\n\t\t\t\t\t<\/div>\n\t\t<\/section>\n\t\t\t\t<section class=\"elementor-section elementor-top-section elementor-element elementor-element-dbd1b7c elementor-section-boxed elementor-section-height-default elementor-section-height-default\" data-id=\"dbd1b7c\" data-element_type=\"section\" data-e-type=\"section\">\n\t\t\t\t\t\t<div class=\"elementor-container elementor-column-gap-default\">\n\t\t\t\t\t<div class=\"elementor-column elementor-col-100 elementor-top-column elementor-element elementor-element-9b0d465\" data-id=\"9b0d465\" data-element_type=\"column\" data-e-type=\"column\">\n\t\t\t<div class=\"elementor-widget-wrap\">\n\t\t\t\t\t\t\t<\/div>\n\t\t<\/div>\n\t\t\t\t\t<\/div>\n\t\t<\/section>\n\t\t\t\t<section class=\"elementor-section elementor-top-section elementor-element elementor-element-ee77526 elementor-section-boxed elementor-section-height-default elementor-section-height-default\" data-id=\"ee77526\" data-element_type=\"section\" data-e-type=\"section\">\n\t\t\t\t\t\t<div class=\"elementor-container elementor-column-gap-default\">\n\t\t\t\t\t<div class=\"elementor-column elementor-col-50 elementor-top-column elementor-element elementor-element-6554da9\" data-id=\"6554da9\" data-element_type=\"column\" data-e-type=\"column\">\n\t\t\t<div class=\"elementor-widget-wrap elementor-element-populated\">\n\t\t\t\t\t\t<div class=\"elementor-element elementor-element-208bece elementor-view-default elementor-widget elementor-widget-icon\" data-id=\"208bece\" data-element_type=\"widget\" data-e-type=\"widget\" data-widget_type=\"icon.default\">\n\t\t\t\t<div class=\"elementor-widget-container\">\n\t\t\t\t\t\t\t<div class=\"elementor-icon-wrapper\">\n\t\t\t<a class=\"elementor-icon elementor-animation-shrink\" href=\"http:\/\/artglassrevest.com.br\/index.php\/pastilhas\/\">\n\t\t\t<i aria-hidden=\"true\" class=\"fas fa-book-open\"><\/i>\t\t\t<\/a>\n\t\t<\/div>\n\t\t\t\t\t\t<\/div>\n\t\t\t\t<\/div>\n\t\t\t\t\t<\/div>\n\t\t<\/div>\n\t\t\t\t<div class=\"elementor-column elementor-col-50 elementor-top-column elementor-element elementor-element-485fe46\" data-id=\"485fe46\" data-element_type=\"column\" data-e-type=\"column\">\n\t\t\t<div class=\"elementor-widget-wrap elementor-element-populated\">\n\t\t\t\t\t\t<div class=\"elementor-element elementor-element-193436b elementor-widget elementor-widget-text-editor\" data-id=\"193436b\" data-element_type=\"widget\" data-e-type=\"widget\" data-widget_type=\"text-editor.default\">\n\t\t\t\t<div class=\"elementor-widget-container\">\n\t\t\t\t\t\t\t\t\t<p><a href=\"http:\/\/artglassrevest.com.br\/index.php\/pastilhas\/\" target=\"_blank\" rel=\"noopener\">Ver Modelos\u00a0<\/a><\/p>\t\t\t\t\t\t\t\t<\/div>\n\t\t\t\t<\/div>\n\t\t\t\t\t<\/div>\n\t\t<\/div>\n\t\t\t\t\t<\/div>\n\t\t<\/section>\n\t\t\t\t<section class=\"elementor-section elementor-top-section elementor-element elementor-element-4c910ca elementor-section-boxed elementor-section-height-default elementor-section-height-default\" data-id=\"4c910ca\" data-element_type=\"section\" data-e-type=\"section\">\n\t\t\t\t\t\t<div class=\"elementor-container elementor-column-gap-default\">\n\t\t\t\t\t<div class=\"elementor-column elementor-col-33 elementor-top-column elementor-element elementor-element-1bd2b5d\" data-id=\"1bd2b5d\" data-element_type=\"column\" data-e-type=\"column\">\n\t\t\t<div class=\"elementor-widget-wrap elementor-element-populated\">\n\t\t\t\t\t\t<div class=\"elementor-element elementor-element-594659c elementor-widget elementor-widget-google_maps\" data-id=\"594659c\" data-element_type=\"widget\" data-e-type=\"widget\" data-widget_type=\"google_maps.default\">\n\t\t\t\t<div class=\"elementor-widget-container\">\n\t\t\t\t\t\t\t<div class=\"elementor-custom-embed\">\n\t\t\t<iframe loading=\"lazy\"\n\t\t\t\t\tsrc=\"https:\/\/maps.google.com\/maps?q=Rua%20Oscar%20Freire%2C%202213%20&#038;t=m&#038;z=14&#038;output=embed&#038;iwloc=near\"\n\t\t\t\t\ttitle=\"Rua Oscar Freire, 2213 \"\n\t\t\t\t\taria-label=\"Rua Oscar Freire, 2213 \"\n\t\t\t><\/iframe>\n\t\t<\/div>\n\t\t\t\t\t\t<\/div>\n\t\t\t\t<\/div>\n\t\t\t\t\t<\/div>\n\t\t<\/div>\n\t\t\t\t<div class=\"elementor-column elementor-col-33 elementor-top-column elementor-element elementor-element-2c358e9\" data-id=\"2c358e9\" data-element_type=\"column\" data-e-type=\"column\">\n\t\t\t<div class=\"elementor-widget-wrap elementor-element-populated\">\n\t\t\t\t\t\t<div class=\"elementor-element elementor-element-b339750 elementor-view-default elementor-widget elementor-widget-icon\" data-id=\"b339750\" data-element_type=\"widget\" data-e-type=\"widget\" data-widget_type=\"icon.default\">\n\t\t\t\t<div class=\"elementor-widget-container\">\n\t\t\t\t\t\t\t<div class=\"elementor-icon-wrapper\">\n\t\t\t<div class=\"elementor-icon\">\n\t\t\t<i aria-hidden=\"true\" class=\"fas fa-phone-alt\"><\/i>\t\t\t<\/div>\n\t\t<\/div>\n\t\t\t\t\t\t<\/div>\n\t\t\t\t<\/div>\n\t\t\t\t<div class=\"elementor-element elementor-element-dee31ed elementor-view-default elementor-widget elementor-widget-icon\" data-id=\"dee31ed\" data-element_type=\"widget\" data-e-type=\"widget\" data-widget_type=\"icon.default\">\n\t\t\t\t<div class=\"elementor-widget-container\">\n\t\t\t\t\t\t\t<div class=\"elementor-icon-wrapper\">\n\t\t\t<a class=\"elementor-icon elementor-animation-grow\" href=\"https:\/\/api.whatsapp.com\/send?phone=5511988866970&#038;text=Ol\u00e1%21+estou+no+site+Art+Glass+Revest+e+gostaria+de+mais+informa\u00e7\u00f5es.\" target=\"_blank\">\n\t\t\t<i aria-hidden=\"true\" class=\"fab fa-whatsapp\"><\/i>\t\t\t<\/a>\n\t\t<\/div>\n\t\t\t\t\t\t<\/div>\n\t\t\t\t<\/div>\n\t\t\t\t<div class=\"elementor-element elementor-element-0eae40c elementor-view-default elementor-widget elementor-widget-icon\" data-id=\"0eae40c\" data-element_type=\"widget\" data-e-type=\"widget\" data-widget_type=\"icon.default\">\n\t\t\t\t<div class=\"elementor-widget-container\">\n\t\t\t\t\t\t\t<div class=\"elementor-icon-wrapper\">\n\t\t\t<div class=\"elementor-icon\">\n\t\t\t<i aria-hidden=\"true\" class=\"fas fa-mail-bulk\"><\/i>\t\t\t<\/div>\n\t\t<\/div>\n\t\t\t\t\t\t<\/div>\n\t\t\t\t<\/div>\n\t\t\t\t<div class=\"elementor-element elementor-element-78444e7 elementor-view-default elementor-widget elementor-widget-icon\" data-id=\"78444e7\" data-element_type=\"widget\" data-e-type=\"widget\" data-widget_type=\"icon.default\">\n\t\t\t\t<div class=\"elementor-widget-container\">\n\t\t\t\t\t\t\t<div class=\"elementor-icon-wrapper\">\n\t\t\t<div class=\"elementor-icon\">\n\t\t\t<i aria-hidden=\"true\" class=\"fas fa-location-arrow\"><\/i>\t\t\t<\/div>\n\t\t<\/div>\n\t\t\t\t\t\t<\/div>\n\t\t\t\t<\/div>\n\t\t\t\t\t<\/div>\n\t\t<\/div>\n\t\t\t\t<div class=\"elementor-column elementor-col-33 elementor-top-column elementor-element elementor-element-aa31826\" data-id=\"aa31826\" data-element_type=\"column\" data-e-type=\"column\">\n\t\t\t<div class=\"elementor-widget-wrap elementor-element-populated\">\n\t\t\t\t\t\t<div class=\"elementor-element elementor-element-6a046bd elementor-widget elementor-widget-text-editor\" data-id=\"6a046bd\" data-element_type=\"widget\" data-e-type=\"widget\" data-widget_type=\"text-editor.default\">\n\t\t\t\t<div class=\"elementor-widget-container\">\n\t\t\t\t\t\t\t\t\t<h4><strong> 11 -3085-1057<\/strong><\/h4>\t\t\t\t\t\t\t\t<\/div>\n\t\t\t\t<\/div>\n\t\t\t\t<div class=\"elementor-element elementor-element-6e3d2ec elementor-widget elementor-widget-text-editor\" data-id=\"6e3d2ec\" data-element_type=\"widget\" data-e-type=\"widget\" data-widget_type=\"text-editor.default\">\n\t\t\t\t<div class=\"elementor-widget-container\">\n\t\t\t\t\t\t\t\t\t<p><strong>\u00a0 \u00a0 \u00a0<\/strong><strong> 11 -9888-66970<\/strong><\/p>\t\t\t\t\t\t\t\t<\/div>\n\t\t\t\t<\/div>\n\t\t\t\t<div class=\"elementor-element elementor-element-20690db elementor-widget elementor-widget-text-editor\" data-id=\"20690db\" data-element_type=\"widget\" data-e-type=\"widget\" data-widget_type=\"text-editor.default\">\n\t\t\t\t<div class=\"elementor-widget-container\">\n\t\t\t\t\t\t\t\t\t<p><strong>contato@artglassrevestimentos.com.br<\/strong><\/p>\t\t\t\t\t\t\t\t<\/div>\n\t\t\t\t<\/div>\n\t\t\t\t<div class=\"elementor-element elementor-element-5c320b0 elementor-widget elementor-widget-text-editor\" data-id=\"5c320b0\" data-element_type=\"widget\" data-e-type=\"widget\" data-widget_type=\"text-editor.default\">\n\t\t\t\t<div class=\"elementor-widget-container\">\n\t\t\t\t\t\t\t\t\t<p><strong>Rua Oscar Freire, 2213<\/strong><\/p><p>Pinheiros, S\u00e3o Paulo -SP<\/p>\t\t\t\t\t\t\t\t<\/div>\n\t\t\t\t<\/div>\n\t\t\t\t\t<\/div>\n\t\t<\/div>\n\t\t\t\t\t<\/div>\n\t\t<\/section>\n\t\t\t\t<section class=\"elementor-section elementor-top-section elementor-element elementor-element-e2bb8b5 elementor-section-boxed elementor-section-height-default elementor-section-height-default\" data-id=\"e2bb8b5\" data-element_type=\"section\" data-e-type=\"section\">\n\t\t\t\t\t\t<div class=\"elementor-container elementor-column-gap-default\">\n\t\t\t\t\t<div class=\"elementor-column elementor-col-100 elementor-top-column elementor-element elementor-element-f76050d\" data-id=\"f76050d\" data-element_type=\"column\" data-e-type=\"column\">\n\t\t\t<div class=\"elementor-widget-wrap\">\n\t\t\t\t\t\t\t<\/div>\n\t\t<\/div>\n\t\t\t\t\t<\/div>\n\t\t<\/section>\n\t\t\t\t<section class=\"elementor-section elementor-top-section elementor-element elementor-element-dceb430 elementor-section-boxed elementor-section-height-default elementor-section-height-default\" data-id=\"dceb430\" data-element_type=\"section\" data-e-type=\"section\">\n\t\t\t\t\t\t<div class=\"elementor-container elementor-column-gap-default\">\n\t\t\t\t\t<div class=\"elementor-column elementor-col-16 elementor-top-column elementor-element elementor-element-0bfc2dd\" data-id=\"0bfc2dd\" data-element_type=\"column\" data-e-type=\"column\">\n\t\t\t<div class=\"elementor-widget-wrap elementor-element-populated\">\n\t\t\t\t\t\t<div class=\"elementor-element elementor-element-c40245c elementor-view-default elementor-widget elementor-widget-icon\" data-id=\"c40245c\" data-element_type=\"widget\" data-e-type=\"widget\" data-widget_type=\"icon.default\">\n\t\t\t\t<div class=\"elementor-widget-container\">\n\t\t\t\t\t\t\t<div class=\"elementor-icon-wrapper\">\n\t\t\t<a class=\"elementor-icon elementor-animation-grow\" href=\"https:\/\/artglassrevestimentos.mercadoshops.com.br\/?preview=&#038;mshops-cookie-isguest=false&#038;mshops-redirection-timestamp=1656436868223&#038;mshops-cookie-cp=02471010\" target=\"_blank\">\n\t\t\t<i aria-hidden=\"true\" class=\"fas fa-shopping-cart\"><\/i>\t\t\t<\/a>\n\t\t<\/div>\n\t\t\t\t\t\t<\/div>\n\t\t\t\t<\/div>\n\t\t\t\t\t<\/div>\n\t\t<\/div>\n\t\t\t\t<div class=\"elementor-column elementor-col-16 elementor-top-column elementor-element elementor-element-b57356b\" data-id=\"b57356b\" data-element_type=\"column\" data-e-type=\"column\">\n\t\t\t<div class=\"elementor-widget-wrap elementor-element-populated\">\n\t\t\t\t\t\t<div class=\"elementor-element elementor-element-8ed6e0e elementor-view-default elementor-widget elementor-widget-icon\" data-id=\"8ed6e0e\" data-element_type=\"widget\" data-e-type=\"widget\" data-widget_type=\"icon.default\">\n\t\t\t\t<div class=\"elementor-widget-container\">\n\t\t\t\t\t\t\t<div class=\"elementor-icon-wrapper\">\n\t\t\t<a class=\"elementor-icon elementor-animation-grow\" href=\"https:\/\/api.whatsapp.com\/send?phone=5511988866970&#038;text=Ol\u00e1%21+estou+no+site+Art+Glass+Revest+e+gostaria+de+mais+informa\u00e7\u00f5es.\" target=\"_blank\">\n\t\t\t<i aria-hidden=\"true\" class=\"fab fa-whatsapp\"><\/i>\t\t\t<\/a>\n\t\t<\/div>\n\t\t\t\t\t\t<\/div>\n\t\t\t\t<\/div>\n\t\t\t\t\t<\/div>\n\t\t<\/div>\n\t\t\t\t<div class=\"elementor-column elementor-col-16 elementor-top-column elementor-element elementor-element-4c31595\" data-id=\"4c31595\" data-element_type=\"column\" data-e-type=\"column\">\n\t\t\t<div class=\"elementor-widget-wrap elementor-element-populated\">\n\t\t\t\t\t\t<div class=\"elementor-element elementor-element-4956435 elementor-view-default elementor-widget elementor-widget-icon\" data-id=\"4956435\" data-element_type=\"widget\" data-e-type=\"widget\" data-widget_type=\"icon.default\">\n\t\t\t\t<div class=\"elementor-widget-container\">\n\t\t\t\t\t\t\t<div class=\"elementor-icon-wrapper\">\n\t\t\t<a class=\"elementor-icon elementor-animation-grow\" href=\"https:\/\/www.instagram.com\/art_glass_revestimentos\/\" target=\"_blank\">\n\t\t\t<i aria-hidden=\"true\" class=\"fab fa-instagram\"><\/i>\t\t\t<\/a>\n\t\t<\/div>\n\t\t\t\t\t\t<\/div>\n\t\t\t\t<\/div>\n\t\t\t\t\t<\/div>\n\t\t<\/div>\n\t\t\t\t<div class=\"elementor-column elementor-col-16 elementor-top-column elementor-element elementor-element-5432d14\" data-id=\"5432d14\" data-element_type=\"column\" data-e-type=\"column\">\n\t\t\t<div class=\"elementor-widget-wrap elementor-element-populated\">\n\t\t\t\t\t\t<div class=\"elementor-element elementor-element-555dbc8 elementor-view-default elementor-widget elementor-widget-icon\" data-id=\"555dbc8\" data-element_type=\"widget\" data-e-type=\"widget\" data-widget_type=\"icon.default\">\n\t\t\t\t<div class=\"elementor-widget-container\">\n\t\t\t\t\t\t\t<div class=\"elementor-icon-wrapper\">\n\t\t\t<a class=\"elementor-icon\" href=\"https:\/\/www.facebook.com\/artglassrevestimentos\/\" target=\"_blank\">\n\t\t\t<i aria-hidden=\"true\" class=\"fab fa-facebook\"><\/i>\t\t\t<\/a>\n\t\t<\/div>\n\t\t\t\t\t\t<\/div>\n\t\t\t\t<\/div>\n\t\t\t\t\t<\/div>\n\t\t<\/div>\n\t\t\t\t<div class=\"elementor-column elementor-col-16 elementor-top-column elementor-element elementor-element-1ea87ef\" data-id=\"1ea87ef\" data-element_type=\"column\" data-e-type=\"column\">\n\t\t\t<div class=\"elementor-widget-wrap elementor-element-populated\">\n\t\t\t\t\t\t<div class=\"elementor-element elementor-element-9373a90 elementor-view-default elementor-widget elementor-widget-icon\" data-id=\"9373a90\" data-element_type=\"widget\" data-e-type=\"widget\" data-widget_type=\"icon.default\">\n\t\t\t\t<div class=\"elementor-widget-container\">\n\t\t\t\t\t\t\t<div class=\"elementor-icon-wrapper\">\n\t\t\t<a class=\"elementor-icon\" href=\"https:\/\/www.youtube.com\/channel\/UC-YLFqGSF0ICV6WdBO8jQUw\">\n\t\t\t<i aria-hidden=\"true\" class=\"fab fa-youtube-square\"><\/i>\t\t\t<\/a>\n\t\t<\/div>\n\t\t\t\t\t\t<\/div>\n\t\t\t\t<\/div>\n\t\t\t\t\t<\/div>\n\t\t<\/div>\n\t\t\t\t<div class=\"elementor-column elementor-col-16 elementor-top-column elementor-element elementor-element-f2d1900\" data-id=\"f2d1900\" data-element_type=\"column\" data-e-type=\"column\">\n\t\t\t<div class=\"elementor-widget-wrap elementor-element-populated\">\n\t\t\t\t\t\t<div class=\"elementor-element elementor-element-e056ab7 elementor-view-default elementor-widget elementor-widget-icon\" data-id=\"e056ab7\" data-element_type=\"widget\" data-e-type=\"widget\" data-widget_type=\"icon.default\">\n\t\t\t\t<div class=\"elementor-widget-container\">\n\t\t\t\t\t\t\t<div class=\"elementor-icon-wrapper\">\n\t\t\t<div class=\"elementor-icon\">\n\t\t\t<i aria-hidden=\"true\" class=\"fas fa-mail-bulk\"><\/i>\t\t\t<\/div>\n\t\t<\/div>\n\t\t\t\t\t\t<\/div>\n\t\t\t\t<\/div>\n\t\t\t\t\t<\/div>\n\t\t<\/div>\n\t\t\t\t\t<\/div>\n\t\t<\/section>\n\t\t\t\t<\/div>\n\t\t","protected":false},"excerpt":{"rendered":"<p>COMO ESCOLHER A MELHOR EMPRESA DE REVESTIMENTO DENTRE AS DIVERSAS LOJAS DE REVESTIMENTOS SP O revestimento \u00e9 parte crucial para a finaliza\u00e7\u00e3o de obra, seja essa obra residencial, comercial ou industrial. Revestimentos de pisos e paredes, al\u00e9m da parte est\u00e9tica, v\u00e3o proporcionar maior resist\u00eancia mec\u00e2nica ao local. Al\u00e9m disso, o revestimento de pisos promove outras [&hellip;]<\/p>\n","protected":false},"author":1,"featured_media":0,"parent":0,"menu_order":0,"comment_status":"closed","ping_status":"closed","template":"","meta":{"footnotes":""},"class_list":["post-474","page","type-page","status-publish","hentry"],"_links":{"self":[{"href":"https:\/\/artglassrevest.com.br\/index.php\/wp-json\/wp\/v2\/pages\/474","targetHints":{"allow":["GET"]}}],"collection":[{"href":"https:\/\/artglassrevest.com.br\/index.php\/wp-json\/wp\/v2\/pages"}],"about":[{"href":"https:\/\/artglassrevest.com.br\/index.php\/wp-json\/wp\/v2\/types\/page"}],"author":[{"embeddable":true,"href":"https:\/\/artglassrevest.com.br\/index.php\/wp-json\/wp\/v2\/users\/1"}],"replies":[{"embeddable":true,"href":"https:\/\/artglassrevest.com.br\/index.php\/wp-json\/wp\/v2\/comments?post=474"}],"version-history":[{"count":11,"href":"https:\/\/artglassrevest.com.br\/index.php\/wp-json\/wp\/v2\/pages\/474\/revisions"}],"predecessor-version":[{"id":1666,"href":"https:\/\/artglassrevest.com.br\/index.php\/wp-json\/wp\/v2\/pages\/474\/revisions\/1666"}],"wp:attachment":[{"href":"https:\/\/artglassrevest.com.br\/index.php\/wp-json\/wp\/v2\/media?parent=474"}],"curies":[{"name":"wp","href":"https:\/\/api.w.org\/{rel}","templated":true}]}}