{"id":481,"date":"2020-02-18T11:07:31","date_gmt":"2020-02-18T14:07:31","guid":{"rendered":"http:\/\/artglassrevest.com.br\/?page_id=481"},"modified":"2022-06-29T16:10:55","modified_gmt":"2022-06-29T19:10:55","slug":"ceramica-atlas","status":"publish","type":"page","link":"https:\/\/artglassrevest.com.br\/index.php\/ceramica-atlas\/","title":{"rendered":"Ceramica Atlas"},"content":{"rendered":"\t\t<div data-elementor-type=\"wp-page\" data-elementor-id=\"481\" class=\"elementor elementor-481\">\n\t\t\t\t\t\t<section class=\"elementor-section elementor-top-section elementor-element elementor-element-1e33b9d elementor-section-boxed elementor-section-height-default elementor-section-height-default\" data-id=\"1e33b9d\" data-element_type=\"section\" data-e-type=\"section\">\n\t\t\t\t\t\t<div class=\"elementor-container elementor-column-gap-default\">\n\t\t\t\t\t<div class=\"elementor-column elementor-col-33 elementor-top-column elementor-element elementor-element-4737d56\" data-id=\"4737d56\" data-element_type=\"column\" data-e-type=\"column\">\n\t\t\t<div class=\"elementor-widget-wrap elementor-element-populated\">\n\t\t\t\t\t\t<div class=\"elementor-element elementor-element-5135d98 elementor-widget elementor-widget-image\" data-id=\"5135d98\" data-element_type=\"widget\" data-e-type=\"widget\" data-widget_type=\"image.default\">\n\t\t\t\t<div class=\"elementor-widget-container\">\n\t\t\t\t\t\t\t\t\t\t\t\t\t\t\t<img decoding=\"async\" width=\"300\" height=\"89\" src=\"https:\/\/artglassrevest.com.br\/wp-content\/uploads\/2019\/11\/images-300x89.png\" class=\"attachment-medium size-medium wp-image-340\" alt=\"\" srcset=\"https:\/\/artglassrevest.com.br\/wp-content\/uploads\/2019\/11\/images-300x89.png 300w, https:\/\/artglassrevest.com.br\/wp-content\/uploads\/2019\/11\/images.png 413w\" sizes=\"(max-width: 300px) 100vw, 300px\" \/>\t\t\t\t\t\t\t\t\t\t\t\t\t\t\t<\/div>\n\t\t\t\t<\/div>\n\t\t\t\t\t<\/div>\n\t\t<\/div>\n\t\t\t\t<div class=\"elementor-column elementor-col-33 elementor-top-column elementor-element elementor-element-359877e\" data-id=\"359877e\" data-element_type=\"column\" data-e-type=\"column\">\n\t\t\t<div class=\"elementor-widget-wrap elementor-element-populated\">\n\t\t\t\t\t\t<div class=\"elementor-element elementor-element-d6f0d4c elementor-widget elementor-widget-image\" data-id=\"d6f0d4c\" data-element_type=\"widget\" data-e-type=\"widget\" data-widget_type=\"image.default\">\n\t\t\t\t<div class=\"elementor-widget-container\">\n\t\t\t\t\t\t\t\t\t\t\t\t\t\t\t<img fetchpriority=\"high\" decoding=\"async\" width=\"300\" height=\"169\" src=\"https:\/\/artglassrevest.com.br\/wp-content\/uploads\/2022\/06\/IMG_1972-300x169.jpg\" class=\"attachment-medium size-medium wp-image-1318\" alt=\"\" srcset=\"https:\/\/artglassrevest.com.br\/wp-content\/uploads\/2022\/06\/IMG_1972-300x169.jpg 300w, https:\/\/artglassrevest.com.br\/wp-content\/uploads\/2022\/06\/IMG_1972.jpg 749w\" sizes=\"(max-width: 300px) 100vw, 300px\" \/>\t\t\t\t\t\t\t\t\t\t\t\t\t\t\t<\/div>\n\t\t\t\t<\/div>\n\t\t\t\t\t<\/div>\n\t\t<\/div>\n\t\t\t\t<div class=\"elementor-column elementor-col-33 elementor-top-column elementor-element elementor-element-1f00ab5\" data-id=\"1f00ab5\" data-element_type=\"column\" data-e-type=\"column\">\n\t\t\t<div class=\"elementor-widget-wrap elementor-element-populated\">\n\t\t\t\t\t\t<div class=\"elementor-element elementor-element-2b68e29 elementor-widget elementor-widget-image\" data-id=\"2b68e29\" data-element_type=\"widget\" data-e-type=\"widget\" data-widget_type=\"image.default\">\n\t\t\t\t<div class=\"elementor-widget-container\">\n\t\t\t\t\t\t\t\t\t\t\t\t\t\t\t<img decoding=\"async\" width=\"300\" height=\"250\" src=\"https:\/\/artglassrevest.com.br\/wp-content\/uploads\/2022\/06\/1-artico-300x250.jpg\" class=\"attachment-medium size-medium wp-image-1651\" alt=\"\" srcset=\"https:\/\/artglassrevest.com.br\/wp-content\/uploads\/2022\/06\/1-artico-300x250.jpg 300w, https:\/\/artglassrevest.com.br\/wp-content\/uploads\/2022\/06\/1-artico-768x639.jpg 768w, https:\/\/artglassrevest.com.br\/wp-content\/uploads\/2022\/06\/1-artico.jpg 900w\" sizes=\"(max-width: 300px) 100vw, 300px\" \/>\t\t\t\t\t\t\t\t\t\t\t\t\t\t\t<\/div>\n\t\t\t\t<\/div>\n\t\t\t\t\t<\/div>\n\t\t<\/div>\n\t\t\t\t\t<\/div>\n\t\t<\/section>\n\t\t\t\t<section class=\"elementor-section elementor-top-section elementor-element elementor-element-d84ae32 elementor-section-boxed elementor-section-height-default elementor-section-height-default\" data-id=\"d84ae32\" data-element_type=\"section\" data-e-type=\"section\">\n\t\t\t\t\t\t<div class=\"elementor-container elementor-column-gap-default\">\n\t\t\t\t\t<div class=\"elementor-column elementor-col-100 elementor-top-column elementor-element elementor-element-124c5da\" data-id=\"124c5da\" data-element_type=\"column\" data-e-type=\"column\">\n\t\t\t<div class=\"elementor-widget-wrap elementor-element-populated\">\n\t\t\t\t\t\t<div class=\"elementor-element elementor-element-aeb02d8 elementor-widget elementor-widget-text-editor\" data-id=\"aeb02d8\" data-element_type=\"widget\" data-e-type=\"widget\" data-widget_type=\"text-editor.default\">\n\t\t\t\t<div class=\"elementor-widget-container\">\n\t\t\t\t\t\t\t\t\t<p><b>ART GLASS REVESTIMENTOS \u00c9 O LUGAR CERTO PARA QUEM PROCURA ONDE COMPRAR PASTILHA\u00a0CER\u00c2MICA\u00a0ATLAS<\/b><\/p><p><span style=\"font-weight: 400;\">Em reformas e constru\u00e7\u00f5es, a hora do acabamento \u00e9 um momento especial porque tudo vai se transformando, ganhando cores e ficando mais bonito. A Art Glass Revestimentos \u00e9 parceira de engenheiros e construtores e arquitetos alem de atender os CLIENTES FINAIS\u00a0 que procuram onde comprar pastilhas cer\u00e2mica \u00a0atlas para decora\u00e7\u00f5es de espa\u00e7os internos e externos. A experi\u00eancia e o bom gosto da Art Glass Revestimentos fazem da empresa refer\u00eancia na comercializa\u00e7\u00e3o de revestimentos nobres, elegantes e modernos para os mais variados projetos. Por isso, a Art Glass Revestimentos \u00e9 o local certo onde comprar pastilha atlas, uma das mais procuradas no mercado, sin\u00f4nimo de qualidade e bom-gosto.\u00a0<\/span><\/p><p><span style=\"font-weight: 400;\">Localizada em S\u00e3o Paulo, na Rua Oscar Freire, 2213, atende a\u00a0 todo o pa\u00eds, a Art Glass Revestimentos re\u00fane cat\u00e1logo com grandes marcas e conhecimento t\u00e9cnico especializado em um showroom preparado especialmente para dar seguran\u00e7a e conforto na hora de procurar onde comprar pastilha cer\u00e2mica \u00a0atlas para de decorar.\u00a0<\/span><\/p><p><span style=\"font-weight: 400;\">As pastilhas de revestimento d\u00e3o mais suavidade e estilo na decora\u00e7\u00e3o de v\u00e1rios ambientes da casa, substituindo o tradicional azulejo das paredes por quadradinhos que, juntos, transformam-se em uma verdadeira obra de arte em forma de mosaico. A versatilidade das partilhas de revestimentos \u00e9 enorme, pois conseguem deixar espa\u00e7os como cozinha, varandas, banheiros, lavanderias e quartos mais aconchegantes e com um toque de personalidade.\u00a0<\/span><\/p><p><b>ART GLASS REVESTIMENTOS \u00c9 O ENDERE\u00c7O CERTO EM S\u00c3O PAULO ONDE COMPRAR PASTILHA CERAMICA \u00a0ATLAS<\/b><\/p><p><span style=\"font-weight: 400;\">A Art Glass Revestimentos re\u00fane o que h\u00e1 de melhor e de mais moderno para a decora\u00e7\u00e3o de diferentes tipos de ambientes. S\u00e3o revestimentos que proporcionam a harmonia desejada em ambientes especiais da casa: do r\u00fastico ao moderno e do cl\u00e1ssico ao contempor\u00e2neo.\u00a0<\/span><\/p><p><span style=\"font-weight: 400;\">A Art Glass Revestimentos \u00e9 op\u00e7\u00e3o certa onde comprar pastilha atlas por oferecer garantia de qualidade ao cliente na hora da compra e possuir acompanhamento de especialistas no segmento. Esse atendimento personalizado para o projeto de decora\u00e7\u00e3o garante a melhor aplica\u00e7\u00e3o de pastilha, aumentando a durabilidade das pe\u00e7as e o charme desejado para o espa\u00e7o. A Art Glass Revestimentos possui amplo cat\u00e1logo de pastilhas para atender diferentes tipos de ambientes:\u00a0<\/span><\/p><ul><li style=\"font-weight: 400;\"><span style=\"font-weight: 400;\">Pastilhas de porcelana;\u00a0<\/span><\/li><li style=\"font-weight: 400;\"><span style=\"font-weight: 400;\">Pastilhas vidro;<\/span><\/li><li style=\"font-weight: 400;\"><span style=\"font-weight: 400;\">Pastilhas de a\u00e7o inox;\u00a0<\/span><\/li><li style=\"font-weight: 400;\"><span style=\"font-weight: 400;\">Pastilhas de madeira;\u00a0<\/span><\/li><li style=\"font-weight: 400;\"><span style=\"font-weight: 400;\">Pastilhas naturais;<\/span><\/li><li style=\"font-weight: 400;\"><span style=\"font-weight: 400;\">Pastilhas de madrep\u00e9rola;<\/span><\/li><li style=\"font-weight: 400;\"><span style=\"font-weight: 400;\">Porcelanatos de diversos tamanhos e cores.<\/span><\/li><\/ul><p><span style=\"font-weight: 400;\">Na hora de procurar onde comprar pastilha atlas, a Art Glass Revestimentos tamb\u00e9m \u00e9 o local certo das melhores negocia\u00e7\u00f5es com condi\u00e7\u00f5es especiais para parcelamento e pagamento \u00e0 vista, entre em contato conosco 11-3085-1057 <\/span><span style=\"font-weight: 400;\">ou no email contato@artglassrevestimentos.com.br.<\/span><\/p><p><br \/><br \/><br \/><\/p>\t\t\t\t\t\t\t\t<\/div>\n\t\t\t\t<\/div>\n\t\t\t\t\t<\/div>\n\t\t<\/div>\n\t\t\t\t\t<\/div>\n\t\t<\/section>\n\t\t\t\t<section class=\"elementor-section elementor-top-section elementor-element elementor-element-8b187d0 elementor-section-boxed elementor-section-height-default elementor-section-height-default\" data-id=\"8b187d0\" data-element_type=\"section\" data-e-type=\"section\">\n\t\t\t\t\t\t<div class=\"elementor-container elementor-column-gap-default\">\n\t\t\t\t\t<div class=\"elementor-column elementor-col-50 elementor-top-column elementor-element elementor-element-8c67826\" data-id=\"8c67826\" data-element_type=\"column\" data-e-type=\"column\">\n\t\t\t<div class=\"elementor-widget-wrap elementor-element-populated\">\n\t\t\t\t\t\t<div class=\"elementor-element elementor-element-a71549b elementor-view-default elementor-widget elementor-widget-icon\" data-id=\"a71549b\" data-element_type=\"widget\" data-e-type=\"widget\" data-widget_type=\"icon.default\">\n\t\t\t\t<div class=\"elementor-widget-container\">\n\t\t\t\t\t\t\t<div class=\"elementor-icon-wrapper\">\n\t\t\t<a class=\"elementor-icon elementor-animation-shrink\" href=\"http:\/\/artglassrevest.com.br\/index.php\/pastilhas\/\">\n\t\t\t<i aria-hidden=\"true\" class=\"fas fa-book-open\"><\/i>\t\t\t<\/a>\n\t\t<\/div>\n\t\t\t\t\t\t<\/div>\n\t\t\t\t<\/div>\n\t\t\t\t\t<\/div>\n\t\t<\/div>\n\t\t\t\t<div class=\"elementor-column elementor-col-50 elementor-top-column elementor-element elementor-element-6b748ea\" data-id=\"6b748ea\" data-element_type=\"column\" data-e-type=\"column\">\n\t\t\t<div class=\"elementor-widget-wrap elementor-element-populated\">\n\t\t\t\t\t\t<div class=\"elementor-element elementor-element-8020aae elementor-widget elementor-widget-text-editor\" data-id=\"8020aae\" data-element_type=\"widget\" data-e-type=\"widget\" data-widget_type=\"text-editor.default\">\n\t\t\t\t<div class=\"elementor-widget-container\">\n\t\t\t\t\t\t\t\t\t<p><a href=\"http:\/\/artglassrevest.com.br\/index.php\/pastilhas\/\" target=\"_blank\" rel=\"noopener\">Ver Modelos\u00a0<\/a><\/p>\t\t\t\t\t\t\t\t<\/div>\n\t\t\t\t<\/div>\n\t\t\t\t\t<\/div>\n\t\t<\/div>\n\t\t\t\t\t<\/div>\n\t\t<\/section>\n\t\t\t\t<section class=\"elementor-section elementor-top-section elementor-element elementor-element-7ea9e2c elementor-section-boxed elementor-section-height-default elementor-section-height-default\" data-id=\"7ea9e2c\" data-element_type=\"section\" data-e-type=\"section\">\n\t\t\t\t\t\t<div class=\"elementor-container elementor-column-gap-default\">\n\t\t\t\t\t<div class=\"elementor-column elementor-col-33 elementor-top-column elementor-element elementor-element-1152ff5\" data-id=\"1152ff5\" data-element_type=\"column\" data-e-type=\"column\">\n\t\t\t<div class=\"elementor-widget-wrap elementor-element-populated\">\n\t\t\t\t\t\t<div class=\"elementor-element elementor-element-9814878 elementor-widget elementor-widget-google_maps\" data-id=\"9814878\" data-element_type=\"widget\" data-e-type=\"widget\" data-widget_type=\"google_maps.default\">\n\t\t\t\t<div class=\"elementor-widget-container\">\n\t\t\t\t\t\t\t<div class=\"elementor-custom-embed\">\n\t\t\t<iframe loading=\"lazy\"\n\t\t\t\t\tsrc=\"https:\/\/maps.google.com\/maps?q=Rua%20Oscar%20Freire%2C%202213%20&#038;t=m&#038;z=14&#038;output=embed&#038;iwloc=near\"\n\t\t\t\t\ttitle=\"Rua Oscar Freire, 2213 \"\n\t\t\t\t\taria-label=\"Rua Oscar Freire, 2213 \"\n\t\t\t><\/iframe>\n\t\t<\/div>\n\t\t\t\t\t\t<\/div>\n\t\t\t\t<\/div>\n\t\t\t\t\t<\/div>\n\t\t<\/div>\n\t\t\t\t<div class=\"elementor-column elementor-col-33 elementor-top-column elementor-element elementor-element-191e13a\" data-id=\"191e13a\" data-element_type=\"column\" data-e-type=\"column\">\n\t\t\t<div class=\"elementor-widget-wrap elementor-element-populated\">\n\t\t\t\t\t\t<div class=\"elementor-element elementor-element-accd332 elementor-view-default elementor-widget elementor-widget-icon\" data-id=\"accd332\" data-element_type=\"widget\" data-e-type=\"widget\" data-widget_type=\"icon.default\">\n\t\t\t\t<div class=\"elementor-widget-container\">\n\t\t\t\t\t\t\t<div class=\"elementor-icon-wrapper\">\n\t\t\t<div class=\"elementor-icon\">\n\t\t\t<i aria-hidden=\"true\" class=\"fas fa-phone-alt\"><\/i>\t\t\t<\/div>\n\t\t<\/div>\n\t\t\t\t\t\t<\/div>\n\t\t\t\t<\/div>\n\t\t\t\t<div class=\"elementor-element elementor-element-63e2016 elementor-view-default elementor-widget elementor-widget-icon\" data-id=\"63e2016\" data-element_type=\"widget\" data-e-type=\"widget\" data-widget_type=\"icon.default\">\n\t\t\t\t<div class=\"elementor-widget-container\">\n\t\t\t\t\t\t\t<div class=\"elementor-icon-wrapper\">\n\t\t\t<a class=\"elementor-icon elementor-animation-grow\" href=\"https:\/\/api.whatsapp.com\/send?phone=5511988866970&#038;text=Ol\u00e1%21+estou+no+site+Art+Glass+Revest+e+gostaria+de+mais+informa\u00e7\u00f5es.\" target=\"_blank\">\n\t\t\t<i aria-hidden=\"true\" class=\"fab fa-whatsapp\"><\/i>\t\t\t<\/a>\n\t\t<\/div>\n\t\t\t\t\t\t<\/div>\n\t\t\t\t<\/div>\n\t\t\t\t<div class=\"elementor-element elementor-element-2bb84d1 elementor-view-default elementor-widget elementor-widget-icon\" data-id=\"2bb84d1\" data-element_type=\"widget\" data-e-type=\"widget\" data-widget_type=\"icon.default\">\n\t\t\t\t<div class=\"elementor-widget-container\">\n\t\t\t\t\t\t\t<div class=\"elementor-icon-wrapper\">\n\t\t\t<div class=\"elementor-icon\">\n\t\t\t<i aria-hidden=\"true\" class=\"fas fa-mail-bulk\"><\/i>\t\t\t<\/div>\n\t\t<\/div>\n\t\t\t\t\t\t<\/div>\n\t\t\t\t<\/div>\n\t\t\t\t<div class=\"elementor-element elementor-element-5b85397 elementor-view-default elementor-widget elementor-widget-icon\" data-id=\"5b85397\" data-element_type=\"widget\" data-e-type=\"widget\" data-widget_type=\"icon.default\">\n\t\t\t\t<div class=\"elementor-widget-container\">\n\t\t\t\t\t\t\t<div class=\"elementor-icon-wrapper\">\n\t\t\t<div class=\"elementor-icon\">\n\t\t\t<i aria-hidden=\"true\" class=\"fas fa-location-arrow\"><\/i>\t\t\t<\/div>\n\t\t<\/div>\n\t\t\t\t\t\t<\/div>\n\t\t\t\t<\/div>\n\t\t\t\t\t<\/div>\n\t\t<\/div>\n\t\t\t\t<div class=\"elementor-column elementor-col-33 elementor-top-column elementor-element elementor-element-be84af5\" data-id=\"be84af5\" data-element_type=\"column\" data-e-type=\"column\">\n\t\t\t<div class=\"elementor-widget-wrap elementor-element-populated\">\n\t\t\t\t\t\t<div class=\"elementor-element elementor-element-4125a7c elementor-widget elementor-widget-text-editor\" data-id=\"4125a7c\" data-element_type=\"widget\" data-e-type=\"widget\" data-widget_type=\"text-editor.default\">\n\t\t\t\t<div class=\"elementor-widget-container\">\n\t\t\t\t\t\t\t\t\t<h4><strong> 11 -3085-1057<\/strong><\/h4>\t\t\t\t\t\t\t\t<\/div>\n\t\t\t\t<\/div>\n\t\t\t\t<div class=\"elementor-element elementor-element-7593eab elementor-widget elementor-widget-text-editor\" data-id=\"7593eab\" data-element_type=\"widget\" data-e-type=\"widget\" data-widget_type=\"text-editor.default\">\n\t\t\t\t<div class=\"elementor-widget-container\">\n\t\t\t\t\t\t\t\t\t<p><strong>\u00a0 \u00a0 \u00a0<\/strong><strong> 11 -9888-66970<\/strong><\/p>\t\t\t\t\t\t\t\t<\/div>\n\t\t\t\t<\/div>\n\t\t\t\t<div class=\"elementor-element elementor-element-85e5fb4 elementor-widget elementor-widget-text-editor\" data-id=\"85e5fb4\" data-element_type=\"widget\" data-e-type=\"widget\" data-widget_type=\"text-editor.default\">\n\t\t\t\t<div class=\"elementor-widget-container\">\n\t\t\t\t\t\t\t\t\t<p><strong>contato@artglassrevestimentos.com.br<\/strong><\/p>\t\t\t\t\t\t\t\t<\/div>\n\t\t\t\t<\/div>\n\t\t\t\t<div class=\"elementor-element elementor-element-ccd3709 elementor-widget elementor-widget-text-editor\" data-id=\"ccd3709\" data-element_type=\"widget\" data-e-type=\"widget\" data-widget_type=\"text-editor.default\">\n\t\t\t\t<div class=\"elementor-widget-container\">\n\t\t\t\t\t\t\t\t\t<p><strong>Rua Oscar Freire, 2213<\/strong><\/p><p>Pinheiros, S\u00e3o Paulo -SP<\/p>\t\t\t\t\t\t\t\t<\/div>\n\t\t\t\t<\/div>\n\t\t\t\t\t<\/div>\n\t\t<\/div>\n\t\t\t\t\t<\/div>\n\t\t<\/section>\n\t\t\t\t<section class=\"elementor-section elementor-top-section elementor-element elementor-element-0eacf43 elementor-section-boxed elementor-section-height-default elementor-section-height-default\" data-id=\"0eacf43\" data-element_type=\"section\" data-e-type=\"section\">\n\t\t\t\t\t\t<div class=\"elementor-container elementor-column-gap-default\">\n\t\t\t\t\t<div class=\"elementor-column elementor-col-100 elementor-top-column elementor-element elementor-element-7ab9a5d\" data-id=\"7ab9a5d\" data-element_type=\"column\" data-e-type=\"column\">\n\t\t\t<div class=\"elementor-widget-wrap\">\n\t\t\t\t\t\t\t<\/div>\n\t\t<\/div>\n\t\t\t\t\t<\/div>\n\t\t<\/section>\n\t\t\t\t<section class=\"elementor-section elementor-top-section elementor-element elementor-element-6544905 elementor-section-boxed elementor-section-height-default elementor-section-height-default\" data-id=\"6544905\" data-element_type=\"section\" data-e-type=\"section\">\n\t\t\t\t\t\t<div class=\"elementor-container elementor-column-gap-default\">\n\t\t\t\t\t<div class=\"elementor-column elementor-col-16 elementor-top-column elementor-element elementor-element-7193868\" data-id=\"7193868\" data-element_type=\"column\" data-e-type=\"column\">\n\t\t\t<div class=\"elementor-widget-wrap elementor-element-populated\">\n\t\t\t\t\t\t<div class=\"elementor-element elementor-element-d8b1029 elementor-view-default elementor-widget elementor-widget-icon\" data-id=\"d8b1029\" data-element_type=\"widget\" data-e-type=\"widget\" data-widget_type=\"icon.default\">\n\t\t\t\t<div class=\"elementor-widget-container\">\n\t\t\t\t\t\t\t<div class=\"elementor-icon-wrapper\">\n\t\t\t<a class=\"elementor-icon elementor-animation-grow\" href=\"https:\/\/artglassrevestimentos.mercadoshops.com.br\/?preview=&#038;mshops-cookie-isguest=false&#038;mshops-redirection-timestamp=1656436868223&#038;mshops-cookie-cp=02471010\" target=\"_blank\">\n\t\t\t<i aria-hidden=\"true\" class=\"fas fa-shopping-cart\"><\/i>\t\t\t<\/a>\n\t\t<\/div>\n\t\t\t\t\t\t<\/div>\n\t\t\t\t<\/div>\n\t\t\t\t\t<\/div>\n\t\t<\/div>\n\t\t\t\t<div class=\"elementor-column elementor-col-16 elementor-top-column elementor-element elementor-element-2a752bd\" data-id=\"2a752bd\" data-element_type=\"column\" data-e-type=\"column\">\n\t\t\t<div class=\"elementor-widget-wrap elementor-element-populated\">\n\t\t\t\t\t\t<div class=\"elementor-element elementor-element-723b4ec elementor-view-default elementor-widget elementor-widget-icon\" data-id=\"723b4ec\" data-element_type=\"widget\" data-e-type=\"widget\" data-widget_type=\"icon.default\">\n\t\t\t\t<div class=\"elementor-widget-container\">\n\t\t\t\t\t\t\t<div class=\"elementor-icon-wrapper\">\n\t\t\t<a class=\"elementor-icon elementor-animation-grow\" href=\"https:\/\/api.whatsapp.com\/send?phone=5511988866970&#038;text=Ol\u00e1%21+estou+no+site+Art+Glass+Revest+e+gostaria+de+mais+informa\u00e7\u00f5es.\" target=\"_blank\">\n\t\t\t<i aria-hidden=\"true\" class=\"fab fa-whatsapp\"><\/i>\t\t\t<\/a>\n\t\t<\/div>\n\t\t\t\t\t\t<\/div>\n\t\t\t\t<\/div>\n\t\t\t\t\t<\/div>\n\t\t<\/div>\n\t\t\t\t<div class=\"elementor-column elementor-col-16 elementor-top-column elementor-element elementor-element-c72d6d0\" data-id=\"c72d6d0\" data-element_type=\"column\" data-e-type=\"column\">\n\t\t\t<div class=\"elementor-widget-wrap elementor-element-populated\">\n\t\t\t\t\t\t<div class=\"elementor-element elementor-element-ee404a1 elementor-view-default elementor-widget elementor-widget-icon\" data-id=\"ee404a1\" data-element_type=\"widget\" data-e-type=\"widget\" data-widget_type=\"icon.default\">\n\t\t\t\t<div class=\"elementor-widget-container\">\n\t\t\t\t\t\t\t<div class=\"elementor-icon-wrapper\">\n\t\t\t<a class=\"elementor-icon elementor-animation-grow\" href=\"https:\/\/www.instagram.com\/art_glass_revestimentos\/\" target=\"_blank\">\n\t\t\t<i aria-hidden=\"true\" class=\"fab fa-instagram\"><\/i>\t\t\t<\/a>\n\t\t<\/div>\n\t\t\t\t\t\t<\/div>\n\t\t\t\t<\/div>\n\t\t\t\t\t<\/div>\n\t\t<\/div>\n\t\t\t\t<div class=\"elementor-column elementor-col-16 elementor-top-column elementor-element elementor-element-07693e2\" data-id=\"07693e2\" data-element_type=\"column\" data-e-type=\"column\">\n\t\t\t<div class=\"elementor-widget-wrap elementor-element-populated\">\n\t\t\t\t\t\t<div class=\"elementor-element elementor-element-6f74c44 elementor-view-default elementor-widget elementor-widget-icon\" data-id=\"6f74c44\" data-element_type=\"widget\" data-e-type=\"widget\" data-widget_type=\"icon.default\">\n\t\t\t\t<div class=\"elementor-widget-container\">\n\t\t\t\t\t\t\t<div class=\"elementor-icon-wrapper\">\n\t\t\t<a class=\"elementor-icon\" href=\"https:\/\/www.facebook.com\/artglassrevestimentos\/\" target=\"_blank\">\n\t\t\t<i aria-hidden=\"true\" class=\"fab fa-facebook\"><\/i>\t\t\t<\/a>\n\t\t<\/div>\n\t\t\t\t\t\t<\/div>\n\t\t\t\t<\/div>\n\t\t\t\t\t<\/div>\n\t\t<\/div>\n\t\t\t\t<div class=\"elementor-column elementor-col-16 elementor-top-column elementor-element elementor-element-5786d3f\" data-id=\"5786d3f\" data-element_type=\"column\" data-e-type=\"column\">\n\t\t\t<div class=\"elementor-widget-wrap elementor-element-populated\">\n\t\t\t\t\t\t<div class=\"elementor-element elementor-element-cad7ac1 elementor-view-default elementor-widget elementor-widget-icon\" data-id=\"cad7ac1\" data-element_type=\"widget\" data-e-type=\"widget\" data-widget_type=\"icon.default\">\n\t\t\t\t<div class=\"elementor-widget-container\">\n\t\t\t\t\t\t\t<div class=\"elementor-icon-wrapper\">\n\t\t\t<a class=\"elementor-icon\" href=\"https:\/\/www.youtube.com\/channel\/UC-YLFqGSF0ICV6WdBO8jQUw\">\n\t\t\t<i aria-hidden=\"true\" class=\"fab fa-youtube-square\"><\/i>\t\t\t<\/a>\n\t\t<\/div>\n\t\t\t\t\t\t<\/div>\n\t\t\t\t<\/div>\n\t\t\t\t\t<\/div>\n\t\t<\/div>\n\t\t\t\t<div class=\"elementor-column elementor-col-16 elementor-top-column elementor-element elementor-element-7bee235\" data-id=\"7bee235\" data-element_type=\"column\" data-e-type=\"column\">\n\t\t\t<div class=\"elementor-widget-wrap elementor-element-populated\">\n\t\t\t\t\t\t<div class=\"elementor-element elementor-element-c0673c1 elementor-view-default elementor-widget elementor-widget-icon\" data-id=\"c0673c1\" data-element_type=\"widget\" data-e-type=\"widget\" data-widget_type=\"icon.default\">\n\t\t\t\t<div class=\"elementor-widget-container\">\n\t\t\t\t\t\t\t<div class=\"elementor-icon-wrapper\">\n\t\t\t<div class=\"elementor-icon\">\n\t\t\t<i aria-hidden=\"true\" class=\"fas fa-mail-bulk\"><\/i>\t\t\t<\/div>\n\t\t<\/div>\n\t\t\t\t\t\t<\/div>\n\t\t\t\t<\/div>\n\t\t\t\t\t<\/div>\n\t\t<\/div>\n\t\t\t\t\t<\/div>\n\t\t<\/section>\n\t\t\t\t<\/div>\n\t\t","protected":false},"excerpt":{"rendered":"<p>ART GLASS REVESTIMENTOS \u00c9 O LUGAR CERTO PARA QUEM PROCURA ONDE COMPRAR PASTILHA\u00a0CER\u00c2MICA\u00a0ATLAS Em reformas e constru\u00e7\u00f5es, a hora do acabamento \u00e9 um momento especial porque tudo vai se transformando, ganhando cores e ficando mais bonito. A Art Glass Revestimentos \u00e9 parceira de engenheiros e construtores e arquitetos alem de atender os CLIENTES FINAIS\u00a0 que [&hellip;]<\/p>\n","protected":false},"author":1,"featured_media":0,"parent":0,"menu_order":0,"comment_status":"closed","ping_status":"closed","template":"","meta":{"footnotes":""},"class_list":["post-481","page","type-page","status-publish","hentry"],"_links":{"self":[{"href":"https:\/\/artglassrevest.com.br\/index.php\/wp-json\/wp\/v2\/pages\/481","targetHints":{"allow":["GET"]}}],"collection":[{"href":"https:\/\/artglassrevest.com.br\/index.php\/wp-json\/wp\/v2\/pages"}],"about":[{"href":"https:\/\/artglassrevest.com.br\/index.php\/wp-json\/wp\/v2\/types\/page"}],"author":[{"embeddable":true,"href":"https:\/\/artglassrevest.com.br\/index.php\/wp-json\/wp\/v2\/users\/1"}],"replies":[{"embeddable":true,"href":"https:\/\/artglassrevest.com.br\/index.php\/wp-json\/wp\/v2\/comments?post=481"}],"version-history":[{"count":9,"href":"https:\/\/artglassrevest.com.br\/index.php\/wp-json\/wp\/v2\/pages\/481\/revisions"}],"predecessor-version":[{"id":1654,"href":"https:\/\/artglassrevest.com.br\/index.php\/wp-json\/wp\/v2\/pages\/481\/revisions\/1654"}],"wp:attachment":[{"href":"https:\/\/artglassrevest.com.br\/index.php\/wp-json\/wp\/v2\/media?parent=481"}],"curies":[{"name":"wp","href":"https:\/\/api.w.org\/{rel}","templated":true}]}}