{"id":494,"date":"2020-02-18T11:25:38","date_gmt":"2020-02-18T14:25:38","guid":{"rendered":"http:\/\/artglassrevest.com.br\/?page_id=494"},"modified":"2022-06-29T13:55:13","modified_gmt":"2022-06-29T16:55:13","slug":"porcelanato-que-imita-madeira","status":"publish","type":"page","link":"https:\/\/artglassrevest.com.br\/index.php\/porcelanato-que-imita-madeira\/","title":{"rendered":"Porcelanato que Imita Madeira"},"content":{"rendered":"\t\t<div data-elementor-type=\"wp-page\" data-elementor-id=\"494\" class=\"elementor elementor-494\">\n\t\t\t\t\t\t<section class=\"elementor-section elementor-top-section elementor-element elementor-element-f81db55 elementor-section-boxed elementor-section-height-default elementor-section-height-default\" data-id=\"f81db55\" data-element_type=\"section\" data-e-type=\"section\">\n\t\t\t\t\t\t<div class=\"elementor-container elementor-column-gap-default\">\n\t\t\t\t\t<div class=\"elementor-column elementor-col-33 elementor-top-column elementor-element elementor-element-de10858\" data-id=\"de10858\" data-element_type=\"column\" data-e-type=\"column\">\n\t\t\t<div class=\"elementor-widget-wrap elementor-element-populated\">\n\t\t\t\t\t\t<div class=\"elementor-element elementor-element-7dab150 elementor-widget elementor-widget-image\" data-id=\"7dab150\" data-element_type=\"widget\" data-e-type=\"widget\" data-widget_type=\"image.default\">\n\t\t\t\t<div class=\"elementor-widget-container\">\n\t\t\t\t\t\t\t\t\t\t\t\t\t\t\t<img decoding=\"async\" src=\"https:\/\/artglassrevest.com.br\/wp-content\/plugins\/elementor\/assets\/images\/placeholder.png\" title=\"\" alt=\"\" loading=\"lazy\" \/>\t\t\t\t\t\t\t\t\t\t\t\t\t\t\t<\/div>\n\t\t\t\t<\/div>\n\t\t\t\t\t<\/div>\n\t\t<\/div>\n\t\t\t\t<div class=\"elementor-column elementor-col-33 elementor-top-column elementor-element elementor-element-4c28f3a\" data-id=\"4c28f3a\" data-element_type=\"column\" data-e-type=\"column\">\n\t\t\t<div class=\"elementor-widget-wrap elementor-element-populated\">\n\t\t\t\t\t\t<div class=\"elementor-element elementor-element-3e18549 elementor-widget elementor-widget-image\" data-id=\"3e18549\" data-element_type=\"widget\" data-e-type=\"widget\" data-widget_type=\"image.default\">\n\t\t\t\t<div class=\"elementor-widget-container\">\n\t\t\t\t\t\t\t\t\t\t\t\t\t\t\t<img decoding=\"async\" src=\"https:\/\/artglassrevest.com.br\/wp-content\/plugins\/elementor\/assets\/images\/placeholder.png\" title=\"\" alt=\"\" loading=\"lazy\" \/>\t\t\t\t\t\t\t\t\t\t\t\t\t\t\t<\/div>\n\t\t\t\t<\/div>\n\t\t\t\t\t<\/div>\n\t\t<\/div>\n\t\t\t\t<div class=\"elementor-column elementor-col-33 elementor-top-column elementor-element elementor-element-f272bf3\" data-id=\"f272bf3\" data-element_type=\"column\" data-e-type=\"column\">\n\t\t\t<div class=\"elementor-widget-wrap elementor-element-populated\">\n\t\t\t\t\t\t<div class=\"elementor-element elementor-element-4b355d3 elementor-widget elementor-widget-image\" data-id=\"4b355d3\" data-element_type=\"widget\" data-e-type=\"widget\" data-widget_type=\"image.default\">\n\t\t\t\t<div class=\"elementor-widget-container\">\n\t\t\t\t\t\t\t\t\t\t\t\t\t\t\t<img decoding=\"async\" src=\"https:\/\/artglassrevest.com.br\/wp-content\/plugins\/elementor\/assets\/images\/placeholder.png\" title=\"\" alt=\"\" loading=\"lazy\" \/>\t\t\t\t\t\t\t\t\t\t\t\t\t\t\t<\/div>\n\t\t\t\t<\/div>\n\t\t\t\t\t<\/div>\n\t\t<\/div>\n\t\t\t\t\t<\/div>\n\t\t<\/section>\n\t\t\t\t<section class=\"elementor-section elementor-top-section elementor-element elementor-element-d757dcf elementor-section-boxed elementor-section-height-default elementor-section-height-default\" data-id=\"d757dcf\" data-element_type=\"section\" data-e-type=\"section\">\n\t\t\t\t\t\t<div class=\"elementor-container elementor-column-gap-default\">\n\t\t\t\t\t<div class=\"elementor-column elementor-col-100 elementor-top-column elementor-element elementor-element-f44aeaa\" data-id=\"f44aeaa\" data-element_type=\"column\" data-e-type=\"column\">\n\t\t\t<div class=\"elementor-widget-wrap elementor-element-populated\">\n\t\t\t\t\t\t<div class=\"elementor-element elementor-element-b98ce3a elementor-widget elementor-widget-text-editor\" data-id=\"b98ce3a\" data-element_type=\"widget\" data-e-type=\"widget\" data-widget_type=\"text-editor.default\">\n\t\t\t\t<div class=\"elementor-widget-container\">\n\t\t\t\t\t\t\t\t\t<p><b>ART GLASS REVESTIMENTOS TEM OS MELHORES PRE\u00c7OS E VARIEDADES DE PORCELANATO QUE IMITA MADEIRA PARA BANHEIRO<\/b><\/p><p><span style=\"font-weight: 400;\">Ambientes que possuem decora\u00e7\u00e3o em madeira ou at\u00e9 mesmo tons amadeirados nunca saem de moda na arquitetura e decora\u00e7\u00e3o . Esse modelo revela um ar de intimidade, aconchego, requinte e muito bom-gosto quando combinados adequadamente, por exemplo, com a mob\u00edlia e demais elementos do c\u00f4modo. Em muitos projetos, o banheiro \u00e9 uma op\u00e7\u00e3o para a composi\u00e7\u00e3o com elementos que imitam madeira, dando ao espa\u00e7o muita personalidade. Para a decora\u00e7\u00e3o que prefere n\u00e3o optar por madeira, a op\u00e7\u00e3o \u00e9 escolher porcelanato que imita madeira para banheiro comercializado pela Art Glass Revestimentos.\u00a0<\/span><\/p><p><span style=\"font-weight: 400;\">Mesmo em ambiente que ter\u00e3o a presen\u00e7a de \u00e1gua, o porcelanato que imita madeira para banheiro \u00e9 excelente op\u00e7\u00e3o e contribui muito para o equil\u00edbrio do conjunto da \u00e1rea. Al\u00e9m de ser mais em conta em compara\u00e7\u00e3o com a madeira, esse porcelanato oferece maior durabilidade e dispensa os cuidados necess\u00e1rios para a manuten\u00e7\u00e3o de uma decora\u00e7\u00e3o em madeira como a utiliza\u00e7\u00e3o regular de cera. O porcelanato que imita madeira para banheiro consegue reproduzir com efici\u00eancia formas de t\u00e1buas de madeira e pode ser aplicado em \u00e1reas internas e externas do im\u00f3vel, de forma vers\u00e1til e com resultados incr\u00edveis.\u00a0<\/span><\/p><p><span style=\"font-weight: 400;\">A Art Glass Revestimentos possui uma ampla cartela de formatos, texturas e cores de porcelanato que imita madeira para banheiro para que o espa\u00e7o fique harm\u00f4nico e agrad\u00e1vel, principalmente quando combinados com a ilumina\u00e7\u00e3o do c\u00f4modo. Os tons amadeirados s\u00e3o realistas e conseguem, inclusive, em algumas pe\u00e7as, que detalhes da madeira sejam evidenciados, como os veios. O resultado \u00e9 fant\u00e1stico! As op\u00e7\u00f5es claras s\u00e3o excelentes para instala\u00e7\u00e3o em \u00e1reas pequenas, pois d\u00e3o mais sensa\u00e7\u00e3o visual de todo o ambiente. J\u00e1 os tons m\u00e9dio e escuro podem ser usados em \u00e1reas menores, acompanhados de detalhes que proporcionem harmonia.\u00a0<\/span><\/p><p><b>PORCELANATO QUE IMITA MADEIRA PARA BANHEIRO TEM BELEZA E VERSATILIDADE<\/b><\/p><p><span style=\"font-weight: 400;\">Al\u00e9m de uma ampla paleta de cores, os formatos de porcelanato que imita madeira para banheiro s\u00e3o os mais diversos para combinar com a \u00e1rea e a decora\u00e7\u00e3o desejada. Instalada em S\u00e3o Paulo, na Rua Oscar Freire, 2213, e com uma loja virtual para atender os clientes de todo o pa\u00eds, a Art Glass Revestimentos possui cat\u00e1logo e parceria com grandes marcas, al\u00e9m de conhecimento t\u00e9cnico especializado em um showroom preparado para dar seguran\u00e7a e conforto ao cliente na hora de procurar porcelanato que imita madeira para banheiro para decora\u00e7\u00e3o.\u00a0<\/span><\/p><p><span style=\"font-weight: 400;\">Esse tipo porcelanato pode ir al\u00e9m da utiliza\u00e7\u00e3o como piso. Algumas decora\u00e7\u00f5es optam pode criar pain\u00e9is e revestimentos de parede em \u00e1rea de lazer. Al\u00e9m de banheiro, outras \u00e1reas da casa s\u00e3o boas op\u00e7\u00f5es para o porcelanato em madeira:<\/span><\/p><ul><li style=\"font-weight: 400;\"><span style=\"font-weight: 400;\">Sala;<\/span><\/li><li style=\"font-weight: 400;\"><span style=\"font-weight: 400;\">\u00c1rea de lazer;<\/span><\/li><li style=\"font-weight: 400;\"><span style=\"font-weight: 400;\">Quartos;<\/span><\/li><li style=\"font-weight: 400;\"><span style=\"font-weight: 400;\">Escrit\u00f3rio;<\/span><\/li><li style=\"font-weight: 400;\"><span style=\"font-weight: 400;\">Sal\u00e3o de jogos;<\/span><\/li><li style=\"font-weight: 400;\"><span style=\"font-weight: 400;\">Sala de visitas;<\/span><\/li><li style=\"font-weight: 400;\"><span style=\"font-weight: 400;\">Sala de TV.<\/span><\/li><\/ul><p>\u00a0<\/p><p><span style=\"font-weight: 400;\">A Art Glass Revestimentos possui as melhores condi\u00e7\u00f5es para pagamento \u00e0 vista e formas de parcelamento exclusivos para projetos.\u00a0<\/span><\/p><p><span style=\"font-weight: 400;\">Entre em contato conosco atrav\u00e9s do telefone 11-3085-1057 <\/span><span style=\"font-weight: 400;\">ou no email: contato@artglassrevestimentos.com.br<\/span><\/p><p><br \/><br \/><br \/><\/p>\t\t\t\t\t\t\t\t<\/div>\n\t\t\t\t<\/div>\n\t\t\t\t\t<\/div>\n\t\t<\/div>\n\t\t\t\t\t<\/div>\n\t\t<\/section>\n\t\t\t\t<section class=\"elementor-section elementor-top-section elementor-element elementor-element-70689f3 elementor-section-boxed elementor-section-height-default elementor-section-height-default\" data-id=\"70689f3\" data-element_type=\"section\" data-e-type=\"section\">\n\t\t\t\t\t\t<div class=\"elementor-container elementor-column-gap-default\">\n\t\t\t\t\t<div class=\"elementor-column elementor-col-33 elementor-top-column elementor-element elementor-element-4458b21\" data-id=\"4458b21\" data-element_type=\"column\" data-e-type=\"column\">\n\t\t\t<div class=\"elementor-widget-wrap elementor-element-populated\">\n\t\t\t\t\t\t<div class=\"elementor-element elementor-element-b68dac9 elementor-widget elementor-widget-google_maps\" data-id=\"b68dac9\" data-element_type=\"widget\" data-e-type=\"widget\" data-widget_type=\"google_maps.default\">\n\t\t\t\t<div class=\"elementor-widget-container\">\n\t\t\t\t\t\t\t<div class=\"elementor-custom-embed\">\n\t\t\t<iframe loading=\"lazy\"\n\t\t\t\t\tsrc=\"https:\/\/maps.google.com\/maps?q=Rua%20Oscar%20Freire%2C%202213%20&#038;t=m&#038;z=14&#038;output=embed&#038;iwloc=near\"\n\t\t\t\t\ttitle=\"Rua Oscar Freire, 2213 \"\n\t\t\t\t\taria-label=\"Rua Oscar Freire, 2213 \"\n\t\t\t><\/iframe>\n\t\t<\/div>\n\t\t\t\t\t\t<\/div>\n\t\t\t\t<\/div>\n\t\t\t\t\t<\/div>\n\t\t<\/div>\n\t\t\t\t<div class=\"elementor-column elementor-col-33 elementor-top-column elementor-element elementor-element-69c4693\" data-id=\"69c4693\" data-element_type=\"column\" data-e-type=\"column\">\n\t\t\t<div class=\"elementor-widget-wrap elementor-element-populated\">\n\t\t\t\t\t\t<div class=\"elementor-element elementor-element-3e077d1 elementor-view-default elementor-widget elementor-widget-icon\" data-id=\"3e077d1\" data-element_type=\"widget\" data-e-type=\"widget\" data-widget_type=\"icon.default\">\n\t\t\t\t<div class=\"elementor-widget-container\">\n\t\t\t\t\t\t\t<div class=\"elementor-icon-wrapper\">\n\t\t\t<div class=\"elementor-icon\">\n\t\t\t<i aria-hidden=\"true\" class=\"fas fa-phone-alt\"><\/i>\t\t\t<\/div>\n\t\t<\/div>\n\t\t\t\t\t\t<\/div>\n\t\t\t\t<\/div>\n\t\t\t\t<div class=\"elementor-element elementor-element-6d10e37 elementor-view-default elementor-widget elementor-widget-icon\" data-id=\"6d10e37\" data-element_type=\"widget\" data-e-type=\"widget\" data-widget_type=\"icon.default\">\n\t\t\t\t<div class=\"elementor-widget-container\">\n\t\t\t\t\t\t\t<div class=\"elementor-icon-wrapper\">\n\t\t\t<a class=\"elementor-icon elementor-animation-grow\" href=\"https:\/\/api.whatsapp.com\/send?phone=5511988866970&#038;text=Ol\u00e1%21+estou+no+site+Art+Glass+Revest+e+gostaria+de+mais+informa\u00e7\u00f5es.\" target=\"_blank\">\n\t\t\t<i aria-hidden=\"true\" class=\"fab fa-whatsapp\"><\/i>\t\t\t<\/a>\n\t\t<\/div>\n\t\t\t\t\t\t<\/div>\n\t\t\t\t<\/div>\n\t\t\t\t<div class=\"elementor-element elementor-element-94314c8 elementor-view-default elementor-widget elementor-widget-icon\" data-id=\"94314c8\" data-element_type=\"widget\" data-e-type=\"widget\" data-widget_type=\"icon.default\">\n\t\t\t\t<div class=\"elementor-widget-container\">\n\t\t\t\t\t\t\t<div class=\"elementor-icon-wrapper\">\n\t\t\t<div class=\"elementor-icon\">\n\t\t\t<i aria-hidden=\"true\" class=\"fas fa-mail-bulk\"><\/i>\t\t\t<\/div>\n\t\t<\/div>\n\t\t\t\t\t\t<\/div>\n\t\t\t\t<\/div>\n\t\t\t\t<div class=\"elementor-element elementor-element-59b603b elementor-view-default elementor-widget elementor-widget-icon\" data-id=\"59b603b\" data-element_type=\"widget\" data-e-type=\"widget\" data-widget_type=\"icon.default\">\n\t\t\t\t<div class=\"elementor-widget-container\">\n\t\t\t\t\t\t\t<div class=\"elementor-icon-wrapper\">\n\t\t\t<div class=\"elementor-icon\">\n\t\t\t<i aria-hidden=\"true\" class=\"fas fa-location-arrow\"><\/i>\t\t\t<\/div>\n\t\t<\/div>\n\t\t\t\t\t\t<\/div>\n\t\t\t\t<\/div>\n\t\t\t\t\t<\/div>\n\t\t<\/div>\n\t\t\t\t<div class=\"elementor-column elementor-col-33 elementor-top-column elementor-element elementor-element-41aecce\" data-id=\"41aecce\" data-element_type=\"column\" data-e-type=\"column\">\n\t\t\t<div class=\"elementor-widget-wrap elementor-element-populated\">\n\t\t\t\t\t\t<div class=\"elementor-element elementor-element-48e7e72 elementor-widget elementor-widget-text-editor\" data-id=\"48e7e72\" data-element_type=\"widget\" data-e-type=\"widget\" data-widget_type=\"text-editor.default\">\n\t\t\t\t<div class=\"elementor-widget-container\">\n\t\t\t\t\t\t\t\t\t<h4><strong> 11 -3085-1057<\/strong><\/h4>\t\t\t\t\t\t\t\t<\/div>\n\t\t\t\t<\/div>\n\t\t\t\t<div class=\"elementor-element elementor-element-84eb5bb elementor-widget elementor-widget-text-editor\" data-id=\"84eb5bb\" data-element_type=\"widget\" data-e-type=\"widget\" data-widget_type=\"text-editor.default\">\n\t\t\t\t<div class=\"elementor-widget-container\">\n\t\t\t\t\t\t\t\t\t<p><strong>\u00a0 \u00a0 \u00a0<\/strong><strong> 11 -9888-66970<\/strong><\/p>\t\t\t\t\t\t\t\t<\/div>\n\t\t\t\t<\/div>\n\t\t\t\t<div class=\"elementor-element elementor-element-a2241d1 elementor-widget elementor-widget-text-editor\" data-id=\"a2241d1\" data-element_type=\"widget\" data-e-type=\"widget\" data-widget_type=\"text-editor.default\">\n\t\t\t\t<div class=\"elementor-widget-container\">\n\t\t\t\t\t\t\t\t\t<p><strong>contato@artglassrevestimentos.com.br<\/strong><\/p>\t\t\t\t\t\t\t\t<\/div>\n\t\t\t\t<\/div>\n\t\t\t\t<div class=\"elementor-element elementor-element-b69765d elementor-widget elementor-widget-text-editor\" data-id=\"b69765d\" data-element_type=\"widget\" data-e-type=\"widget\" data-widget_type=\"text-editor.default\">\n\t\t\t\t<div class=\"elementor-widget-container\">\n\t\t\t\t\t\t\t\t\t<p><strong>Rua Oscar Freire, 2213<\/strong><\/p><p>Pinheiros, S\u00e3o Paulo -SP<\/p>\t\t\t\t\t\t\t\t<\/div>\n\t\t\t\t<\/div>\n\t\t\t\t\t<\/div>\n\t\t<\/div>\n\t\t\t\t\t<\/div>\n\t\t<\/section>\n\t\t\t\t<section class=\"elementor-section elementor-top-section elementor-element elementor-element-7580ced elementor-section-boxed elementor-section-height-default elementor-section-height-default\" data-id=\"7580ced\" data-element_type=\"section\" data-e-type=\"section\">\n\t\t\t\t\t\t<div class=\"elementor-container elementor-column-gap-default\">\n\t\t\t\t\t<div class=\"elementor-column elementor-col-16 elementor-top-column elementor-element elementor-element-d5640a9\" data-id=\"d5640a9\" data-element_type=\"column\" data-e-type=\"column\">\n\t\t\t<div class=\"elementor-widget-wrap elementor-element-populated\">\n\t\t\t\t\t\t<div class=\"elementor-element elementor-element-858a3d6 elementor-view-default elementor-widget elementor-widget-icon\" data-id=\"858a3d6\" data-element_type=\"widget\" data-e-type=\"widget\" data-widget_type=\"icon.default\">\n\t\t\t\t<div class=\"elementor-widget-container\">\n\t\t\t\t\t\t\t<div class=\"elementor-icon-wrapper\">\n\t\t\t<a class=\"elementor-icon elementor-animation-grow\" href=\"https:\/\/artglassrevestimentos.mercadoshops.com.br\/?preview=&#038;mshops-cookie-isguest=false&#038;mshops-redirection-timestamp=1656436868223&#038;mshops-cookie-cp=02471010\" target=\"_blank\">\n\t\t\t<i aria-hidden=\"true\" class=\"fas fa-shopping-cart\"><\/i>\t\t\t<\/a>\n\t\t<\/div>\n\t\t\t\t\t\t<\/div>\n\t\t\t\t<\/div>\n\t\t\t\t\t<\/div>\n\t\t<\/div>\n\t\t\t\t<div class=\"elementor-column elementor-col-16 elementor-top-column elementor-element elementor-element-b9884ea\" data-id=\"b9884ea\" data-element_type=\"column\" data-e-type=\"column\">\n\t\t\t<div class=\"elementor-widget-wrap elementor-element-populated\">\n\t\t\t\t\t\t<div class=\"elementor-element elementor-element-e73a362 elementor-view-default elementor-widget elementor-widget-icon\" data-id=\"e73a362\" data-element_type=\"widget\" data-e-type=\"widget\" data-widget_type=\"icon.default\">\n\t\t\t\t<div class=\"elementor-widget-container\">\n\t\t\t\t\t\t\t<div class=\"elementor-icon-wrapper\">\n\t\t\t<a class=\"elementor-icon elementor-animation-grow\" href=\"https:\/\/api.whatsapp.com\/send?phone=5511988866970&#038;text=Ol\u00e1%21+estou+no+site+Art+Glass+Revest+e+gostaria+de+mais+informa\u00e7\u00f5es.\" target=\"_blank\">\n\t\t\t<i aria-hidden=\"true\" class=\"fab fa-whatsapp\"><\/i>\t\t\t<\/a>\n\t\t<\/div>\n\t\t\t\t\t\t<\/div>\n\t\t\t\t<\/div>\n\t\t\t\t\t<\/div>\n\t\t<\/div>\n\t\t\t\t<div class=\"elementor-column elementor-col-16 elementor-top-column elementor-element elementor-element-a667ce9\" data-id=\"a667ce9\" data-element_type=\"column\" data-e-type=\"column\">\n\t\t\t<div class=\"elementor-widget-wrap elementor-element-populated\">\n\t\t\t\t\t\t<div class=\"elementor-element elementor-element-f85cc6b elementor-view-default elementor-widget elementor-widget-icon\" data-id=\"f85cc6b\" data-element_type=\"widget\" data-e-type=\"widget\" data-widget_type=\"icon.default\">\n\t\t\t\t<div class=\"elementor-widget-container\">\n\t\t\t\t\t\t\t<div class=\"elementor-icon-wrapper\">\n\t\t\t<a class=\"elementor-icon elementor-animation-grow\" href=\"https:\/\/www.instagram.com\/art_glass_revestimentos\/\" target=\"_blank\">\n\t\t\t<i aria-hidden=\"true\" class=\"fab fa-instagram\"><\/i>\t\t\t<\/a>\n\t\t<\/div>\n\t\t\t\t\t\t<\/div>\n\t\t\t\t<\/div>\n\t\t\t\t\t<\/div>\n\t\t<\/div>\n\t\t\t\t<div class=\"elementor-column elementor-col-16 elementor-top-column elementor-element elementor-element-a2a5327\" data-id=\"a2a5327\" data-element_type=\"column\" data-e-type=\"column\">\n\t\t\t<div class=\"elementor-widget-wrap elementor-element-populated\">\n\t\t\t\t\t\t<div class=\"elementor-element elementor-element-7f51f94 elementor-view-default elementor-widget elementor-widget-icon\" data-id=\"7f51f94\" data-element_type=\"widget\" data-e-type=\"widget\" data-widget_type=\"icon.default\">\n\t\t\t\t<div class=\"elementor-widget-container\">\n\t\t\t\t\t\t\t<div class=\"elementor-icon-wrapper\">\n\t\t\t<a class=\"elementor-icon\" href=\"https:\/\/www.facebook.com\/artglassrevestimentos\/\" target=\"_blank\">\n\t\t\t<i aria-hidden=\"true\" class=\"fab fa-facebook\"><\/i>\t\t\t<\/a>\n\t\t<\/div>\n\t\t\t\t\t\t<\/div>\n\t\t\t\t<\/div>\n\t\t\t\t\t<\/div>\n\t\t<\/div>\n\t\t\t\t<div class=\"elementor-column elementor-col-16 elementor-top-column elementor-element elementor-element-1ad8e7d\" data-id=\"1ad8e7d\" data-element_type=\"column\" data-e-type=\"column\">\n\t\t\t<div class=\"elementor-widget-wrap elementor-element-populated\">\n\t\t\t\t\t\t<div class=\"elementor-element elementor-element-48baade elementor-view-default elementor-widget elementor-widget-icon\" data-id=\"48baade\" data-element_type=\"widget\" data-e-type=\"widget\" data-widget_type=\"icon.default\">\n\t\t\t\t<div class=\"elementor-widget-container\">\n\t\t\t\t\t\t\t<div class=\"elementor-icon-wrapper\">\n\t\t\t<a class=\"elementor-icon\" href=\"https:\/\/www.youtube.com\/channel\/UC-YLFqGSF0ICV6WdBO8jQUw\">\n\t\t\t<i aria-hidden=\"true\" class=\"fab fa-youtube-square\"><\/i>\t\t\t<\/a>\n\t\t<\/div>\n\t\t\t\t\t\t<\/div>\n\t\t\t\t<\/div>\n\t\t\t\t\t<\/div>\n\t\t<\/div>\n\t\t\t\t<div class=\"elementor-column elementor-col-16 elementor-top-column elementor-element elementor-element-38dffff\" data-id=\"38dffff\" data-element_type=\"column\" data-e-type=\"column\">\n\t\t\t<div class=\"elementor-widget-wrap elementor-element-populated\">\n\t\t\t\t\t\t<div class=\"elementor-element elementor-element-da02c8f elementor-view-default elementor-widget elementor-widget-icon\" data-id=\"da02c8f\" data-element_type=\"widget\" data-e-type=\"widget\" data-widget_type=\"icon.default\">\n\t\t\t\t<div class=\"elementor-widget-container\">\n\t\t\t\t\t\t\t<div class=\"elementor-icon-wrapper\">\n\t\t\t<div class=\"elementor-icon\">\n\t\t\t<i aria-hidden=\"true\" class=\"fas fa-mail-bulk\"><\/i>\t\t\t<\/div>\n\t\t<\/div>\n\t\t\t\t\t\t<\/div>\n\t\t\t\t<\/div>\n\t\t\t\t\t<\/div>\n\t\t<\/div>\n\t\t\t\t\t<\/div>\n\t\t<\/section>\n\t\t\t\t<\/div>\n\t\t","protected":false},"excerpt":{"rendered":"<p>ART GLASS REVESTIMENTOS TEM OS MELHORES PRE\u00c7OS E VARIEDADES DE PORCELANATO QUE IMITA MADEIRA PARA BANHEIRO Ambientes que possuem decora\u00e7\u00e3o em madeira ou at\u00e9 mesmo tons amadeirados nunca saem de moda na arquitetura e decora\u00e7\u00e3o . Esse modelo revela um ar de intimidade, aconchego, requinte e muito bom-gosto quando combinados adequadamente, por exemplo, com a [&hellip;]<\/p>\n","protected":false},"author":1,"featured_media":0,"parent":0,"menu_order":0,"comment_status":"closed","ping_status":"closed","template":"","meta":{"footnotes":""},"class_list":["post-494","page","type-page","status-publish","hentry"],"_links":{"self":[{"href":"https:\/\/artglassrevest.com.br\/index.php\/wp-json\/wp\/v2\/pages\/494","targetHints":{"allow":["GET"]}}],"collection":[{"href":"https:\/\/artglassrevest.com.br\/index.php\/wp-json\/wp\/v2\/pages"}],"about":[{"href":"https:\/\/artglassrevest.com.br\/index.php\/wp-json\/wp\/v2\/types\/page"}],"author":[{"embeddable":true,"href":"https:\/\/artglassrevest.com.br\/index.php\/wp-json\/wp\/v2\/users\/1"}],"replies":[{"embeddable":true,"href":"https:\/\/artglassrevest.com.br\/index.php\/wp-json\/wp\/v2\/comments?post=494"}],"version-history":[{"count":5,"href":"https:\/\/artglassrevest.com.br\/index.php\/wp-json\/wp\/v2\/pages\/494\/revisions"}],"predecessor-version":[{"id":1523,"href":"https:\/\/artglassrevest.com.br\/index.php\/wp-json\/wp\/v2\/pages\/494\/revisions\/1523"}],"wp:attachment":[{"href":"https:\/\/artglassrevest.com.br\/index.php\/wp-json\/wp\/v2\/media?parent=494"}],"curies":[{"name":"wp","href":"https:\/\/api.w.org\/{rel}","templated":true}]}}